{"id":30933,"date":"2023-12-19T21:34:04","date_gmt":"2023-12-19T21:34:04","guid":{"rendered":"https:\/\/e.kosmolat.eu\/product\/ld-superfood-mitrinoss-kerm-krems-fluids-avokado-un-fenhelis-240-g\/"},"modified":"2025-09-20T01:11:44","modified_gmt":"2025-09-20T01:11:44","slug":"ld-superfood-mitrinoss-kerm-krems-fluids-avokado-un-fenhelis-240-g","status":"publish","type":"product","link":"https:\/\/e.kosmolat.eu\/lv\/product\/ld-superfood-mitrinoss-kerm-krems-fluids-avokado-un-fenhelis-240-g\/","title":{"rendered":"LD Superfood Mitrino\u0161s \u0137erm.kr\u0113ms-flu\u012bds  Avokado un fenhelis, 240 g"},"content":{"rendered":"<p>Kr\u0113ms-flu\u012bds ar vieglu tekst\u016bru satur avokado e\u013c\u013cu, beta\u012bnu, dab\u012bgo Hydrovance kompleksu un padara \u0101du z\u012bdainu, gludu un mitrin\u0101tu.&nbsp;<\/p>\n<p><strong>Lieto&scaron;ana: <\/strong>ar mas\u0101\u017eas kust\u012bb\u0101m vienm\u0113r\u012bgi uzkl\u0101t kr\u0113mu uz \u0137erme\u0146a \u0101das l\u012bdz tas piln\u012bb\u0101 uzs\u016bcas.&nbsp;<\/p>\n<p>Uzglab\u0101t temperat\u016br\u0101 no 0 &deg;C l\u012bdz +25 &deg;C.<br \/>\n&nbsp;<\/p>\n","protected":false},"excerpt":{"rendered":"<p>Kr\u0113ms-flu\u012bds ar vieglu tekst\u016bru satur avokado e\u013c\u013cu, beta\u012bnu, dab\u012bgo Hydrovance kompleksu un padara \u0101du z\u012bdainu, gludu un mitrin\u0101tu.&nbsp; Lieto&scaron;ana: ar mas\u0101\u017eas kust\u012bb\u0101m vienm\u0113r\u012bgi uzkl\u0101t kr\u0113mu uz \u0137erme\u0146a \u0101das l\u012bdz tas piln\u012bb\u0101 uzs\u016bcas.&nbsp; Uzglab\u0101t temperat\u016br\u0101 no 0 &deg;C l\u012bdz +25 &deg;C. &nbsp;<\/p>\n","protected":false},"featured_media":88730,"template":"","meta":[],"product_cat":[1388],"product_tag":[],"class_list":{"0":"post-30933","1":"product","2":"type-product","3":"status-publish","4":"has-post-thumbnail","6":"product_brand-belgates_by","7":"product_cat-kermena-kremi-pienini-sviesti","9":"first","10":"outofstock","11":"taxable","12":"shipping-taxable","13":"product-type-simple"},"_links":{"self":[{"href":"https:\/\/e.kosmolat.eu\/lv\/wp-json\/wp\/v2\/product\/30933","targetHints":{"allow":["GET"]}}],"collection":[{"href":"https:\/\/e.kosmolat.eu\/lv\/wp-json\/wp\/v2\/product"}],"about":[{"href":"https:\/\/e.kosmolat.eu\/lv\/wp-json\/wp\/v2\/types\/product"}],"wp:featuredmedia":[{"embeddable":true,"href":"https:\/\/e.kosmolat.eu\/lv\/wp-json\/wp\/v2\/media\/88730"}],"wp:attachment":[{"href":"https:\/\/e.kosmolat.eu\/lv\/wp-json\/wp\/v2\/media?parent=30933"}],"wp:term":[{"taxonomy":"product_cat","embeddable":true,"href":"https:\/\/e.kosmolat.eu\/lv\/wp-json\/wp\/v2\/product_cat?post=30933"},{"taxonomy":"product_tag","embeddable":true,"href":"https:\/\/e.kosmolat.eu\/lv\/wp-json\/wp\/v2\/product_tag?post=30933"}],"curies":[{"name":"wp","href":"https:\/\/api.w.org\/{rel}","templated":true}]}}