{"id":30925,"date":"2023-12-19T21:33:24","date_gmt":"2023-12-19T21:33:24","guid":{"rendered":"https:\/\/e.kosmolat.eu\/product\/ld-superfood-kermena-krems-plivurs-ar-mirdz-ef-kirbis-un-ingvers-240-g\/"},"modified":"2025-09-20T01:11:17","modified_gmt":"2025-09-20T01:11:17","slug":"ld-superfood-kermena-krems-plivurs-ar-mirdz-ef-kirbis-un-ingvers-240-g","status":"publish","type":"product","link":"https:\/\/e.kosmolat.eu\/lv\/product\/ld-superfood-kermena-krems-plivurs-ar-mirdz-ef-kirbis-un-ingvers-240-g\/","title":{"rendered":"LD Superfood \u0136erme\u0146a kr\u0113ms-pl\u012bvurs ar mirdz.ef.\u0136irbis un ingvers, 240 g"},"content":{"rendered":"<p>Kr\u0113ms ar pikantu \u0137irbja un ingvera arom\u0101tu acumirkl\u012b uzs\u016bcas, mitrina un izl\u012bdzina \u0101du, atst\u0101jot uz t\u0101s zeltaini mirdzo&scaron;u d\u016bmaku. Dab\u012bg\u0101s mande\u013cu un makad\u0101mijas e\u013c\u013cas baro, m\u012bkstina un mitrina \u0137erme\u0146a \u0101du.&nbsp;<\/p>\n<p><strong>Lieto&scaron;ana: <\/strong>ar mas\u0101\u017eas kust\u012bb\u0101m vienm\u0113r\u012bgi uzkl\u0101t kr\u0113mu uz \u0137erme\u0146a \u0101das l\u012bdz tas piln\u012bb\u0101 uzs\u016bcas.&nbsp;<\/p>\n<p>Uzglab\u0101t temperat\u016br\u0101 no 0 &deg;C l\u012bdz +25 &deg;C.&nbsp;<br \/>\n&nbsp;<\/p>\n","protected":false},"excerpt":{"rendered":"<p>Kr\u0113ms ar pikantu \u0137irbja un ingvera arom\u0101tu acumirkl\u012b uzs\u016bcas, mitrina un izl\u012bdzina \u0101du, atst\u0101jot uz t\u0101s zeltaini mirdzo&scaron;u d\u016bmaku. Dab\u012bg\u0101s mande\u013cu un makad\u0101mijas e\u013c\u013cas baro, m\u012bkstina un mitrina \u0137erme\u0146a \u0101du.&nbsp; Lieto&scaron;ana: ar mas\u0101\u017eas kust\u012bb\u0101m vienm\u0113r\u012bgi uzkl\u0101t kr\u0113mu uz \u0137erme\u0146a \u0101das l\u012bdz tas piln\u012bb\u0101 uzs\u016bcas.&nbsp; Uzglab\u0101t temperat\u016br\u0101 no 0 &deg;C l\u012bdz +25 &deg;C.&nbsp; &nbsp;<\/p>\n","protected":false},"featured_media":88722,"template":"","meta":[],"product_cat":[1391],"product_tag":[],"class_list":{"0":"post-30925","1":"product","2":"type-product","3":"status-publish","4":"has-post-thumbnail","6":"product_brand-belgates_by","7":"product_cat-1391","9":"first","10":"outofstock","11":"taxable","12":"shipping-taxable","13":"product-type-simple"},"_links":{"self":[{"href":"https:\/\/e.kosmolat.eu\/lv\/wp-json\/wp\/v2\/product\/30925","targetHints":{"allow":["GET"]}}],"collection":[{"href":"https:\/\/e.kosmolat.eu\/lv\/wp-json\/wp\/v2\/product"}],"about":[{"href":"https:\/\/e.kosmolat.eu\/lv\/wp-json\/wp\/v2\/types\/product"}],"wp:featuredmedia":[{"embeddable":true,"href":"https:\/\/e.kosmolat.eu\/lv\/wp-json\/wp\/v2\/media\/88722"}],"wp:attachment":[{"href":"https:\/\/e.kosmolat.eu\/lv\/wp-json\/wp\/v2\/media?parent=30925"}],"wp:term":[{"taxonomy":"product_cat","embeddable":true,"href":"https:\/\/e.kosmolat.eu\/lv\/wp-json\/wp\/v2\/product_cat?post=30925"},{"taxonomy":"product_tag","embeddable":true,"href":"https:\/\/e.kosmolat.eu\/lv\/wp-json\/wp\/v2\/product_tag?post=30925"}],"curies":[{"name":"wp","href":"https:\/\/api.w.org\/{rel}","templated":true}]}}