{"id":30921,"date":"2023-12-19T21:33:07","date_gmt":"2023-12-19T21:33:07","guid":{"rendered":"https:\/\/e.kosmolat.eu\/product\/ld-superfood-ekstrabar-kermena-sviests-kokosrieksts-un-licijas-240-g\/"},"modified":"2025-09-20T01:10:59","modified_gmt":"2025-09-20T01:10:59","slug":"ld-superfood-ekstrabar-kermena-sviests-kokosrieksts-un-licijas-240-g","status":"publish","type":"product","link":"https:\/\/e.kosmolat.eu\/lv\/product\/ld-superfood-ekstrabar-kermena-sviests-kokosrieksts-un-licijas-240-g\/","title":{"rendered":"LD Superfood Ekstrabar.\u0137erme\u0146a sviests Kokosrieksts un l\u012b\u010dijas, 240 g"},"content":{"rendered":"<p>\u0136erme\u0146a sviests ar kokosrieksta arom\u0101tu dzi\u013ci baro, nomierina un m\u012bkstina raupjo elko\u0146u, ce\u013cgalu un p\u0113du \u0101du. Dab\u012bg\u0101m &scaron;\u012b, kokosrieksta, mandeles, valrieksta un avokado e\u013c\u013c\u0101m piem\u012bt antioksidanta iedarb\u012bba, tie pal\u012bdz atjaunot \u0101das lip\u012bdu barjeru, m\u012bkstina un uztur \u016bdens l\u012bdzsvaru.&nbsp;<\/p>\n<p><strong>Lieto&scaron;ana: <\/strong>ar mas\u0101\u017eas kust\u012bb\u0101m vienm\u0113r\u012bgi uzkl\u0101t l\u012bdzekli uz \u0137erme\u0146a \u0101das l\u012bdz tas piln\u012bb\u0101 uzs\u016bcas.&nbsp;<\/p>\n<p>Uzglab\u0101t temperat\u016br\u0101 no 0 &deg;C l\u012bdz +25 &deg;C.<br \/>\n&nbsp;<\/p>\n","protected":false},"excerpt":{"rendered":"<p>\u0136erme\u0146a sviests ar kokosrieksta arom\u0101tu dzi\u013ci baro, nomierina un m\u012bkstina raupjo elko\u0146u, ce\u013cgalu un p\u0113du \u0101du. Dab\u012bg\u0101m &scaron;\u012b, kokosrieksta, mandeles, valrieksta un avokado e\u013c\u013c\u0101m piem\u012bt antioksidanta iedarb\u012bba, tie pal\u012bdz atjaunot \u0101das lip\u012bdu barjeru, m\u012bkstina un uztur \u016bdens l\u012bdzsvaru.&nbsp; Lieto&scaron;ana: ar mas\u0101\u017eas kust\u012bb\u0101m vienm\u0113r\u012bgi uzkl\u0101t l\u012bdzekli uz \u0137erme\u0146a \u0101das l\u012bdz tas piln\u012bb\u0101 uzs\u016bcas.&nbsp; Uzglab\u0101t temperat\u016br\u0101 no [&#8230;]\n","protected":false},"featured_media":88718,"template":"","meta":[],"product_cat":[1390],"product_tag":[],"class_list":{"0":"post-30921","1":"product","2":"type-product","3":"status-publish","4":"has-post-thumbnail","6":"product_brand-belgates_by","7":"product_cat-kremai-aliejai-kuno-pienelis","9":"first","10":"outofstock","11":"taxable","12":"shipping-taxable","13":"product-type-simple"},"_links":{"self":[{"href":"https:\/\/e.kosmolat.eu\/lv\/wp-json\/wp\/v2\/product\/30921","targetHints":{"allow":["GET"]}}],"collection":[{"href":"https:\/\/e.kosmolat.eu\/lv\/wp-json\/wp\/v2\/product"}],"about":[{"href":"https:\/\/e.kosmolat.eu\/lv\/wp-json\/wp\/v2\/types\/product"}],"wp:featuredmedia":[{"embeddable":true,"href":"https:\/\/e.kosmolat.eu\/lv\/wp-json\/wp\/v2\/media\/88718"}],"wp:attachment":[{"href":"https:\/\/e.kosmolat.eu\/lv\/wp-json\/wp\/v2\/media?parent=30921"}],"wp:term":[{"taxonomy":"product_cat","embeddable":true,"href":"https:\/\/e.kosmolat.eu\/lv\/wp-json\/wp\/v2\/product_cat?post=30921"},{"taxonomy":"product_tag","embeddable":true,"href":"https:\/\/e.kosmolat.eu\/lv\/wp-json\/wp\/v2\/product_tag?post=30921"}],"curies":[{"name":"wp","href":"https:\/\/api.w.org\/{rel}","templated":true}]}}