{"id":30901,"date":"2023-12-19T21:31:22","date_gmt":"2023-12-19T21:31:22","guid":{"rendered":"https:\/\/e.kosmolat.eu\/product\/ingrid-nagu-lakas-nonemejs-bez-acetona-150-ml\/"},"modified":"2025-09-20T01:09:57","modified_gmt":"2025-09-20T01:09:57","slug":"ingrid-nagu-lakas-nonemejs-bez-acetona-150-ml","status":"publish","type":"product","link":"https:\/\/e.kosmolat.eu\/lv\/product\/ingrid-nagu-lakas-nonemejs-bez-acetona-150-ml\/","title":{"rendered":"INGRID Nagu lakas no\u0146\u0113m\u0113js bez acetona, 150 ml"},"content":{"rendered":"<p>Satur avokado e\u013c\u013cu un vitam\u012bnus E un C. \u0100tri un efekt\u012bvi no\u0146em jebk\u0101da veida nagu laku. Akt\u012bv\u0101s sast\u0101vda\u013cas stiprina un baro naga virsmu bez bl\u0101vuma efekta. Piem\u0113rots ar\u012b m\u0101ksl\u012bgiem nagiem. Dermatolo\u0123iski p\u0101rbaud\u012bts.&nbsp;<\/p>\n<p>Uzman\u012bbu! Sarg\u0101t no b\u0113rniem. Tur\u0113t prom no karstuma, karst\u0101m virsm\u0101m, dzirkstel\u0113m, atv\u0113rtas liesmas un citiem aizdeg&scaron;an\u0101s avotiem. Nepie\u013caut saskari ar pul\u0113t\u0101m virsm\u0101m un sint\u0113tiskiem audumiem.&nbsp;<br \/>\n&nbsp;<\/p>\n","protected":false},"excerpt":{"rendered":"<p>Satur avokado e\u013c\u013cu un vitam\u012bnus E un C. \u0100tri un efekt\u012bvi no\u0146em jebk\u0101da veida nagu laku. Akt\u012bv\u0101s sast\u0101vda\u013cas stiprina un baro naga virsmu bez bl\u0101vuma efekta. Piem\u0113rots ar\u012b m\u0101ksl\u012bgiem nagiem. Dermatolo\u0123iski p\u0101rbaud\u012bts.&nbsp; Uzman\u012bbu! Sarg\u0101t no b\u0113rniem. Tur\u0113t prom no karstuma, karst\u0101m virsm\u0101m, dzirkstel\u0113m, atv\u0113rtas liesmas un citiem aizdeg&scaron;an\u0101s avotiem. Nepie\u013caut saskari ar pul\u0113t\u0101m virsm\u0101m un [&#8230;]\n","protected":false},"featured_media":88698,"template":"","meta":[],"product_cat":[1528],"product_tag":[],"class_list":{"0":"post-30901","1":"product","2":"type-product","3":"status-publish","4":"has-post-thumbnail","6":"product_brand-malina-akcija","7":"product_cat-nagu-lako-valikliai","9":"first","10":"outofstock","11":"taxable","12":"shipping-taxable","13":"product-type-simple"},"_links":{"self":[{"href":"https:\/\/e.kosmolat.eu\/lv\/wp-json\/wp\/v2\/product\/30901","targetHints":{"allow":["GET"]}}],"collection":[{"href":"https:\/\/e.kosmolat.eu\/lv\/wp-json\/wp\/v2\/product"}],"about":[{"href":"https:\/\/e.kosmolat.eu\/lv\/wp-json\/wp\/v2\/types\/product"}],"wp:featuredmedia":[{"embeddable":true,"href":"https:\/\/e.kosmolat.eu\/lv\/wp-json\/wp\/v2\/media\/88698"}],"wp:attachment":[{"href":"https:\/\/e.kosmolat.eu\/lv\/wp-json\/wp\/v2\/media?parent=30901"}],"wp:term":[{"taxonomy":"product_cat","embeddable":true,"href":"https:\/\/e.kosmolat.eu\/lv\/wp-json\/wp\/v2\/product_cat?post=30901"},{"taxonomy":"product_tag","embeddable":true,"href":"https:\/\/e.kosmolat.eu\/lv\/wp-json\/wp\/v2\/product_tag?post=30901"}],"curies":[{"name":"wp","href":"https:\/\/api.w.org\/{rel}","templated":true}]}}