{"id":30889,"date":"2023-12-19T21:30:24","date_gmt":"2023-12-19T21:30:24","guid":{"rendered":"https:\/\/e.kosmolat.eu\/product\/vollare-caviar-nakts-sejas-krems-ar-melno-ikru-ekstraktu-50-ml\/"},"modified":"2025-09-20T01:09:15","modified_gmt":"2025-09-20T01:09:15","slug":"vollare-caviar-nakts-sejas-krems-ar-melno-ikru-ekstraktu-50-ml","status":"publish","type":"product","link":"https:\/\/e.kosmolat.eu\/lv\/product\/vollare-caviar-nakts-sejas-krems-ar-melno-ikru-ekstraktu-50-ml\/","title":{"rendered":"VOLLARE Caviar Nakts sejas kr\u0113ms ar melno ikru ekstraktu, 50 ml"},"content":{"rendered":"<p>Bag\u0101t\u012bgas tekst\u016bras kr\u0113ms padara \u0101du gludu un m\u012bkstu. Hialuronsk\u0101be notur \u016bdeni \u0101d\u0101, &scaron;\u012b sviests baro \u0101du, savuk\u0101rt pantenols, E vitam\u012bns un pept\u012bdi uzlabo \u0101das kop\u0113jo st\u0101vokli un izskatu.<\/p>\n<p><strong>Lieto&scaron;ana: <\/strong>ar viegl\u0101m mas\u0101\u017eas kust\u012bb\u0101m uzkl\u0101t nelielu kr\u0113ma daudzumu uz sejas \u0101das un \u013caut uzs\u016bkties. Lietot katru vakaru p\u0113c sejas \u0101das att\u012br\u012b&scaron;anas.<br \/>\n&nbsp;<\/p>\n","protected":false},"excerpt":{"rendered":"<p>Bag\u0101t\u012bgas tekst\u016bras kr\u0113ms padara \u0101du gludu un m\u012bkstu. Hialuronsk\u0101be notur \u016bdeni \u0101d\u0101, &scaron;\u012b sviests baro \u0101du, savuk\u0101rt pantenols, E vitam\u012bns un pept\u012bdi uzlabo \u0101das kop\u0113jo st\u0101vokli un izskatu. Lieto&scaron;ana: ar viegl\u0101m mas\u0101\u017eas kust\u012bb\u0101m uzkl\u0101t nelielu kr\u0113ma daudzumu uz sejas \u0101das un \u013caut uzs\u016bkties. Lietot katru vakaru p\u0113c sejas \u0101das att\u012br\u012b&scaron;anas. &nbsp;<\/p>\n","protected":false},"featured_media":88686,"template":"","meta":[],"product_cat":[1322],"product_tag":[],"class_list":{"0":"post-30889","1":"product","2":"type-product","3":"status-publish","4":"has-post-thumbnail","6":"product_brand-malina-akcija","7":"product_cat-veido-kremai","9":"first","10":"outofstock","11":"taxable","12":"shipping-taxable","13":"product-type-simple"},"_links":{"self":[{"href":"https:\/\/e.kosmolat.eu\/lv\/wp-json\/wp\/v2\/product\/30889","targetHints":{"allow":["GET"]}}],"collection":[{"href":"https:\/\/e.kosmolat.eu\/lv\/wp-json\/wp\/v2\/product"}],"about":[{"href":"https:\/\/e.kosmolat.eu\/lv\/wp-json\/wp\/v2\/types\/product"}],"wp:featuredmedia":[{"embeddable":true,"href":"https:\/\/e.kosmolat.eu\/lv\/wp-json\/wp\/v2\/media\/88686"}],"wp:attachment":[{"href":"https:\/\/e.kosmolat.eu\/lv\/wp-json\/wp\/v2\/media?parent=30889"}],"wp:term":[{"taxonomy":"product_cat","embeddable":true,"href":"https:\/\/e.kosmolat.eu\/lv\/wp-json\/wp\/v2\/product_cat?post=30889"},{"taxonomy":"product_tag","embeddable":true,"href":"https:\/\/e.kosmolat.eu\/lv\/wp-json\/wp\/v2\/product_tag?post=30889"}],"curies":[{"name":"wp","href":"https:\/\/api.w.org\/{rel}","templated":true}]}}