{"id":30885,"date":"2023-12-19T21:30:05","date_gmt":"2023-12-19T21:30:05","guid":{"rendered":"https:\/\/e.kosmolat.eu\/product\/vollare-caviar-dienas-sejas-krems-spf-30-50-ml\/"},"modified":"2025-09-20T01:09:00","modified_gmt":"2025-09-20T01:09:00","slug":"vollare-caviar-dienas-sejas-krems-spf-30-50-ml","status":"publish","type":"product","link":"https:\/\/e.kosmolat.eu\/lv\/product\/vollare-caviar-dienas-sejas-krems-spf-30-50-ml\/","title":{"rendered":"VOLLARE Caviar Dienas sejas kr\u0113ms SPF 30, 50 ml"},"content":{"rendered":"<p>Kompleks\u0101 kr\u0113ma formula veicina sausas, jut\u012bgas \u0101das kop&scaron;anu.&nbsp;<\/p>\n<p>Ikru ekstrakts, hialuronsk\u0101be, pantenols, &scaron;\u012b sviests, E vitam\u012bns un pept\u012bdi kop\u0101 veido aizsargsl\u0101ni, kas pal\u012bdz mitrin\u0101t, barot un aizsarg\u0101t \u0101du no p\u0101r\u017e\u016b&scaron;anas.<\/p>\n<p><strong>Lieto&scaron;ana:<\/strong> uzkl\u0101t nelielu kr\u0113ma daudzumu uz sejas \u0101das, nedaudz paplik&scaron;\u0137\u0113jot \u0101du ar pirkstu gali\u0146iem, un \u013caut uzs\u016bkties. Lietot katru r\u012btu p\u0113c \u0101das att\u012br\u012b&scaron;anas.&nbsp;<br \/>\n&nbsp;<\/p>\n","protected":false},"excerpt":{"rendered":"<p>Kompleks\u0101 kr\u0113ma formula veicina sausas, jut\u012bgas \u0101das kop&scaron;anu.&nbsp; Ikru ekstrakts, hialuronsk\u0101be, pantenols, &scaron;\u012b sviests, E vitam\u012bns un pept\u012bdi kop\u0101 veido aizsargsl\u0101ni, kas pal\u012bdz mitrin\u0101t, barot un aizsarg\u0101t \u0101du no p\u0101r\u017e\u016b&scaron;anas. Lieto&scaron;ana: uzkl\u0101t nelielu kr\u0113ma daudzumu uz sejas \u0101das, nedaudz paplik&scaron;\u0137\u0113jot \u0101du ar pirkstu gali\u0146iem, un \u013caut uzs\u016bkties. Lietot katru r\u012btu p\u0113c \u0101das att\u012br\u012b&scaron;anas.&nbsp; &nbsp;<\/p>\n","protected":false},"featured_media":88682,"template":"","meta":[],"product_cat":[1322],"product_tag":[],"class_list":{"0":"post-30885","1":"product","2":"type-product","3":"status-publish","4":"has-post-thumbnail","6":"product_brand-malina-akcija","7":"product_cat-veido-kremai","9":"first","10":"outofstock","11":"taxable","12":"shipping-taxable","13":"product-type-simple"},"_links":{"self":[{"href":"https:\/\/e.kosmolat.eu\/lv\/wp-json\/wp\/v2\/product\/30885","targetHints":{"allow":["GET"]}}],"collection":[{"href":"https:\/\/e.kosmolat.eu\/lv\/wp-json\/wp\/v2\/product"}],"about":[{"href":"https:\/\/e.kosmolat.eu\/lv\/wp-json\/wp\/v2\/types\/product"}],"wp:featuredmedia":[{"embeddable":true,"href":"https:\/\/e.kosmolat.eu\/lv\/wp-json\/wp\/v2\/media\/88682"}],"wp:attachment":[{"href":"https:\/\/e.kosmolat.eu\/lv\/wp-json\/wp\/v2\/media?parent=30885"}],"wp:term":[{"taxonomy":"product_cat","embeddable":true,"href":"https:\/\/e.kosmolat.eu\/lv\/wp-json\/wp\/v2\/product_cat?post=30885"},{"taxonomy":"product_tag","embeddable":true,"href":"https:\/\/e.kosmolat.eu\/lv\/wp-json\/wp\/v2\/product_tag?post=30885"}],"curies":[{"name":"wp","href":"https:\/\/api.w.org\/{rel}","templated":true}]}}