{"id":30881,"date":"2023-12-19T21:29:49","date_gmt":"2023-12-19T21:29:49","guid":{"rendered":"https:\/\/e.kosmolat.eu\/product\/vollare-detox-micel-udens-ar-sarkano-algu-ekstr-un-koenzimu-q10-400-ml\/"},"modified":"2026-04-11T18:43:26","modified_gmt":"2026-04-11T18:43:26","slug":"i_vollare-detox-micel-udens-ar-sarkano-algu-ekstr-un-koenzimu-q10-400-ml","status":"publish","type":"product","link":"https:\/\/e.kosmolat.eu\/lv\/product\/i_vollare-detox-micel-udens-ar-sarkano-algu-ekstr-un-koenzimu-q10-400-ml\/","title":{"rendered":"I_VOLLARE Detox Micel.\u016bdens ar sarkano a\u013c\u0123u ekstr.un koenz\u012bmu Q10, 400 ml"},"content":{"rendered":"<p>Visiem \u0101das tipiem. Micellas l\u012bdzek\u013ca sast\u0101v\u0101 lieliski likvid\u0113 net\u012brumus un att\u012bra seju, acis un l\u016bpas no makij\u0101\u017eas. Glicer\u012bns nov\u0113r&scaron; transepiderm\u0101lo \u016bdens zudumu. Pantenols nomierina kairin\u0101tu \u0101du, padarot to t\u012bru un svaigu.&nbsp;<\/p>\n<p><strong>Lieto&scaron;ana: <\/strong>att\u012briet sejas, acu, kakla un dekolt\u0113 zonas \u0101du ar vates disku, kas pies\u016bcin\u0101ts ar micel\u0101ro \u016bdeni.&nbsp;<br \/>\n&nbsp;<\/p>\n","protected":false},"excerpt":{"rendered":"<p>Visiem \u0101das tipiem. Micellas l\u012bdzek\u013ca sast\u0101v\u0101 lieliski likvid\u0113 net\u012brumus un att\u012bra seju, acis un l\u016bpas no makij\u0101\u017eas. Glicer\u012bns nov\u0113r&scaron; transepiderm\u0101lo \u016bdens zudumu. Pantenols nomierina kairin\u0101tu \u0101du, padarot to t\u012bru un svaigu.&nbsp; Lieto&scaron;ana: att\u012briet sejas, acu, kakla un dekolt\u0113 zonas \u0101du ar vates disku, kas pies\u016bcin\u0101ts ar micel\u0101ro \u016bdeni.&nbsp; &nbsp;<\/p>\n","protected":false},"featured_media":88678,"template":"","meta":[],"product_cat":[1568],"product_tag":[],"class_list":{"0":"post-30881","1":"product","2":"type-product","3":"status-publish","4":"has-post-thumbnail","6":"product_brand-sale","7":"product_cat-micelarais-udens","9":"first","10":"outofstock","11":"taxable","12":"shipping-taxable","13":"product-type-simple"},"_links":{"self":[{"href":"https:\/\/e.kosmolat.eu\/lv\/wp-json\/wp\/v2\/product\/30881","targetHints":{"allow":["GET"]}}],"collection":[{"href":"https:\/\/e.kosmolat.eu\/lv\/wp-json\/wp\/v2\/product"}],"about":[{"href":"https:\/\/e.kosmolat.eu\/lv\/wp-json\/wp\/v2\/types\/product"}],"wp:featuredmedia":[{"embeddable":true,"href":"https:\/\/e.kosmolat.eu\/lv\/wp-json\/wp\/v2\/media\/88678"}],"wp:attachment":[{"href":"https:\/\/e.kosmolat.eu\/lv\/wp-json\/wp\/v2\/media?parent=30881"}],"wp:term":[{"taxonomy":"product_cat","embeddable":true,"href":"https:\/\/e.kosmolat.eu\/lv\/wp-json\/wp\/v2\/product_cat?post=30881"},{"taxonomy":"product_tag","embeddable":true,"href":"https:\/\/e.kosmolat.eu\/lv\/wp-json\/wp\/v2\/product_tag?post=30881"}],"curies":[{"name":"wp","href":"https:\/\/api.w.org\/{rel}","templated":true}]}}