{"id":30869,"date":"2023-12-19T21:28:55","date_gmt":"2023-12-19T21:28:55","guid":{"rendered":"https:\/\/e.kosmolat.eu\/product\/vollare-detox-anti-pollution-nakts-sej-kr-atjaun-50-ml\/"},"modified":"2026-01-12T14:48:28","modified_gmt":"2026-01-12T14:48:28","slug":"vollare-detox-anti-pollution-nakts-sej-kr-atjaun-50-ml","status":"publish","type":"product","link":"https:\/\/e.kosmolat.eu\/lv\/product\/vollare-detox-anti-pollution-nakts-sej-kr-atjaun-50-ml\/","title":{"rendered":"VOLLARE Detox Anti-Pollution Nakts sej.kr.atjaun., 50 ml"},"content":{"rendered":"<p>Mitrina un stiprina \u0101du, vienlaikus aizsarg\u0101jot pret oksidat\u012bv\u0101 stresa sek\u0101m. Koenz\u012bms Q10 un E vitam\u012bns veicina \u0101das atjauno&scaron;anos miega laik\u0101, izl\u012bdzina grumbas un nov\u0113r&scaron; noveco&scaron;an\u0101s paz\u012bmju par\u0101d\u012b&scaron;anos. C vitam\u012bns atsvaidzina un uzlabo \u0101das toni. Aktiv\u0113t\u0101 ogle pal\u012bdz att\u012br\u012bt \u0101du no uzkr\u0101tajiem net\u012brumiem un toks\u012bniem. \u0100da k\u013c\u016bst mirdzo&scaron;a, gluda un svaiga.<\/p>\n<p><strong>Lieto&scaron;ana:<\/strong> katru dienu uzkl\u0101t uz t\u012bras sejas, kakla un dekolt\u0113 zonas \u0101das, maigi iemas\u0113jot.<br \/>\n&nbsp;<\/p>\n","protected":false},"excerpt":{"rendered":"<p>Mitrina un stiprina \u0101du, vienlaikus aizsarg\u0101jot pret oksidat\u012bv\u0101 stresa sek\u0101m. Koenz\u012bms Q10 un E vitam\u012bns veicina \u0101das atjauno&scaron;anos miega laik\u0101, izl\u012bdzina grumbas un nov\u0113r&scaron; noveco&scaron;an\u0101s paz\u012bmju par\u0101d\u012b&scaron;anos. C vitam\u012bns atsvaidzina un uzlabo \u0101das toni. Aktiv\u0113t\u0101 ogle pal\u012bdz att\u012br\u012bt \u0101du no uzkr\u0101tajiem net\u012brumiem un toks\u012bniem. \u0100da k\u013c\u016bst mirdzo&scaron;a, gluda un svaiga. Lieto&scaron;ana: katru dienu uzkl\u0101t uz [&#8230;]\n","protected":false},"featured_media":88666,"template":"","meta":[],"product_cat":[2181],"product_tag":[],"class_list":{"0":"post-30869","1":"product","2":"type-product","3":"status-publish","4":"has-post-thumbnail","6":"product_brand-verona_pl","7":"product_cat-bez-kategorijas-lt","9":"first","10":"instock","11":"taxable","12":"shipping-taxable","13":"product-type-simple"},"_links":{"self":[{"href":"https:\/\/e.kosmolat.eu\/lv\/wp-json\/wp\/v2\/product\/30869","targetHints":{"allow":["GET"]}}],"collection":[{"href":"https:\/\/e.kosmolat.eu\/lv\/wp-json\/wp\/v2\/product"}],"about":[{"href":"https:\/\/e.kosmolat.eu\/lv\/wp-json\/wp\/v2\/types\/product"}],"wp:featuredmedia":[{"embeddable":true,"href":"https:\/\/e.kosmolat.eu\/lv\/wp-json\/wp\/v2\/media\/88666"}],"wp:attachment":[{"href":"https:\/\/e.kosmolat.eu\/lv\/wp-json\/wp\/v2\/media?parent=30869"}],"wp:term":[{"taxonomy":"product_cat","embeddable":true,"href":"https:\/\/e.kosmolat.eu\/lv\/wp-json\/wp\/v2\/product_cat?post=30869"},{"taxonomy":"product_tag","embeddable":true,"href":"https:\/\/e.kosmolat.eu\/lv\/wp-json\/wp\/v2\/product_tag?post=30869"}],"curies":[{"name":"wp","href":"https:\/\/api.w.org\/{rel}","templated":true}]}}