{"id":30849,"date":"2023-12-19T21:27:38","date_gmt":"2023-12-19T21:27:38","guid":{"rendered":"https:\/\/e.kosmolat.eu\/product\/lv-acu-enas-color-matt-tonis-11\/"},"modified":"2025-09-20T00:58:52","modified_gmt":"2025-09-20T00:58:52","slug":"lv-acu-enas-color-matt-tonis-11","status":"publish","type":"product","link":"https:\/\/e.kosmolat.eu\/lv\/product\/lv-acu-enas-color-matt-tonis-11\/","title":{"rendered":"LV Acu \u0113nas Color Matt, tonis 11"},"content":{"rendered":"<p><strong>Lieto&scaron;ana: <\/strong>uzkl\u0101jiet uz acu plaksti\u0146iem ar oti\u0146as pal\u012bdz\u012bbu.<\/p>\n<p>Uzglab\u0101t temperat\u016br\u0101 no +10 &deg;C l\u012bdz +25 &deg;C.&nbsp;<br \/>\n&nbsp;<\/p>\n","protected":false},"excerpt":{"rendered":"<p>Lieto&scaron;ana: uzkl\u0101jiet uz acu plaksti\u0146iem ar oti\u0146as pal\u012bdz\u012bbu. Uzglab\u0101t temperat\u016br\u0101 no +10 &deg;C l\u012bdz +25 &deg;C.&nbsp; &nbsp;<\/p>\n","protected":false},"featured_media":88518,"template":"","meta":[],"product_cat":[1295],"product_tag":[],"class_list":{"0":"post-30849","1":"product","2":"type-product","3":"status-publish","4":"has-post-thumbnail","6":"product_brand-lux-visage_by","7":"product_cat-akiu-seseliai","9":"first","10":"instock","11":"taxable","12":"shipping-taxable","13":"product-type-simple"},"_links":{"self":[{"href":"https:\/\/e.kosmolat.eu\/lv\/wp-json\/wp\/v2\/product\/30849","targetHints":{"allow":["GET"]}}],"collection":[{"href":"https:\/\/e.kosmolat.eu\/lv\/wp-json\/wp\/v2\/product"}],"about":[{"href":"https:\/\/e.kosmolat.eu\/lv\/wp-json\/wp\/v2\/types\/product"}],"wp:featuredmedia":[{"embeddable":true,"href":"https:\/\/e.kosmolat.eu\/lv\/wp-json\/wp\/v2\/media\/88518"}],"wp:attachment":[{"href":"https:\/\/e.kosmolat.eu\/lv\/wp-json\/wp\/v2\/media?parent=30849"}],"wp:term":[{"taxonomy":"product_cat","embeddable":true,"href":"https:\/\/e.kosmolat.eu\/lv\/wp-json\/wp\/v2\/product_cat?post=30849"},{"taxonomy":"product_tag","embeddable":true,"href":"https:\/\/e.kosmolat.eu\/lv\/wp-json\/wp\/v2\/product_tag?post=30849"}],"curies":[{"name":"wp","href":"https:\/\/api.w.org\/{rel}","templated":true}]}}