{"id":30841,"date":"2023-12-19T21:26:59","date_gmt":"2023-12-19T21:26:59","guid":{"rendered":"https:\/\/e.kosmolat.eu\/product\/lv-ton-krems-korektors-maskejoss-tonis-110\/"},"modified":"2025-09-20T00:58:25","modified_gmt":"2025-09-20T00:58:25","slug":"lv-ton-krems-korektors-maskejoss-tonis-110","status":"publish","type":"product","link":"https:\/\/e.kosmolat.eu\/lv\/product\/lv-ton-krems-korektors-maskejoss-tonis-110\/","title":{"rendered":"LV Ton.kr\u0113ms-korektors mask\u0113jo\u0161s, tonis 110"},"content":{"rendered":"<p>Probl\u0113mzonu mask\u0113&scaron;anai un mat\u0113&scaron;anai. Mask\u0113 nepiln\u012bbas, izl\u012bdzina \u0101das toni. Veido bl\u012bvu 24 stundu notur\u012bgu p\u0101rkl\u0101jumu ar nevainojamu mat\u0113tu kl\u0101jumu.<\/p>\n<p><strong>Lieto&scaron;ana: <\/strong>vienm\u0113r\u012bgi uzkl\u0101jiet uz probl\u0113mzon\u0101m, vai uz visas sejas \u0101das.<\/p>\n<p>Uzglab\u0101t temperat\u016br\u0101 no +5 &deg;\u0421 l\u012bdz +25 &deg;\u0421 saus\u0101 viet\u0101 prom no apkures ier\u012bc\u0113m, sarg\u0101jot no tie&scaron;iem saules stariem.<br \/>\n&nbsp;<\/p>\n","protected":false},"excerpt":{"rendered":"<p>Probl\u0113mzonu mask\u0113&scaron;anai un mat\u0113&scaron;anai. Mask\u0113 nepiln\u012bbas, izl\u012bdzina \u0101das toni. Veido bl\u012bvu 24 stundu notur\u012bgu p\u0101rkl\u0101jumu ar nevainojamu mat\u0113tu kl\u0101jumu. Lieto&scaron;ana: vienm\u0113r\u012bgi uzkl\u0101jiet uz probl\u0113mzon\u0101m, vai uz visas sejas \u0101das. Uzglab\u0101t temperat\u016br\u0101 no +5 &deg;\u0421 l\u012bdz +25 &deg;\u0421 saus\u0101 viet\u0101 prom no apkures ier\u012bc\u0113m, sarg\u0101jot no tie&scaron;iem saules stariem. &nbsp;<\/p>\n","protected":false},"featured_media":88510,"template":"","meta":[],"product_cat":[1488],"product_tag":[],"class_list":{"0":"post-30841","1":"product","2":"type-product","3":"status-publish","4":"has-post-thumbnail","6":"product_brand-lux-visage_by","7":"product_cat-korektori","9":"first","10":"outofstock","11":"taxable","12":"shipping-taxable","13":"product-type-simple"},"_links":{"self":[{"href":"https:\/\/e.kosmolat.eu\/lv\/wp-json\/wp\/v2\/product\/30841","targetHints":{"allow":["GET"]}}],"collection":[{"href":"https:\/\/e.kosmolat.eu\/lv\/wp-json\/wp\/v2\/product"}],"about":[{"href":"https:\/\/e.kosmolat.eu\/lv\/wp-json\/wp\/v2\/types\/product"}],"wp:featuredmedia":[{"embeddable":true,"href":"https:\/\/e.kosmolat.eu\/lv\/wp-json\/wp\/v2\/media\/88510"}],"wp:attachment":[{"href":"https:\/\/e.kosmolat.eu\/lv\/wp-json\/wp\/v2\/media?parent=30841"}],"wp:term":[{"taxonomy":"product_cat","embeddable":true,"href":"https:\/\/e.kosmolat.eu\/lv\/wp-json\/wp\/v2\/product_cat?post=30841"},{"taxonomy":"product_tag","embeddable":true,"href":"https:\/\/e.kosmolat.eu\/lv\/wp-json\/wp\/v2\/product_tag?post=30841"}],"curies":[{"name":"wp","href":"https:\/\/api.w.org\/{rel}","templated":true}]}}