{"id":30833,"date":"2023-12-19T21:26:22","date_gmt":"2023-12-19T21:26:22","guid":{"rendered":"https:\/\/e.kosmolat.eu\/product\/lv-gaismu-atstar-konsileris-10-ultra-hd-soft-focus-12h\/"},"modified":"2025-09-20T01:20:50","modified_gmt":"2025-09-20T01:20:50","slug":"lv-gaismu-atstar-konsileris-10-ultra-hd-soft-focus-12h-3-7-g","status":"publish","type":"product","link":"https:\/\/e.kosmolat.eu\/lv\/product\/lv-gaismu-atstar-konsileris-10-ultra-hd-soft-focus-12h-3-7-g\/","title":{"rendered":"LV Gaismu atstar.kons\u012bleris, 10, Ultra HD Soft Focus 12H, 3.7 g"},"content":{"rendered":"<p><strong>Lieto&scaron;ana:<\/strong> uzkl\u0101jiet nepiecie&scaron;amo korektora daudzumu zem ac\u012bm un uz problem\u0101tiskaj\u0101m \u0101das viet\u0101m, izl\u012bdzin\u0101t.<\/p>\n<p>Uzglab\u0101t temperat\u016br\u0101 no +5 &deg;C l\u012bdz +25 &deg;C.&nbsp;<br \/>\n&nbsp;<\/p>\n","protected":false},"excerpt":{"rendered":"<p>Lieto&scaron;ana: uzkl\u0101jiet nepiecie&scaron;amo korektora daudzumu zem ac\u012bm un uz problem\u0101tiskaj\u0101m \u0101das viet\u0101m, izl\u012bdzin\u0101t. Uzglab\u0101t temperat\u016br\u0101 no +5 &deg;C l\u012bdz +25 &deg;C.&nbsp; &nbsp;<\/p>\n","protected":false},"featured_media":88882,"template":"","meta":[],"product_cat":[1488],"product_tag":[],"class_list":{"0":"post-30833","1":"product","2":"type-product","3":"status-publish","4":"has-post-thumbnail","6":"product_brand-lux-visage_by","7":"product_cat-korektori","9":"first","10":"outofstock","11":"taxable","12":"shipping-taxable","13":"product-type-simple"},"_links":{"self":[{"href":"https:\/\/e.kosmolat.eu\/lv\/wp-json\/wp\/v2\/product\/30833","targetHints":{"allow":["GET"]}}],"collection":[{"href":"https:\/\/e.kosmolat.eu\/lv\/wp-json\/wp\/v2\/product"}],"about":[{"href":"https:\/\/e.kosmolat.eu\/lv\/wp-json\/wp\/v2\/types\/product"}],"wp:featuredmedia":[{"embeddable":true,"href":"https:\/\/e.kosmolat.eu\/lv\/wp-json\/wp\/v2\/media\/88882"}],"wp:attachment":[{"href":"https:\/\/e.kosmolat.eu\/lv\/wp-json\/wp\/v2\/media?parent=30833"}],"wp:term":[{"taxonomy":"product_cat","embeddable":true,"href":"https:\/\/e.kosmolat.eu\/lv\/wp-json\/wp\/v2\/product_cat?post=30833"},{"taxonomy":"product_tag","embeddable":true,"href":"https:\/\/e.kosmolat.eu\/lv\/wp-json\/wp\/v2\/product_tag?post=30833"}],"curies":[{"name":"wp","href":"https:\/\/api.w.org\/{rel}","templated":true}]}}