{"id":30821,"date":"2023-12-19T21:25:43","date_gmt":"2023-12-19T21:25:43","guid":{"rendered":"https:\/\/e.kosmolat.eu\/product\/matu-spradzes-2-gab-daz-krasas-fa-5671\/"},"modified":"2026-04-21T07:06:19","modified_gmt":"2026-04-21T07:06:19","slug":"matu-spradzes-2-gab-daz-krasas-fa-5671","status":"publish","type":"product","link":"https:\/\/e.kosmolat.eu\/lv\/product\/matu-spradzes-2-gab-daz-krasas-fa-5671\/","title":{"rendered":"Matu spr\u0101dzes, 2 gab., da\u017e.kr\u0101sas, FA-5671"},"content":{"rendered":"","protected":false},"excerpt":{"rendered":"","protected":false},"featured_media":88890,"template":"","meta":[],"product_cat":[2182],"product_tag":[],"class_list":{"0":"post-30821","1":"product","2":"type-product","3":"status-publish","4":"has-post-thumbnail","6":"product_brand-donegal-sp-zo-o-_pl","7":"product_cat-bez-kategorijas-ru","9":"first","10":"instock","11":"taxable","12":"shipping-taxable","13":"product-type-simple"},"_links":{"self":[{"href":"https:\/\/e.kosmolat.eu\/lv\/wp-json\/wp\/v2\/product\/30821","targetHints":{"allow":["GET"]}}],"collection":[{"href":"https:\/\/e.kosmolat.eu\/lv\/wp-json\/wp\/v2\/product"}],"about":[{"href":"https:\/\/e.kosmolat.eu\/lv\/wp-json\/wp\/v2\/types\/product"}],"wp:featuredmedia":[{"embeddable":true,"href":"https:\/\/e.kosmolat.eu\/lv\/wp-json\/wp\/v2\/media\/88890"}],"wp:attachment":[{"href":"https:\/\/e.kosmolat.eu\/lv\/wp-json\/wp\/v2\/media?parent=30821"}],"wp:term":[{"taxonomy":"product_cat","embeddable":true,"href":"https:\/\/e.kosmolat.eu\/lv\/wp-json\/wp\/v2\/product_cat?post=30821"},{"taxonomy":"product_tag","embeddable":true,"href":"https:\/\/e.kosmolat.eu\/lv\/wp-json\/wp\/v2\/product_tag?post=30821"}],"curies":[{"name":"wp","href":"https:\/\/api.w.org\/{rel}","templated":true}]}}