{"id":30817,"date":"2023-12-19T21:25:27","date_gmt":"2023-12-19T21:25:27","guid":{"rendered":"https:\/\/e.kosmolat.eu\/product\/matu-stipa-1-gab-dazadas-krasas-fa-5662\/"},"modified":"2025-09-20T01:21:52","modified_gmt":"2025-09-20T01:21:52","slug":"matu-stipa-1-gab-dazadas-krasas-fa-5662","status":"publish","type":"product","link":"https:\/\/e.kosmolat.eu\/lv\/product\/matu-stipa-1-gab-dazadas-krasas-fa-5662\/","title":{"rendered":"Matu st\u012bpa, 1 gab, da\u017e\u0101das kr\u0101sas FA-5662"},"content":{"rendered":"","protected":false},"excerpt":{"rendered":"","protected":false},"featured_media":88902,"template":"","meta":[],"product_cat":[1669],"product_tag":[],"class_list":{"0":"post-30817","1":"product","2":"type-product","3":"status-publish","4":"has-post-thumbnail","6":"product_brand-donegal-sp-zo-o-_pl","7":"product_cat-plauku-aksesuarai","9":"first","10":"outofstock","11":"taxable","12":"shipping-taxable","13":"product-type-simple"},"_links":{"self":[{"href":"https:\/\/e.kosmolat.eu\/lv\/wp-json\/wp\/v2\/product\/30817","targetHints":{"allow":["GET"]}}],"collection":[{"href":"https:\/\/e.kosmolat.eu\/lv\/wp-json\/wp\/v2\/product"}],"about":[{"href":"https:\/\/e.kosmolat.eu\/lv\/wp-json\/wp\/v2\/types\/product"}],"wp:featuredmedia":[{"embeddable":true,"href":"https:\/\/e.kosmolat.eu\/lv\/wp-json\/wp\/v2\/media\/88902"}],"wp:attachment":[{"href":"https:\/\/e.kosmolat.eu\/lv\/wp-json\/wp\/v2\/media?parent=30817"}],"wp:term":[{"taxonomy":"product_cat","embeddable":true,"href":"https:\/\/e.kosmolat.eu\/lv\/wp-json\/wp\/v2\/product_cat?post=30817"},{"taxonomy":"product_tag","embeddable":true,"href":"https:\/\/e.kosmolat.eu\/lv\/wp-json\/wp\/v2\/product_tag?post=30817"}],"curies":[{"name":"wp","href":"https:\/\/api.w.org\/{rel}","templated":true}]}}