{"id":30793,"date":"2023-12-19T21:23:15","date_gmt":"2023-12-19T21:23:15","guid":{"rendered":"https:\/\/e.kosmolat.eu\/product\/bioworld-goji-fit-matu-sampuns-rekonstruktors-490-ml\/"},"modified":"2025-09-20T00:56:20","modified_gmt":"2025-09-20T00:56:20","slug":"bioworld-goji-fit-matu-sampuns-rekonstruktors-490-ml","status":"publish","type":"product","link":"https:\/\/e.kosmolat.eu\/lv\/product\/bioworld-goji-fit-matu-sampuns-rekonstruktors-490-ml\/","title":{"rendered":"BioWorld Goji Fit Matu \u0161amp\u016bns-rekonstruktors, 490 ml"},"content":{"rendered":"<p>Maigs &scaron;amp\u016bns boj\u0101tiem matiem atjauno to strukt\u016bru, stiprina notur\u012bbu pret apk\u0101rt\u0113j\u0101s vides negat\u012bvo ietekmi, mazina matu l\u016b&scaron;anu \u0137emm\u0113jot.<\/p>\n<ul>\n<li>Akt\u012bvais Crodabond komplekss &ldquo;sal\u012bm\u0113&rdquo; un &ldquo;nobl\u012bv\u0113&rdquo; boj\u0101t\u0101s matu kutikulas, atjauno sa&scaron;\u0137\u0113lu&scaron;os matu galus, izl\u012bdzina matus un pie&scaron;\u0137ir tiem sp\u012bdumu, k\u0101 ar\u012b nodro&scaron;ina aizsardz\u012bbu pret kr\u0101sas zudumu.<\/li>\n<li>Vitam\u012bnu komplekss Beauplex VH &ndash; pies\u0101tina matus ar vitam\u012bniem, atjaunojot to dabisko sp\u0113ku un skaistumu un palielina&nbsp;matu bl\u012bvumu.<\/li>\n<li>God\u017ei ogu ekstrakts stiprina matu folikulus, uzlabo asinsriti galvas \u0101d\u0101, nov\u0113r&scaron; matu trauslumu. Pateicoties augstajam miner\u0101lvielu saturam, mati k\u013c\u016bst elast\u012bg\u0101ki, aizsarg\u0101ti no apk\u0101rt\u0113j\u0101s vides agres\u012bv\u0101s ietekmes.<\/li>\n<\/ul>\n<p><strong>Lieto&scaron;ana: <\/strong>vienm\u0113r\u012bgi uzkl\u0101t uz mitriem matiem ar mas\u0113jo&scaron;\u0101m kust\u012bb\u0101m, p\u0113c tam noskalot ar \u016bdeni.<br \/>\n&nbsp;<\/p>\n","protected":false},"excerpt":{"rendered":"<p>Maigs &scaron;amp\u016bns boj\u0101tiem matiem atjauno to strukt\u016bru, stiprina notur\u012bbu pret apk\u0101rt\u0113j\u0101s vides negat\u012bvo ietekmi, mazina matu l\u016b&scaron;anu \u0137emm\u0113jot. Akt\u012bvais Crodabond komplekss &ldquo;sal\u012bm\u0113&rdquo; un &ldquo;nobl\u012bv\u0113&rdquo; boj\u0101t\u0101s matu kutikulas, atjauno sa&scaron;\u0137\u0113lu&scaron;os matu galus, izl\u012bdzina matus un pie&scaron;\u0137ir tiem sp\u012bdumu, k\u0101 ar\u012b nodro&scaron;ina aizsardz\u012bbu pret kr\u0101sas zudumu. Vitam\u012bnu komplekss Beauplex VH &ndash; pies\u0101tina matus ar vitam\u012bniem, atjaunojot to [&#8230;]\n","protected":false},"featured_media":88474,"template":"","meta":[],"product_cat":[1248],"product_tag":[],"class_list":{"0":"post-30793","1":"product","2":"type-product","3":"status-publish","4":"has-post-thumbnail","6":"product_brand-matbea_sivis_by","7":"product_cat-sampuni","9":"first","10":"outofstock","11":"taxable","12":"shipping-taxable","13":"product-type-simple"},"_links":{"self":[{"href":"https:\/\/e.kosmolat.eu\/lv\/wp-json\/wp\/v2\/product\/30793","targetHints":{"allow":["GET"]}}],"collection":[{"href":"https:\/\/e.kosmolat.eu\/lv\/wp-json\/wp\/v2\/product"}],"about":[{"href":"https:\/\/e.kosmolat.eu\/lv\/wp-json\/wp\/v2\/types\/product"}],"wp:featuredmedia":[{"embeddable":true,"href":"https:\/\/e.kosmolat.eu\/lv\/wp-json\/wp\/v2\/media\/88474"}],"wp:attachment":[{"href":"https:\/\/e.kosmolat.eu\/lv\/wp-json\/wp\/v2\/media?parent=30793"}],"wp:term":[{"taxonomy":"product_cat","embeddable":true,"href":"https:\/\/e.kosmolat.eu\/lv\/wp-json\/wp\/v2\/product_cat?post=30793"},{"taxonomy":"product_tag","embeddable":true,"href":"https:\/\/e.kosmolat.eu\/lv\/wp-json\/wp\/v2\/product_tag?post=30793"}],"curies":[{"name":"wp","href":"https:\/\/api.w.org\/{rel}","templated":true}]}}