{"id":30785,"date":"2023-12-19T21:22:37","date_gmt":"2023-12-19T21:22:37","guid":{"rendered":"https:\/\/e.kosmolat.eu\/product\/dilis-nc-pink-pepper-smarzu-ekstrakts-50-ml\/"},"modified":"2025-09-20T00:52:47","modified_gmt":"2025-09-20T00:52:47","slug":"dilis-nc-pink-pepper-smarzu-ekstrakts-50-ml","status":"publish","type":"product","link":"https:\/\/e.kosmolat.eu\/lv\/product\/dilis-nc-pink-pepper-smarzu-ekstrakts-50-ml\/","title":{"rendered":"Dilis NC Pink Pepper Smar\u017eu ekstrakts, 50 ml"},"content":{"rendered":"<p><strong>Aug&scaron;\u0113j\u0101s notis: <\/strong>&scaron;ampanietis, meln\u0101 orhideja, aprikoze<br \/>\n<strong>Sirds notis: <\/strong>putukr\u0113jums, mahagons, melnie pipari<br \/>\n<strong>Pamata notis: <\/strong>sandalkoks<\/p>\n<p>Uzglab\u0101t temperat\u016br\u0101 no +5 &deg;C l\u012bdz +25 &deg;C, sarg\u0101jot no tie&scaron;iem saules stariem un siltuma avotiem.&nbsp;<\/p>\n<p><strong>Piesardz\u012bbas pas\u0101kumi:<\/strong> tikai \u0101r\u012bgai lieto&scaron;anai. Izvair\u012bties no iek\u013c\u016b&scaron;anas ac\u012bs. Neizsmidzin\u0101t atkl\u0101tas liesmas tuvum\u0101. Produkta lieto&scaron;ana iek&scaron;\u0137\u012bgi ir b\u012bstama dz\u012bv\u012bbai un vesel\u012bbai.<\/p>\n<p>Etilspirta tilpuma da\u013ca 80% tilp.<br \/>\n&nbsp;<\/p>\n","protected":false},"excerpt":{"rendered":"<p>Aug&scaron;\u0113j\u0101s notis: &scaron;ampanietis, meln\u0101 orhideja, aprikoze Sirds notis: putukr\u0113jums, mahagons, melnie pipari Pamata notis: sandalkoks Uzglab\u0101t temperat\u016br\u0101 no +5 &deg;C l\u012bdz +25 &deg;C, sarg\u0101jot no tie&scaron;iem saules stariem un siltuma avotiem.&nbsp; Piesardz\u012bbas pas\u0101kumi: tikai \u0101r\u012bgai lieto&scaron;anai. Izvair\u012bties no iek\u013c\u016b&scaron;anas ac\u012bs. Neizsmidzin\u0101t atkl\u0101tas liesmas tuvum\u0101. Produkta lieto&scaron;ana iek&scaron;\u0137\u012bgi ir b\u012bstama dz\u012bv\u012bbai un vesel\u012bbai. Etilspirta tilpuma da\u013ca [&#8230;]\n","protected":false},"featured_media":88414,"template":"","meta":[],"product_cat":[1445],"product_tag":[],"class_list":{"0":"post-30785","1":"product","2":"type-product","3":"status-publish","4":"has-post-thumbnail","6":"product_brand-dilis-kosmetik_by","7":"product_cat-sieviesu-smarzas-un-tualetes-udeni","9":"first","10":"outofstock","11":"taxable","12":"shipping-taxable","13":"product-type-simple"},"_links":{"self":[{"href":"https:\/\/e.kosmolat.eu\/lv\/wp-json\/wp\/v2\/product\/30785","targetHints":{"allow":["GET"]}}],"collection":[{"href":"https:\/\/e.kosmolat.eu\/lv\/wp-json\/wp\/v2\/product"}],"about":[{"href":"https:\/\/e.kosmolat.eu\/lv\/wp-json\/wp\/v2\/types\/product"}],"wp:featuredmedia":[{"embeddable":true,"href":"https:\/\/e.kosmolat.eu\/lv\/wp-json\/wp\/v2\/media\/88414"}],"wp:attachment":[{"href":"https:\/\/e.kosmolat.eu\/lv\/wp-json\/wp\/v2\/media?parent=30785"}],"wp:term":[{"taxonomy":"product_cat","embeddable":true,"href":"https:\/\/e.kosmolat.eu\/lv\/wp-json\/wp\/v2\/product_cat?post=30785"},{"taxonomy":"product_tag","embeddable":true,"href":"https:\/\/e.kosmolat.eu\/lv\/wp-json\/wp\/v2\/product_tag?post=30785"}],"curies":[{"name":"wp","href":"https:\/\/api.w.org\/{rel}","templated":true}]}}