{"id":30773,"date":"2023-12-19T21:21:31","date_gmt":"2023-12-19T21:21:31","guid":{"rendered":"https:\/\/e.kosmolat.eu\/product\/cistjuna-univers-mazg-lidzeklis-saimn-ziepes-1-l\/"},"modified":"2026-04-16T07:01:00","modified_gmt":"2026-04-16T07:01:00","slug":"cistjuna-univers-mazg-lidzeklis-saimn-ziepes-1-l","status":"publish","type":"product","link":"https:\/\/e.kosmolat.eu\/lv\/product\/cistjuna-univers-mazg-lidzeklis-saimn-ziepes-1-l\/","title":{"rendered":"\u010cistju\u0146a Univers.mazg.l\u012bdzeklis Saimn.ziepes, 1 L"},"content":{"rendered":"<p>&Scaron;\u0137idr\u0101s saimniec\u012bbas ziepes p\u0113c \u012bpa&scaron;\u012bb\u0101m ir l\u012bdz\u012bgas jau no b\u0113rn\u012bbas ikvienam paz\u012bstam\u0101m saimniec\u012bbas gabalziep\u0113m. Efekt\u012bvi att\u012bra stipri net\u012bras virsmas (durvis, gr\u012bdas, izlietnes, fl\u012bzes, virtuves piederumus u.c.). Piem\u0113rotas ve\u013cas mazg\u0101&scaron;anai ar rok\u0101m un ve\u013cas ma&scaron;\u012bn\u0101.<\/p>\n<p><strong>Lieto&scaron;ana:<\/strong> virsmu t\u012br\u012b&scaron;anai iz&scaron;\u0137\u012bdin\u0101t 5 ml l\u012bdzek\u013ca 1 litr\u0101 silta \u016bdens. Ve\u013cas mazg\u0101&scaron;anai ar rok\u0101m at&scaron;\u0137aid\u012bt 50 ml l\u012bdzek\u013ca (mazg\u0101jot ciet\u0101 \u016bden\u012b &ndash; 75 ml) 5-6 litros silta \u016bdens, m\u0113rc\u0113t ve\u013cu 10-15 min\u016btes, tad nomazg\u0101t. Mazg\u0101jot ve\u013cas ma&scaron;\u012bn\u0101 (4-5 kg ve\u013cas), at&scaron;\u0137aid\u012bt 100 ml l\u012bdzek\u013ca (mazg\u0101jot ciet\u0101 \u016bden\u012b &ndash; 120 ml). Sasal&scaron;anas gad\u012bjum\u0101, p\u0113c atsal&scaron;anas l\u012bdzeklis saglab\u0101 savas \u012bpa&scaron;\u012bbas. Neapstr\u0101d\u0101jiet virsmas ar jut\u012bgu p\u0101rkl\u0101jumu.<\/p>\n<p><strong>Piesardz\u012bbas pas\u0101kumi: <\/strong>Iesp\u0113jama paaugstin\u0101ta individu\u0101l\u0101 jut\u012bba pret atsevi&scaron;\u0137\u0101m sast\u0101vda\u013c\u0101m. Uzglab\u0101t b\u0113rniem un m\u0101jdz\u012bvniekiem nepieejam\u0101 viet\u0101. Sarg\u0101t no tie&scaron;iem saules stariem.<\/p>\n<p><strong>Sast\u0101v\u0101: <\/strong>maz\u0101k par 5 % ziep\u0435s, &nbsp;maz\u0101k 5% anjonu virsmakt\u012bv\u0101s vielas. Smar\u017eas un arom\u0101tisk\u0101s vielas. Konservanti: Benzisothiazolinone\/ Methylisothiazolinone. Kr\u0101svielas.<\/p>\n<p>&nbsp;<\/p>\n<p><strong><img decoding=\"async\" alt=\"\" src=\"https:\/\/www.reach-compliance.ch\/images\/exclam1cols3.jpg\" style=\"height:40px; width:40px\" \/>GHS07 Uzman\u012bbu<\/strong><br \/>\nH317 Var izrais\u012bt aler\u0123isku \u0101das reakciju.<br \/>\nH319 Izraisa nopietnu acu kairin\u0101jumu<br \/>\nDro&scaron;\u012bbas pras\u012bbu apz\u012bm\u0113jumi:<br \/>\nP102 Sarg\u0101t no b\u0113rniem.<br \/>\nP264 P\u0113c izmanto&scaron;anas rokas k\u0101rt\u012bgi nomazg\u0101t.<br \/>\nP280 Izmantot aizsargcimdus\/ acu aizsargus.<br \/>\nP305+P351+P338 Saskar\u0113 ar ac\u012bm: Uzman\u012bgi izskalot ar \u016bdeni vair\u0101kas min\u016btes. Iz\u0146emt kontaktl\u0113cas, ja t\u0101s ir ievietotas un ja to var vienk\u0101r&scaron;i izdar\u012bt. Turpin\u0101t skalot.<br \/>\nP337+P313 Ja acu iekaisums nep\u0101riet: l\u016bdziet medi\u0137u pal\u012bdz\u012bbu&nbsp;<br \/>\nP302+P352 Saskar\u0113 ar \u0101du: nomazg\u0101t ar lielu ziepju un \u016bdens daudzumu. &nbsp;&nbsp;<br \/>\nP333+P313 Ja rodas \u0101das iekaisums vai izsitumi: l\u016bdziet medi\u0137u pal\u012bdz\u012bbu.<br \/>\nP501 Atbr\u012bvoties no satura\/tvertnes\/iepakojuma saska\u0146\u0101 ar valsts noteikumiem.<br \/>\n&nbsp;<\/p>\n","protected":false},"excerpt":{"rendered":"<p>&Scaron;\u0137idr\u0101s saimniec\u012bbas ziepes p\u0113c \u012bpa&scaron;\u012bb\u0101m ir l\u012bdz\u012bgas jau no b\u0113rn\u012bbas ikvienam paz\u012bstam\u0101m saimniec\u012bbas gabalziep\u0113m. Efekt\u012bvi att\u012bra stipri net\u012bras virsmas (durvis, gr\u012bdas, izlietnes, fl\u012bzes, virtuves piederumus u.c.). Piem\u0113rotas ve\u013cas mazg\u0101&scaron;anai ar rok\u0101m un ve\u013cas ma&scaron;\u012bn\u0101. Lieto&scaron;ana: virsmu t\u012br\u012b&scaron;anai iz&scaron;\u0137\u012bdin\u0101t 5 ml l\u012bdzek\u013ca 1 litr\u0101 silta \u016bdens. Ve\u013cas mazg\u0101&scaron;anai ar rok\u0101m at&scaron;\u0137aid\u012bt 50 ml l\u012bdzek\u013ca (mazg\u0101jot ciet\u0101 [&#8230;]\n","protected":false},"featured_media":88910,"template":"","meta":[],"product_cat":[2181],"product_tag":[],"class_list":{"0":"post-30773","1":"product","2":"type-product","3":"status-publish","4":"has-post-thumbnail","6":"product_brand-elfa_ua","7":"product_cat-bez-kategorijas-lt","9":"first","10":"outofstock","11":"taxable","12":"shipping-taxable","13":"product-type-simple"},"_links":{"self":[{"href":"https:\/\/e.kosmolat.eu\/lv\/wp-json\/wp\/v2\/product\/30773","targetHints":{"allow":["GET"]}}],"collection":[{"href":"https:\/\/e.kosmolat.eu\/lv\/wp-json\/wp\/v2\/product"}],"about":[{"href":"https:\/\/e.kosmolat.eu\/lv\/wp-json\/wp\/v2\/types\/product"}],"wp:featuredmedia":[{"embeddable":true,"href":"https:\/\/e.kosmolat.eu\/lv\/wp-json\/wp\/v2\/media\/88910"}],"wp:attachment":[{"href":"https:\/\/e.kosmolat.eu\/lv\/wp-json\/wp\/v2\/media?parent=30773"}],"wp:term":[{"taxonomy":"product_cat","embeddable":true,"href":"https:\/\/e.kosmolat.eu\/lv\/wp-json\/wp\/v2\/product_cat?post=30773"},{"taxonomy":"product_tag","embeddable":true,"href":"https:\/\/e.kosmolat.eu\/lv\/wp-json\/wp\/v2\/product_tag?post=30773"}],"curies":[{"name":"wp","href":"https:\/\/api.w.org\/{rel}","templated":true}]}}