{"id":30769,"date":"2023-12-19T21:21:07","date_gmt":"2023-12-19T21:21:07","guid":{"rendered":"https:\/\/e.kosmolat.eu\/product\/cistjuna-atras-iedarbibas-pretpelejuma-lidzeklis-500-ml\/"},"modified":"2026-04-16T12:34:40","modified_gmt":"2026-04-16T12:34:40","slug":"cistjuna-atras-iedarbibas-pretpelejuma-lidzeklis-500-ml","status":"publish","type":"product","link":"https:\/\/e.kosmolat.eu\/lv\/product\/cistjuna-atras-iedarbibas-pretpelejuma-lidzeklis-500-ml\/","title":{"rendered":"\u010cistju\u0146a \u0100tras iedarb\u012bbas pretpel\u0113juma l\u012bdzeklis, 500 ml"},"content":{"rendered":"<p>Efekt\u012bvi likvid\u0113 pel\u0113jumu, net\u012brumus, ziepju atlikumus no vann\u0101m, izlietn\u0113m, tualetes podiem. Izn\u012bcina bakt\u0113rijas, s\u0113n\u012btes, att\u012bra net\u012brumus no &scaron;uv\u0113m un salaidumiem, likvid\u0113 melno aplikumu.<\/p>\n<p><strong>Lieto&scaron;ana:<\/strong> pirms lieto&scaron;anas p\u0101rbaudiet kr\u0101sas vai p\u0101rkl\u0101juma notur\u012bbu pret l\u012bdzekli neuzkr\u012bto&scaron;\u0101 viet\u0101. Nodro&scaron;iniet labu ventil\u0101ciju telp\u0101. Pagrieziet smidzin\u0101t\u0101ja uzgali darba st\u0101vokl\u012b. Izsmidziniet l\u012bdzekli uz pel\u0113juma traipa vai net\u012brumiem. \u013baujiet iedarboties da\u017eas min\u016btes, r\u016bp\u012bgi paberziet ar s\u016bkli un noskalojiet ar lielu daudzumu \u016bdens. Lai no\u0146emtu notur\u012bgus traipus, proced\u016bru ieteicams atk\u0101rtot. P\u0113c lieto&scaron;anas noskalojiet uzgali ar \u016bdeni un pagrieziet to dro&scaron;\u0101 st\u0101vokl\u012b.<\/p>\n<p><strong>Piesardz\u012bbas pas\u0101kumi: <\/strong>nelietot uz met\u0101la virsm\u0101m ar zelta, hroma vai emaljas p\u0101rkl\u0101jumu. Nepie\u013caut saskari ar audumu, pakl\u0101jiem, polster\u0113jumu, m\u0113bel\u0113m. Iz&scaron;\u013cakst\u012b&scaron;an\u0101s gad\u012bjum\u0101 virsmu nomazg\u0101t ar \u016bdeni.<\/p>\n<p>Uzglab\u0101t v\u0113s\u0101 viet\u0101 vertik\u0101l\u0101 st\u0101vokl\u012b, prom no p\u0101rtikas. Sarg\u0101t no tie&scaron;iem saules stariem.<\/p>\n<p><strong>Sast\u0101v\u0101: <\/strong>maz\u0101k par 5 % anjonu virsmakt\u012bv\u0101s vielas, maz\u0101k par 5 % nejonu virsmakt\u012bv\u0101s vielas, maz\u0101k par 5 % balin\u0101t\u0101js, kura pamat\u0101 ir hlors. Smar\u017eas un arom\u0101tisk\u0101s kompoz\u012bcijas.<\/p>\n<p>&nbsp;<\/p>\n<p><strong><img decoding=\"async\" alt=\"\" src=\"https:\/\/www.reach-compliance.ch\/images\/acid1cols3.jpg\" style=\"height:40px; width:40px\" \/>GHS05 &nbsp; <img decoding=\"async\" alt=\"\" src=\"https:\/\/www.reach-compliance.ch\/images\/pollut1cols3.jpg\" style=\"height:40px; width:40px\" \/>GHS09 B\u012bstami<\/strong><br \/>\nH290 Var kod\u012bgi iedarboties uz met\u0101liem.<br \/>\nH314 Izraisa smagus \u0101das apdegumus un acu boj\u0101jumus.<br \/>\nH410 \u013boti toksisks \u016bdens organismiem ar ilgsto&scaron;\u0101m sek\u0101m.<br \/>\nEUH 031 Saskaroties ar sk\u0101b\u0113m, izdala toksiskas g\u0101zes.<br \/>\nEUH 206 Br\u012bdin\u0101jums! Nelietot kop\u0101 ar citiem produktiem. Var izdal\u012bt b\u012bstamas g\u0101zes (hloru).<\/p>\n<p>Dro&scaron;\u012bbas pras\u012bbu apz\u012bm\u0113jumi:<br \/>\nP102 Sarg\u0101t no b\u0113rniem.<br \/>\nP234 Tur\u0113t tikai ori\u0123in\u0101liepakojum\u0101.<br \/>\n\u0420260 Neieelpot smidzin\u0101jumu.<br \/>\nP264 P\u0113c izmanto&scaron;anas rokas k\u0101rt\u012bgi nomazg\u0101t.<br \/>\nP273 Izvair\u012bties no izplat\u012b&scaron;anas apk\u0101rt\u0113j\u0101 vid\u0113.<br \/>\nP280 Izmantot aizsargcimdus\/acu aizsargus\/sejas aizsargus.<br \/>\nP305+P351+P338 Saskar\u0113 ar ac\u012bm: Uzman\u012bgi izskalot ar \u016bdeni vair\u0101kas min\u016btes. Iz\u0146emt kontaktl\u0113cas, ja t\u0101s ir ievietotas un ja to var vienk\u0101r&scaron;i izdar\u012bt. Turpin\u0101t skalot.<br \/>\nP301+P330+P331 Nor\u012b&scaron;anas gad\u012bjum\u0101: Izskalot muti. Neizrais\u012bt vem&scaron;anu.<br \/>\nP303+P361+P353 Saskar\u0113 ar \u0101du (vai matiem): Nekav\u0113joties novilkt visu pies\u0101r\u0146oto ap\u0123\u0113rbu. Noskalot \u0101du ar \u016bdeni [vai iet du&scaron;\u0101].<br \/>\nP304+P340 Ieelpo&scaron;anas gad\u012bjum\u0101: nog\u0101d\u0101t cietu&scaron;o svaig\u0101 gais\u0101 un nodro&scaron;in\u0101t netrauc\u0113tu elpo&scaron;anu.<br \/>\nP310 Nekav\u0113joties sazinieties ar saind\u0113&scaron;an\u0101s inform\u0101cijas centru\/\u0101rstu ja jums ir slikta pa&scaron;saj\u016bta.<br \/>\nP321 \u012apa&scaron;a medic\u012bnisk\u0101 pal\u012bdz\u012bba (skat. uz &scaron;\u012bs eti\u0137etes).<br \/>\nP391 Sav\u0101kt iz&scaron;\u013cakst\u012bto &scaron;\u0137idrumu.<br \/>\nP405 Glab\u0101t sl\u0113gt\u0101 veid\u0101.<br \/>\nP501 Atbr\u012bvoties no satura\/tvertnes\/iepakojuma saska\u0146\u0101 ar valsts noteikumiem.<br \/>\n&nbsp;<\/p>\n","protected":false},"excerpt":{"rendered":"<p>Efekt\u012bvi likvid\u0113 pel\u0113jumu, net\u012brumus, ziepju atlikumus no vann\u0101m, izlietn\u0113m, tualetes podiem. Izn\u012bcina bakt\u0113rijas, s\u0113n\u012btes, att\u012bra net\u012brumus no &scaron;uv\u0113m un salaidumiem, likvid\u0113 melno aplikumu. Lieto&scaron;ana: pirms lieto&scaron;anas p\u0101rbaudiet kr\u0101sas vai p\u0101rkl\u0101juma notur\u012bbu pret l\u012bdzekli neuzkr\u012bto&scaron;\u0101 viet\u0101. Nodro&scaron;iniet labu ventil\u0101ciju telp\u0101. Pagrieziet smidzin\u0101t\u0101ja uzgali darba st\u0101vokl\u012b. Izsmidziniet l\u012bdzekli uz pel\u0113juma traipa vai net\u012brumiem. \u013baujiet iedarboties da\u017eas min\u016btes, [&#8230;]\n","protected":false},"featured_media":88398,"template":"","meta":[],"product_cat":[1451],"product_tag":[],"class_list":{"0":"post-30769","1":"product","2":"type-product","3":"status-publish","4":"has-post-thumbnail","6":"product_brand-elfa_ua","7":"product_cat-vannas-istabai-un-tualetei","9":"first","10":"outofstock","11":"taxable","12":"shipping-taxable","13":"product-type-simple"},"_links":{"self":[{"href":"https:\/\/e.kosmolat.eu\/lv\/wp-json\/wp\/v2\/product\/30769","targetHints":{"allow":["GET"]}}],"collection":[{"href":"https:\/\/e.kosmolat.eu\/lv\/wp-json\/wp\/v2\/product"}],"about":[{"href":"https:\/\/e.kosmolat.eu\/lv\/wp-json\/wp\/v2\/types\/product"}],"wp:featuredmedia":[{"embeddable":true,"href":"https:\/\/e.kosmolat.eu\/lv\/wp-json\/wp\/v2\/media\/88398"}],"wp:attachment":[{"href":"https:\/\/e.kosmolat.eu\/lv\/wp-json\/wp\/v2\/media?parent=30769"}],"wp:term":[{"taxonomy":"product_cat","embeddable":true,"href":"https:\/\/e.kosmolat.eu\/lv\/wp-json\/wp\/v2\/product_cat?post=30769"},{"taxonomy":"product_tag","embeddable":true,"href":"https:\/\/e.kosmolat.eu\/lv\/wp-json\/wp\/v2\/product_tag?post=30769"}],"curies":[{"name":"wp","href":"https:\/\/api.w.org\/{rel}","templated":true}]}}