{"id":30745,"date":"2023-12-19T21:19:14","date_gmt":"2023-12-19T21:19:14","guid":{"rendered":"https:\/\/e.kosmolat.eu\/product\/viorica-vie-atjaunojoss-kermena-krems-200-ml\/"},"modified":"2026-04-13T13:17:16","modified_gmt":"2026-04-13T13:17:16","slug":"viorica-vie-atjaunojoss-kermena-krems-200-ml","status":"publish","type":"product","link":"https:\/\/e.kosmolat.eu\/lv\/product\/viorica-vie-atjaunojoss-kermena-krems-200-ml\/","title":{"rendered":"VIORICA VIE Atjaunojo\u0161s \u0137erme\u0146a kr\u0113ms, 200 ml"},"content":{"rendered":"<p>Viephenol&trade; nodro&scaron;ina sp\u0113c\u012bgu antioksidantu aizsardz\u012bbu un stimul\u0113 \u0101das &scaron;\u016bnu atjauno&scaron;anos. V\u012bnogu kauli\u0146u e\u013c\u013ca un &scaron;\u012b sviests mitrina, dzi\u013ci baro un uzlabo \u0101das elast\u012bbu.&nbsp;<\/p>\n<p><strong>Lieto&scaron;ana: <\/strong>uzkl\u0101jiet kr\u0113mu, \u012bpa&scaron;u uzman\u012bbu veltot sausas \u0101das \u0137 zon\u0101m. Lab\u0101kam efektam lietojiet uzreiz p\u0113c du&scaron;as vai vannas.<\/p>\n<p>Uzglab\u0101t t&deg; no +5 &deg;\u0421 l\u012bdz +25 &deg;\u0421, sarg\u0101jot no tie&scaron;iem saules stariem.&nbsp;<br \/>\n&nbsp;<\/p>\n","protected":false},"excerpt":{"rendered":"<p>Viephenol&trade; nodro&scaron;ina sp\u0113c\u012bgu antioksidantu aizsardz\u012bbu un stimul\u0113 \u0101das &scaron;\u016bnu atjauno&scaron;anos. V\u012bnogu kauli\u0146u e\u013c\u013ca un &scaron;\u012b sviests mitrina, dzi\u013ci baro un uzlabo \u0101das elast\u012bbu.&nbsp; Lieto&scaron;ana: uzkl\u0101jiet kr\u0113mu, \u012bpa&scaron;u uzman\u012bbu veltot sausas \u0101das \u0137 zon\u0101m. Lab\u0101kam efektam lietojiet uzreiz p\u0113c du&scaron;as vai vannas. Uzglab\u0101t t&deg; no +5 &deg;\u0421 l\u012bdz +25 &deg;\u0421, sarg\u0101jot no tie&scaron;iem saules stariem.&nbsp; &nbsp;<\/p>\n","protected":false},"featured_media":88370,"template":"","meta":[],"product_cat":[2181],"product_tag":[],"class_list":{"0":"post-30745","1":"product","2":"type-product","3":"status-publish","4":"has-post-thumbnail","6":"product_brand-viorica-cosmeplant_bg","7":"product_cat-bez-kategorijas-lt","9":"first","10":"outofstock","11":"taxable","12":"shipping-taxable","13":"product-type-simple"},"_links":{"self":[{"href":"https:\/\/e.kosmolat.eu\/lv\/wp-json\/wp\/v2\/product\/30745","targetHints":{"allow":["GET"]}}],"collection":[{"href":"https:\/\/e.kosmolat.eu\/lv\/wp-json\/wp\/v2\/product"}],"about":[{"href":"https:\/\/e.kosmolat.eu\/lv\/wp-json\/wp\/v2\/types\/product"}],"wp:featuredmedia":[{"embeddable":true,"href":"https:\/\/e.kosmolat.eu\/lv\/wp-json\/wp\/v2\/media\/88370"}],"wp:attachment":[{"href":"https:\/\/e.kosmolat.eu\/lv\/wp-json\/wp\/v2\/media?parent=30745"}],"wp:term":[{"taxonomy":"product_cat","embeddable":true,"href":"https:\/\/e.kosmolat.eu\/lv\/wp-json\/wp\/v2\/product_cat?post=30745"},{"taxonomy":"product_tag","embeddable":true,"href":"https:\/\/e.kosmolat.eu\/lv\/wp-json\/wp\/v2\/product_tag?post=30745"}],"curies":[{"name":"wp","href":"https:\/\/api.w.org\/{rel}","templated":true}]}}