{"id":30741,"date":"2023-12-19T21:18:55","date_gmt":"2023-12-19T21:18:55","guid":{"rendered":"https:\/\/e.kosmolat.eu\/product\/viorica-originals-ipasi-barojoss-krems-5-ellas-200-ml\/"},"modified":"2025-09-20T00:49:33","modified_gmt":"2025-09-20T00:49:33","slug":"viorica-originals-ipasi-barojoss-krems-5-ellas-200-ml","status":"publish","type":"product","link":"https:\/\/e.kosmolat.eu\/lv\/product\/viorica-originals-ipasi-barojoss-krems-5-ellas-200-ml\/","title":{"rendered":"VIORICA Ori\u0123in\u0101ls \u012bpa\u0161i barojo\u0161s kr\u0113ms &#8220;5 e\u013c\u013cas&#8221;, 200 ml"},"content":{"rendered":"<p>Piecu unik\u0101lu e\u013c\u013cu &ndash; &scaron;\u012b, kokosriekstu, ol\u012bvu, sezama un lavandas e\u013c\u013cu kombin\u0101cija un augsta koncentr\u0101cija ir ide\u0101ls risin\u0101jums sausai un dehidrat\u0113tai \u0101dai. Kr\u0113ms intens\u012bvi baro, mitrina un atjauno epidermas barjeru.&nbsp;<\/p>\n<p><strong>Lieto&scaron;ana: <\/strong>uzkl\u0101jiet kr\u0113mu, \u012bpa&scaron;u uzman\u012bbu veltot sausas \u0101das zon\u0101m. Lab\u0101kam efektam lietojiet uzreiz p\u0113c du&scaron;as vai vannas.&nbsp;<\/p>\n<p>Uzglab\u0101t t&deg; no +5 &deg;\u0421 l\u012bdz +25 &deg;\u0421, sarg\u0101jot no tie&scaron;iem saules stariem.<br \/>\n&nbsp;<\/p>\n","protected":false},"excerpt":{"rendered":"<p>Piecu unik\u0101lu e\u013c\u013cu &ndash; &scaron;\u012b, kokosriekstu, ol\u012bvu, sezama un lavandas e\u013c\u013cu kombin\u0101cija un augsta koncentr\u0101cija ir ide\u0101ls risin\u0101jums sausai un dehidrat\u0113tai \u0101dai. Kr\u0113ms intens\u012bvi baro, mitrina un atjauno epidermas barjeru.&nbsp; Lieto&scaron;ana: uzkl\u0101jiet kr\u0113mu, \u012bpa&scaron;u uzman\u012bbu veltot sausas \u0101das zon\u0101m. Lab\u0101kam efektam lietojiet uzreiz p\u0113c du&scaron;as vai vannas.&nbsp; Uzglab\u0101t t&deg; no +5 &deg;\u0421 l\u012bdz +25 &deg;\u0421, [&#8230;]\n","protected":false},"featured_media":88366,"template":"","meta":[],"product_cat":[1388],"product_tag":[],"class_list":{"0":"post-30741","1":"product","2":"type-product","3":"status-publish","4":"has-post-thumbnail","6":"product_brand-viorica-cosmeplant_bg","7":"product_cat-kermena-kremi-pienini-sviesti","9":"first","10":"outofstock","11":"taxable","12":"shipping-taxable","13":"product-type-simple"},"_links":{"self":[{"href":"https:\/\/e.kosmolat.eu\/lv\/wp-json\/wp\/v2\/product\/30741","targetHints":{"allow":["GET"]}}],"collection":[{"href":"https:\/\/e.kosmolat.eu\/lv\/wp-json\/wp\/v2\/product"}],"about":[{"href":"https:\/\/e.kosmolat.eu\/lv\/wp-json\/wp\/v2\/types\/product"}],"wp:featuredmedia":[{"embeddable":true,"href":"https:\/\/e.kosmolat.eu\/lv\/wp-json\/wp\/v2\/media\/88366"}],"wp:attachment":[{"href":"https:\/\/e.kosmolat.eu\/lv\/wp-json\/wp\/v2\/media?parent=30741"}],"wp:term":[{"taxonomy":"product_cat","embeddable":true,"href":"https:\/\/e.kosmolat.eu\/lv\/wp-json\/wp\/v2\/product_cat?post=30741"},{"taxonomy":"product_tag","embeddable":true,"href":"https:\/\/e.kosmolat.eu\/lv\/wp-json\/wp\/v2\/product_tag?post=30741"}],"curies":[{"name":"wp","href":"https:\/\/api.w.org\/{rel}","templated":true}]}}