{"id":30737,"date":"2023-12-19T21:18:33","date_gmt":"2023-12-19T21:18:33","guid":{"rendered":"https:\/\/e.kosmolat.eu\/product\/viorica-barojoss-kermena-pienins-250-ml\/"},"modified":"2026-04-17T13:22:56","modified_gmt":"2026-04-17T13:22:56","slug":"viorica-barojoss-kermena-pienins-250-ml","status":"publish","type":"product","link":"https:\/\/e.kosmolat.eu\/lv\/product\/viorica-barojoss-kermena-pienins-250-ml\/","title":{"rendered":"VIORICA Barojo\u0161s \u0137erme\u0146a pieni\u0146\u0161, 250 ml"},"content":{"rendered":"<p>\u012apa&scaron;i viegls flu\u012bds ar bag\u0101t\u012bgu tekst\u016bru un izsmalcin\u0101tu ziedo&scaron;\u0101s mandeles arom\u0101tu. Mande\u013cu e\u013c\u013ca intens\u012bvi baro un uzlabo \u0101das tvirtumu, pie&scaron;\u0137irot \u0101dai maigumu un koptu izskatu.&nbsp;<\/p>\n<p><strong>Lieto&scaron;ana: <\/strong>uzkl\u0101jiet pieni\u0146u, \u012bpa&scaron;u uzman\u012bbu veltot sausas \u0101das zon\u0101m. Lab\u0101kam efektam lietojiet uzreiz p\u0113c du&scaron;as vai vannas.&nbsp;<\/p>\n<p>Uzglab\u0101t t&deg; no +5 &deg;\u0421 l\u012bdz +25 &deg;\u0421, sarg\u0101jot no tie&scaron;iem saules stariem.&nbsp;<br \/>\n&nbsp;<\/p>\n","protected":false},"excerpt":{"rendered":"<p>\u012apa&scaron;i viegls flu\u012bds ar bag\u0101t\u012bgu tekst\u016bru un izsmalcin\u0101tu ziedo&scaron;\u0101s mandeles arom\u0101tu. Mande\u013cu e\u013c\u013ca intens\u012bvi baro un uzlabo \u0101das tvirtumu, pie&scaron;\u0137irot \u0101dai maigumu un koptu izskatu.&nbsp; Lieto&scaron;ana: uzkl\u0101jiet pieni\u0146u, \u012bpa&scaron;u uzman\u012bbu veltot sausas \u0101das zon\u0101m. Lab\u0101kam efektam lietojiet uzreiz p\u0113c du&scaron;as vai vannas.&nbsp; Uzglab\u0101t t&deg; no +5 &deg;\u0421 l\u012bdz +25 &deg;\u0421, sarg\u0101jot no tie&scaron;iem saules stariem.&nbsp; [&#8230;]\n","protected":false},"featured_media":88362,"template":"","meta":[],"product_cat":[1390],"product_tag":[],"class_list":{"0":"post-30737","1":"product","2":"type-product","3":"status-publish","4":"has-post-thumbnail","6":"product_brand-viorica-cosmeplant_bg","7":"product_cat-kremai-aliejai-kuno-pienelis","9":"first","10":"instock","11":"taxable","12":"shipping-taxable","13":"product-type-simple"},"_links":{"self":[{"href":"https:\/\/e.kosmolat.eu\/lv\/wp-json\/wp\/v2\/product\/30737","targetHints":{"allow":["GET"]}}],"collection":[{"href":"https:\/\/e.kosmolat.eu\/lv\/wp-json\/wp\/v2\/product"}],"about":[{"href":"https:\/\/e.kosmolat.eu\/lv\/wp-json\/wp\/v2\/types\/product"}],"wp:featuredmedia":[{"embeddable":true,"href":"https:\/\/e.kosmolat.eu\/lv\/wp-json\/wp\/v2\/media\/88362"}],"wp:attachment":[{"href":"https:\/\/e.kosmolat.eu\/lv\/wp-json\/wp\/v2\/media?parent=30737"}],"wp:term":[{"taxonomy":"product_cat","embeddable":true,"href":"https:\/\/e.kosmolat.eu\/lv\/wp-json\/wp\/v2\/product_cat?post=30737"},{"taxonomy":"product_tag","embeddable":true,"href":"https:\/\/e.kosmolat.eu\/lv\/wp-json\/wp\/v2\/product_tag?post=30737"}],"curies":[{"name":"wp","href":"https:\/\/api.w.org\/{rel}","templated":true}]}}