{"id":30721,"date":"2023-12-19T21:17:11","date_gmt":"2023-12-19T21:17:11","guid":{"rendered":"https:\/\/e.kosmolat.eu\/product\/viorica-piparmetras-eteriska-ella-10-ml\/"},"modified":"2026-04-16T06:09:45","modified_gmt":"2026-04-16T06:09:45","slug":"viorica-piparmetras-eteriska-ella-10-ml","status":"publish","type":"product","link":"https:\/\/e.kosmolat.eu\/lv\/product\/viorica-piparmetras-eteriska-ella-10-ml\/","title":{"rendered":"VIORICA Piparm\u0113tras \u0113terisk\u0101 e\u013c\u013ca, 10 ml"},"content":{"rendered":"<p><strong>Lieto&scaron;ana:&nbsp;<\/strong><\/p>\n<ul>\n<li><strong>Gaisa aromatiz\u0101cijai: <\/strong>pievienot 4-6 pilienus \u0113terisk\u0101s e\u013c\u013cas aromalampas \u016bdenim (15 m2 telpas).&nbsp;<\/li>\n<li><strong>Mas\u0101\u017eas proced\u016br\u0101m:<\/strong> sajaukt 1-2 \u0113terisk\u0101s e\u013c\u013cas pilienus ar 10 ml mas\u0101\u017eas e\u013c\u013cas.<\/li>\n<\/ul>\n<p>Uzglab\u0101t cie&scaron;i nosl\u0113gt\u0101 pudel\u012bt\u0113, temperat\u016br\u0101 no +5 &deg;C &nbsp;l\u012bdz +25 &deg;C, sarg\u0101jot no tie&scaron;iem saules stariem.<\/p>\n<p><strong>Sast\u0101v\u0101 (INCI): <\/strong>Mentha Piperita Oil<\/p>\n<p>&nbsp;<\/p>\n<p><strong><img decoding=\"async\" alt=\"\" src=\"file:\/\/\/C:\/Users\/masha\/Desktop\/GHS09.jpg\" style=\"height:40px; width:40px\" \/>GHS09&nbsp;<img decoding=\"async\" alt=\"\" src=\"file:\/\/\/C:\/Users\/masha\/Desktop\/GHS07.png\" style=\"height:40px; width:40px\" \/>GHS07 Uzman\u012bbu<\/strong><\/p>\n<p>H315 Kairina \u0101du<br \/>\nH317 Var izrais\u012bt aler\u0123isku \u0101das reakciju.<br \/>\nH319 Izraisa nopietnu acu kairin\u0101jumu.<br \/>\nH411 Toksisks \u016bdens organismiem ar ilgsto&scaron;\u0101m sek\u0101m<\/p>\n<p>P102 Sarg\u0101t no b\u0113rniem.<br \/>\nP273 Izvair\u012bties no izplat\u012b&scaron;anas apk\u0101rt\u0113j\u0101 vid\u0113.<br \/>\nP302+P352 Saskar\u0113 ar \u0101du: nomazg\u0101t ar lielu ziepju un \u016bdens daudzumu.&nbsp;<br \/>\nP333+P313 Ja rodas \u0101das iekaisums vai izsitumi: l\u016bdziet medi\u0137u pal\u012bdz\u012bbu.<br \/>\nP305+P351+P338 Saskar\u0113 ar ac\u012bm: Uzman\u012bgi izskalot ar \u016bdeni vair\u0101kas min\u016btes. Iz\u0146emt kontaktl\u0113cas, ja t\u0101s ir ievietotas un ja to var vienk\u0101r&scaron;i izdar\u012bt. Turpin\u0101t skalot.<br \/>\nP337+P313 Ja acu iekaisums nep\u0101riet: l\u016bdziet medi\u0137u pal\u012bdz\u012bbu<br \/>\n&nbsp;<\/p>\n","protected":false},"excerpt":{"rendered":"<p>Lieto&scaron;ana:&nbsp; Gaisa aromatiz\u0101cijai: pievienot 4-6 pilienus \u0113terisk\u0101s e\u013c\u013cas aromalampas \u016bdenim (15 m2 telpas).&nbsp; Mas\u0101\u017eas proced\u016br\u0101m: sajaukt 1-2 \u0113terisk\u0101s e\u013c\u013cas pilienus ar 10 ml mas\u0101\u017eas e\u013c\u013cas. Uzglab\u0101t cie&scaron;i nosl\u0113gt\u0101 pudel\u012bt\u0113, temperat\u016br\u0101 no +5 &deg;C &nbsp;l\u012bdz +25 &deg;C, sarg\u0101jot no tie&scaron;iem saules stariem. Sast\u0101v\u0101 (INCI): Mentha Piperita Oil &nbsp; GHS09&nbsp;GHS07 Uzman\u012bbu H315 Kairina \u0101du H317 Var izrais\u012bt [&#8230;]\n","protected":false},"featured_media":88346,"template":"","meta":[],"product_cat":[2181],"product_tag":[],"class_list":{"0":"post-30721","1":"product","2":"type-product","3":"status-publish","4":"has-post-thumbnail","6":"product_brand-viorica-cosmeplant_bg","7":"product_cat-bez-kategorijas-lt","9":"first","10":"instock","11":"taxable","12":"shipping-taxable","13":"product-type-simple"},"_links":{"self":[{"href":"https:\/\/e.kosmolat.eu\/lv\/wp-json\/wp\/v2\/product\/30721","targetHints":{"allow":["GET"]}}],"collection":[{"href":"https:\/\/e.kosmolat.eu\/lv\/wp-json\/wp\/v2\/product"}],"about":[{"href":"https:\/\/e.kosmolat.eu\/lv\/wp-json\/wp\/v2\/types\/product"}],"wp:featuredmedia":[{"embeddable":true,"href":"https:\/\/e.kosmolat.eu\/lv\/wp-json\/wp\/v2\/media\/88346"}],"wp:attachment":[{"href":"https:\/\/e.kosmolat.eu\/lv\/wp-json\/wp\/v2\/media?parent=30721"}],"wp:term":[{"taxonomy":"product_cat","embeddable":true,"href":"https:\/\/e.kosmolat.eu\/lv\/wp-json\/wp\/v2\/product_cat?post=30721"},{"taxonomy":"product_tag","embeddable":true,"href":"https:\/\/e.kosmolat.eu\/lv\/wp-json\/wp\/v2\/product_tag?post=30721"}],"curies":[{"name":"wp","href":"https:\/\/api.w.org\/{rel}","templated":true}]}}