{"id":30697,"date":"2023-12-19T21:14:58","date_gmt":"2023-12-19T21:14:58","guid":{"rendered":"https:\/\/e.kosmolat.eu\/product\/viorica-parfimerijas-udens-viriesiem-spice_jacket-100-ml\/"},"modified":"2026-04-10T05:59:27","modified_gmt":"2026-04-10T05:59:27","slug":"viorica-parfimerijas-udens-viriesiem-spice_jacket-100-ml","status":"publish","type":"product","link":"https:\/\/e.kosmolat.eu\/lv\/product\/viorica-parfimerijas-udens-viriesiem-spice_jacket-100-ml\/","title":{"rendered":"VIORICA Parfim\u0113rijas \u016bdens v\u012brie\u0161iem Spice_Jacket, 100 ml"},"content":{"rendered":"<p>ikai \u0101r\u012bgai lieto&scaron;anai. Izvair\u012bties no saskares ar ac\u012bm. Ja iek\u013c\u016bst ac\u012bs, izskalot ar lielu daudzumu \u016bdens.<\/p>\n<p>Uzglab\u0101t t&deg; no +5 &deg;\u0421 l\u012bdz +25 &deg;\u0421, sarg\u0101jot no tie&scaron;iem saules stariem un siltuma avotiem. Uzglab\u0101t b\u0113rniem nepieejam\u0101 viet\u0101.&nbsp;<\/p>\n<p><strong>Br\u012bdin\u0101jums: <\/strong>Uzliesmojo&scaron;s &scaron;\u0137idrums. Neizsmidzin\u0101t uz atkl\u0101tas uguns vai citiem aizdeg&scaron;an\u0101s avotiem.&nbsp;<br \/>\n&nbsp;<\/p>\n","protected":false},"excerpt":{"rendered":"<p>ikai \u0101r\u012bgai lieto&scaron;anai. Izvair\u012bties no saskares ar ac\u012bm. Ja iek\u013c\u016bst ac\u012bs, izskalot ar lielu daudzumu \u016bdens. Uzglab\u0101t t&deg; no +5 &deg;\u0421 l\u012bdz +25 &deg;\u0421, sarg\u0101jot no tie&scaron;iem saules stariem un siltuma avotiem. Uzglab\u0101t b\u0113rniem nepieejam\u0101 viet\u0101.&nbsp; Br\u012bdin\u0101jums: Uzliesmojo&scaron;s &scaron;\u0137idrums. Neizsmidzin\u0101t uz atkl\u0101tas uguns vai citiem aizdeg&scaron;an\u0101s avotiem.&nbsp; &nbsp;<\/p>\n","protected":false},"featured_media":88314,"template":"","meta":[],"product_cat":[1438],"product_tag":[],"class_list":{"0":"post-30697","1":"product","2":"type-product","3":"status-publish","4":"has-post-thumbnail","6":"product_brand-viorica-cosmeplant_bg","7":"product_cat-kvepalai-ir-tualetinis-vanduo-vyrams","9":"first","10":"outofstock","11":"taxable","12":"shipping-taxable","13":"product-type-simple"},"_links":{"self":[{"href":"https:\/\/e.kosmolat.eu\/lv\/wp-json\/wp\/v2\/product\/30697","targetHints":{"allow":["GET"]}}],"collection":[{"href":"https:\/\/e.kosmolat.eu\/lv\/wp-json\/wp\/v2\/product"}],"about":[{"href":"https:\/\/e.kosmolat.eu\/lv\/wp-json\/wp\/v2\/types\/product"}],"wp:featuredmedia":[{"embeddable":true,"href":"https:\/\/e.kosmolat.eu\/lv\/wp-json\/wp\/v2\/media\/88314"}],"wp:attachment":[{"href":"https:\/\/e.kosmolat.eu\/lv\/wp-json\/wp\/v2\/media?parent=30697"}],"wp:term":[{"taxonomy":"product_cat","embeddable":true,"href":"https:\/\/e.kosmolat.eu\/lv\/wp-json\/wp\/v2\/product_cat?post=30697"},{"taxonomy":"product_tag","embeddable":true,"href":"https:\/\/e.kosmolat.eu\/lv\/wp-json\/wp\/v2\/product_tag?post=30697"}],"curies":[{"name":"wp","href":"https:\/\/api.w.org\/{rel}","templated":true}]}}