{"id":30685,"date":"2023-12-19T21:13:57","date_gmt":"2023-12-19T21:13:57","guid":{"rendered":"https:\/\/e.kosmolat.eu\/product\/viorica-vie-serums-ar-10-c-vitaminu-30-ml\/"},"modified":"2026-04-21T09:31:02","modified_gmt":"2026-04-21T09:31:02","slug":"viorica-vie-serums-ar-10-c-vitaminu-30-ml","status":"publish","type":"product","link":"https:\/\/e.kosmolat.eu\/lv\/product\/viorica-vie-serums-ar-10-c-vitaminu-30-ml\/","title":{"rendered":"VIORICA VIE Serums ar 10% C vitam\u012bnu, 30 ml"},"content":{"rendered":"<p>Antioksidantu komplekss Viephenol&trade; nov\u0113r&scaron; stimul\u0113 kolag\u0113na izstr\u0101di, &scaron;\u016bnu atjauno&scaron;anos un pal\u0113nina \u0101das fotonoveco&scaron;anos. Stabiliz\u0113tais 10% C vitam\u012bns ar izcilu iek\u013c\u016b&scaron;anas sp\u0113ju uzlabo \u0101das toni un tekst\u016bru, atjauno t\u0101s dabisko mirdzumu. Dz\u0113rve\u0146u ekstrakts pies\u0101tina \u0101du ar v\u0113rt\u012bgiem vitam\u012bniem, palielina t\u0101s elast\u012bbu un izl\u012bdzina smalk\u0101s krunci\u0146as.&nbsp;<\/p>\n<p><strong>Lieto&scaron;ana:<\/strong> uzkl\u0101jiet serumu uz t\u012bras \u0101das no r\u012bta un\/vai vakar\u0101. P\u0113c 5-10 min\u016bt\u0113m nosl\u0113dziet kop&scaron;anas proced\u016bru ar vienu no Vie kr\u0113miem. P\u0113c atv\u0113r&scaron;anas uzglab\u0101t ledusskap\u012b.&nbsp;<\/p>\n<p>Uzglab\u0101t t&deg; no +5 &deg;\u0421 l\u012bdz +25 &deg;\u0421, sarg\u0101jot no tie&scaron;iem saules stariem.&nbsp;<br \/>\n&nbsp;<\/p>\n","protected":false},"excerpt":{"rendered":"<p>Antioksidantu komplekss Viephenol&trade; nov\u0113r&scaron; stimul\u0113 kolag\u0113na izstr\u0101di, &scaron;\u016bnu atjauno&scaron;anos un pal\u0113nina \u0101das fotonoveco&scaron;anos. Stabiliz\u0113tais 10% C vitam\u012bns ar izcilu iek\u013c\u016b&scaron;anas sp\u0113ju uzlabo \u0101das toni un tekst\u016bru, atjauno t\u0101s dabisko mirdzumu. Dz\u0113rve\u0146u ekstrakts pies\u0101tina \u0101du ar v\u0113rt\u012bgiem vitam\u012bniem, palielina t\u0101s elast\u012bbu un izl\u012bdzina smalk\u0101s krunci\u0146as.&nbsp; Lieto&scaron;ana: uzkl\u0101jiet serumu uz t\u012bras \u0101das no r\u012bta un\/vai vakar\u0101. P\u0113c [&#8230;]\n","protected":false},"featured_media":88294,"template":"","meta":[],"product_cat":[2181],"product_tag":[],"class_list":{"0":"post-30685","1":"product","2":"type-product","3":"status-publish","4":"has-post-thumbnail","6":"product_brand-viorica-cosmeplant_bg","7":"product_cat-bez-kategorijas-lt","9":"first","10":"instock","11":"taxable","12":"shipping-taxable","13":"product-type-simple"},"_links":{"self":[{"href":"https:\/\/e.kosmolat.eu\/lv\/wp-json\/wp\/v2\/product\/30685","targetHints":{"allow":["GET"]}}],"collection":[{"href":"https:\/\/e.kosmolat.eu\/lv\/wp-json\/wp\/v2\/product"}],"about":[{"href":"https:\/\/e.kosmolat.eu\/lv\/wp-json\/wp\/v2\/types\/product"}],"wp:featuredmedia":[{"embeddable":true,"href":"https:\/\/e.kosmolat.eu\/lv\/wp-json\/wp\/v2\/media\/88294"}],"wp:attachment":[{"href":"https:\/\/e.kosmolat.eu\/lv\/wp-json\/wp\/v2\/media?parent=30685"}],"wp:term":[{"taxonomy":"product_cat","embeddable":true,"href":"https:\/\/e.kosmolat.eu\/lv\/wp-json\/wp\/v2\/product_cat?post=30685"},{"taxonomy":"product_tag","embeddable":true,"href":"https:\/\/e.kosmolat.eu\/lv\/wp-json\/wp\/v2\/product_tag?post=30685"}],"curies":[{"name":"wp","href":"https:\/\/api.w.org\/{rel}","templated":true}]}}