{"id":30681,"date":"2023-12-19T21:13:30","date_gmt":"2023-12-19T21:13:30","guid":{"rendered":"https:\/\/e.kosmolat.eu\/product\/viorica-vie-pretnovecosanas-eliksirs-vitis-vinifera-30-ml\/"},"modified":"2026-04-17T09:48:51","modified_gmt":"2026-04-17T09:48:51","slug":"viorica-vie-pretnovecosanas-eliksirs-vitis-vinifera-30-ml","status":"publish","type":"product","link":"https:\/\/e.kosmolat.eu\/lv\/product\/viorica-vie-pretnovecosanas-eliksirs-vitis-vinifera-30-ml\/","title":{"rendered":"VIORICA VIE Pretnoveco\u0161an\u0101s eliks\u012brs Vitis Vinifera, 30 ml"},"content":{"rendered":"<p>Antioksidantu komplekss Viephenol&trade; stimul\u0113 kolag\u0113na izstr\u0101di, &scaron;\u016bnu atjauno&scaron;anos un pal\u0113nina \u0101das fotonoveco&scaron;anos. Resveratrols stimul\u0113 kolag\u0113na un elast\u012bna izstr\u0101di, mazinot grumbas. V\u012bnsk\u0101be padara \u0101du glud\u0101ku un mirdzo&scaron;\u0101ku. V\u012bnogu lapu ekstrakts uztur \u016bdens l\u012bdzsvaru \u0101d\u0101, bet v\u012bnogu kauli\u0146u e\u013c\u013ca padara \u0101du elast\u012bg\u0101ku, kori\u0123\u0113jot sejas ov\u0101lu.&nbsp;<\/p>\n<p><strong>Lieto&scaron;ana: <\/strong>uzkl\u0101jiet kr\u0113mu uz t\u012bras \u0101das no r\u012bta un\/vai vakar\u0101. P\u0113c 5-10 min\u016bt\u0113m nosl\u0113dziet \u0101das kop&scaron;anas proced\u016bru ar k\u0101du no VIE s\u0113rijas pretnoveco&scaron;an\u0101s kr\u0113miem. Pirms lieto&scaron;anas p\u0101rbaud\u012bt l\u012bdzekli uz apak&scaron;delma iek&scaron;\u0113j\u0101s virsmas.<\/p>\n<p>Uzglab\u0101t t&deg; no +5 &deg;\u0421 l\u012bdz +25 &deg;\u0421, sarg\u0101jot no tie&scaron;iem saules stariem.<br \/>\n&nbsp;<\/p>\n","protected":false},"excerpt":{"rendered":"<p>Antioksidantu komplekss Viephenol&trade; stimul\u0113 kolag\u0113na izstr\u0101di, &scaron;\u016bnu atjauno&scaron;anos un pal\u0113nina \u0101das fotonoveco&scaron;anos. Resveratrols stimul\u0113 kolag\u0113na un elast\u012bna izstr\u0101di, mazinot grumbas. V\u012bnsk\u0101be padara \u0101du glud\u0101ku un mirdzo&scaron;\u0101ku. V\u012bnogu lapu ekstrakts uztur \u016bdens l\u012bdzsvaru \u0101d\u0101, bet v\u012bnogu kauli\u0146u e\u013c\u013ca padara \u0101du elast\u012bg\u0101ku, kori\u0123\u0113jot sejas ov\u0101lu.&nbsp; Lieto&scaron;ana: uzkl\u0101jiet kr\u0113mu uz t\u012bras \u0101das no r\u012bta un\/vai vakar\u0101. P\u0113c 5-10 [&#8230;]\n","protected":false},"featured_media":88290,"template":"","meta":[],"product_cat":[1323],"product_tag":[],"class_list":{"0":"post-30681","1":"product","2":"type-product","3":"status-publish","4":"has-post-thumbnail","6":"product_brand-viorica-cosmeplant_bg","7":"product_cat-1323","9":"first","10":"instock","11":"taxable","12":"shipping-taxable","13":"product-type-simple"},"_links":{"self":[{"href":"https:\/\/e.kosmolat.eu\/lv\/wp-json\/wp\/v2\/product\/30681","targetHints":{"allow":["GET"]}}],"collection":[{"href":"https:\/\/e.kosmolat.eu\/lv\/wp-json\/wp\/v2\/product"}],"about":[{"href":"https:\/\/e.kosmolat.eu\/lv\/wp-json\/wp\/v2\/types\/product"}],"wp:featuredmedia":[{"embeddable":true,"href":"https:\/\/e.kosmolat.eu\/lv\/wp-json\/wp\/v2\/media\/88290"}],"wp:attachment":[{"href":"https:\/\/e.kosmolat.eu\/lv\/wp-json\/wp\/v2\/media?parent=30681"}],"wp:term":[{"taxonomy":"product_cat","embeddable":true,"href":"https:\/\/e.kosmolat.eu\/lv\/wp-json\/wp\/v2\/product_cat?post=30681"},{"taxonomy":"product_tag","embeddable":true,"href":"https:\/\/e.kosmolat.eu\/lv\/wp-json\/wp\/v2\/product_tag?post=30681"}],"curies":[{"name":"wp","href":"https:\/\/api.w.org\/{rel}","templated":true}]}}