{"id":30673,"date":"2023-12-19T21:12:49","date_gmt":"2023-12-19T21:12:49","guid":{"rendered":"https:\/\/e.kosmolat.eu\/product\/viorica-vie-delikats-micelarais-udens-300-ml\/"},"modified":"2026-04-17T13:04:01","modified_gmt":"2026-04-17T13:04:01","slug":"viorica-vie-delikats-micelarais-udens-300-ml","status":"publish","type":"product","link":"https:\/\/e.kosmolat.eu\/lv\/product\/viorica-vie-delikats-micelarais-udens-300-ml\/","title":{"rendered":"VIORICA VIE Delik\u0101ts micel\u0101rais \u016bdens, 300 ml"},"content":{"rendered":"<p>Viephenol&trade; nodro&scaron;ina sp\u0113c\u012bgu antioksidantu aizsardz\u012bbu un stimul\u0113 \u0101das &scaron;\u016bnu atjauno&scaron;anos. Kli\u0146\u0123er\u012b&scaron;u ekstrakts nomierina \u0101du. Sf\u0113risk\u0101s micellas no\u0146em net\u012brumus un makij\u0101\u017eu.&nbsp;<\/p>\n<p><strong>Lieto&scaron;ana: <\/strong>uzkl\u0101t uz vates diska un r\u016bp\u012bgi not\u012br\u012bt seju, acis, l\u016bpas. Pirms lieto&scaron;anas p\u0101rbaud\u012bt l\u012bdzekli uz apak&scaron;delma iek&scaron;\u0113j\u0101s virsmas.&nbsp;<\/p>\n<p>Uzglab\u0101t t&deg; no +5 &deg;\u0421 l\u012bdz +25 &deg;\u0421, sarg\u0101jot no tie&scaron;iem saules stariem.&nbsp;<br \/>\n&nbsp;<\/p>\n","protected":false},"excerpt":{"rendered":"<p>Viephenol&trade; nodro&scaron;ina sp\u0113c\u012bgu antioksidantu aizsardz\u012bbu un stimul\u0113 \u0101das &scaron;\u016bnu atjauno&scaron;anos. Kli\u0146\u0123er\u012b&scaron;u ekstrakts nomierina \u0101du. Sf\u0113risk\u0101s micellas no\u0146em net\u012brumus un makij\u0101\u017eu.&nbsp; Lieto&scaron;ana: uzkl\u0101t uz vates diska un r\u016bp\u012bgi not\u012br\u012bt seju, acis, l\u016bpas. Pirms lieto&scaron;anas p\u0101rbaud\u012bt l\u012bdzekli uz apak&scaron;delma iek&scaron;\u0113j\u0101s virsmas.&nbsp; Uzglab\u0101t t&deg; no +5 &deg;\u0421 l\u012bdz +25 &deg;\u0421, sarg\u0101jot no tie&scaron;iem saules stariem.&nbsp; &nbsp;<\/p>\n","protected":false},"featured_media":88274,"template":"","meta":[],"product_cat":[1568],"product_tag":[],"class_list":{"0":"post-30673","1":"product","2":"type-product","3":"status-publish","4":"has-post-thumbnail","6":"product_brand-viorica-cosmeplant_bg","7":"product_cat-micelarais-udens","9":"first","10":"outofstock","11":"taxable","12":"shipping-taxable","13":"product-type-simple"},"_links":{"self":[{"href":"https:\/\/e.kosmolat.eu\/lv\/wp-json\/wp\/v2\/product\/30673","targetHints":{"allow":["GET"]}}],"collection":[{"href":"https:\/\/e.kosmolat.eu\/lv\/wp-json\/wp\/v2\/product"}],"about":[{"href":"https:\/\/e.kosmolat.eu\/lv\/wp-json\/wp\/v2\/types\/product"}],"wp:featuredmedia":[{"embeddable":true,"href":"https:\/\/e.kosmolat.eu\/lv\/wp-json\/wp\/v2\/media\/88274"}],"wp:attachment":[{"href":"https:\/\/e.kosmolat.eu\/lv\/wp-json\/wp\/v2\/media?parent=30673"}],"wp:term":[{"taxonomy":"product_cat","embeddable":true,"href":"https:\/\/e.kosmolat.eu\/lv\/wp-json\/wp\/v2\/product_cat?post=30673"},{"taxonomy":"product_tag","embeddable":true,"href":"https:\/\/e.kosmolat.eu\/lv\/wp-json\/wp\/v2\/product_tag?post=30673"}],"curies":[{"name":"wp","href":"https:\/\/api.w.org\/{rel}","templated":true}]}}