{"id":30669,"date":"2023-12-19T21:12:24","date_gmt":"2023-12-19T21:12:24","guid":{"rendered":"https:\/\/e.kosmolat.eu\/product\/viorica-vie-pretnovecosanas-multiaizsargkrems-spf20-50-ml\/"},"modified":"2026-04-11T18:38:56","modified_gmt":"2026-04-11T18:38:56","slug":"viorica-vie-pretnovecosanas-multiaizsargkrems-spf20-50-ml","status":"publish","type":"product","link":"https:\/\/e.kosmolat.eu\/lv\/product\/viorica-vie-pretnovecosanas-multiaizsargkrems-spf20-50-ml\/","title":{"rendered":"VIORICA VIE Pretnoveco\u0161an\u0101s multiaizsargkr\u0113ms SPF20, 50 ml"},"content":{"rendered":"<p>Viephenol&trade; nodro&scaron;ina sp\u0113c\u012bgu antioksidantu aizsardz\u012bbu un stimul\u0113 \u0101das &scaron;\u016bnu atjauno&scaron;anos. Patent\u0113t\u0101 rozmar\u012bnsk\u0101bes, kriz\u012bna un tetrapept\u012bda-7 kombin\u0101cija neitraliz\u0113 zil\u0101s gaismas kait\u012bgo ietekmi uz \u0101du. E vitam\u012bns \u010detrk\u0101rt\u012bgi uzlabo C vitam\u012bna \u012bpa&scaron;\u012bbas, un to siner\u0123isk\u0101 darb\u012bba b\u016btiski uzlabo \u0101das elast\u012bbu.&nbsp;<\/p>\n<p><strong>Lieto&scaron;ana:<\/strong> ar mas\u0113jo&scaron;\u0101m kust\u012bb\u0101m uzkl\u0101t kr\u0113mu uz t\u012bras sejas, kakla un dekolt\u0113 zonas \u0101das. Notur\u012bg\u0101kam efektam lietot katru r\u012btu. Pirms lieto&scaron;anas p\u0101rbaud\u012bt l\u012bdzekli uz apak&scaron;delma iek&scaron;\u0113j\u0101s virsmas.<\/p>\n<p>Uzglab\u0101t t&deg; no +5 &deg;\u0421 l\u012bdz +25 &deg;\u0421, sarg\u0101jot no tie&scaron;iem saules stariem.&nbsp;<br \/>\n&nbsp;<\/p>\n","protected":false},"excerpt":{"rendered":"<p>Viephenol&trade; nodro&scaron;ina sp\u0113c\u012bgu antioksidantu aizsardz\u012bbu un stimul\u0113 \u0101das &scaron;\u016bnu atjauno&scaron;anos. Patent\u0113t\u0101 rozmar\u012bnsk\u0101bes, kriz\u012bna un tetrapept\u012bda-7 kombin\u0101cija neitraliz\u0113 zil\u0101s gaismas kait\u012bgo ietekmi uz \u0101du. E vitam\u012bns \u010detrk\u0101rt\u012bgi uzlabo C vitam\u012bna \u012bpa&scaron;\u012bbas, un to siner\u0123isk\u0101 darb\u012bba b\u016btiski uzlabo \u0101das elast\u012bbu.&nbsp; Lieto&scaron;ana: ar mas\u0113jo&scaron;\u0101m kust\u012bb\u0101m uzkl\u0101t kr\u0113mu uz t\u012bras sejas, kakla un dekolt\u0113 zonas \u0101das. Notur\u012bg\u0101kam efektam lietot [&#8230;]\n","protected":false},"featured_media":88266,"template":"","meta":[],"product_cat":[1320],"product_tag":[],"class_list":{"0":"post-30669","1":"product","2":"type-product","3":"status-publish","4":"has-post-thumbnail","6":"product_brand-viorica-cosmeplant_bg","7":"product_cat-sejas-kremi","9":"first","10":"outofstock","11":"taxable","12":"shipping-taxable","13":"product-type-simple"},"_links":{"self":[{"href":"https:\/\/e.kosmolat.eu\/lv\/wp-json\/wp\/v2\/product\/30669","targetHints":{"allow":["GET"]}}],"collection":[{"href":"https:\/\/e.kosmolat.eu\/lv\/wp-json\/wp\/v2\/product"}],"about":[{"href":"https:\/\/e.kosmolat.eu\/lv\/wp-json\/wp\/v2\/types\/product"}],"wp:featuredmedia":[{"embeddable":true,"href":"https:\/\/e.kosmolat.eu\/lv\/wp-json\/wp\/v2\/media\/88266"}],"wp:attachment":[{"href":"https:\/\/e.kosmolat.eu\/lv\/wp-json\/wp\/v2\/media?parent=30669"}],"wp:term":[{"taxonomy":"product_cat","embeddable":true,"href":"https:\/\/e.kosmolat.eu\/lv\/wp-json\/wp\/v2\/product_cat?post=30669"},{"taxonomy":"product_tag","embeddable":true,"href":"https:\/\/e.kosmolat.eu\/lv\/wp-json\/wp\/v2\/product_tag?post=30669"}],"curies":[{"name":"wp","href":"https:\/\/api.w.org\/{rel}","templated":true}]}}