{"id":30665,"date":"2023-12-19T21:12:02","date_gmt":"2023-12-19T21:12:02","guid":{"rendered":"https:\/\/e.kosmolat.eu\/product\/viorica-vie-mitrinosa-kremzeleja-spf20-50-ml\/"},"modified":"2026-04-20T12:36:15","modified_gmt":"2026-04-20T12:36:15","slug":"viorica-vie-mitrinosa-kremzeleja-spf20-50-ml","status":"publish","type":"product","link":"https:\/\/e.kosmolat.eu\/lv\/product\/viorica-vie-mitrinosa-kremzeleja-spf20-50-ml\/","title":{"rendered":"VIORICA VIE Mitrino\u0161a kr\u0113m\u017eeleja SPF20, 50 ml"},"content":{"rendered":"<p>Viephenol&trade; nodro&scaron;ina sp\u0113c\u012bgu antioksidantu aizsardz\u012bbu un stimul\u0113 \u0101das &scaron;\u016bnu atjauno&scaron;anos. Augu izcelsmes keram\u012bdi nov\u0113r&scaron; transepiderm\u0101lo \u016bdens zudumu. UVA un UVB filtri nodro&scaron;ina kompleksu aizsardz\u012bbu pret saules starojumu.&nbsp;<\/p>\n<p><strong>Lieto&scaron;ana: <\/strong>ar mas\u0113jo&scaron;\u0101m kust\u012bb\u0101m uzkl\u0101t kr\u0113mu uz t\u012bras sejas, kakla un dekolt\u0113 zonas \u0101das. Pirms lieto&scaron;anas p\u0101rbaud\u012bt l\u012bdzekli uz apak&scaron;delma iek&scaron;\u0113j\u0101s virsmas.<\/p>\n<p>Uzglab\u0101t t&deg; no +5 &deg;\u0421 l\u012bdz +25 &deg;\u0421, sarg\u0101jot no tie&scaron;iem saules stariem.&nbsp;<br \/>\n&nbsp;<\/p>\n","protected":false},"excerpt":{"rendered":"<p>Viephenol&trade; nodro&scaron;ina sp\u0113c\u012bgu antioksidantu aizsardz\u012bbu un stimul\u0113 \u0101das &scaron;\u016bnu atjauno&scaron;anos. Augu izcelsmes keram\u012bdi nov\u0113r&scaron; transepiderm\u0101lo \u016bdens zudumu. UVA un UVB filtri nodro&scaron;ina kompleksu aizsardz\u012bbu pret saules starojumu.&nbsp; Lieto&scaron;ana: ar mas\u0113jo&scaron;\u0101m kust\u012bb\u0101m uzkl\u0101t kr\u0113mu uz t\u012bras sejas, kakla un dekolt\u0113 zonas \u0101das. Pirms lieto&scaron;anas p\u0101rbaud\u012bt l\u012bdzekli uz apak&scaron;delma iek&scaron;\u0113j\u0101s virsmas. Uzglab\u0101t t&deg; no +5 &deg;\u0421 l\u012bdz [&#8230;]\n","protected":false},"featured_media":88242,"template":"","meta":[],"product_cat":[1322],"product_tag":[],"class_list":{"0":"post-30665","1":"product","2":"type-product","3":"status-publish","4":"has-post-thumbnail","6":"product_brand-viorica-cosmeplant_bg","7":"product_cat-veido-kremai","9":"first","10":"instock","11":"taxable","12":"shipping-taxable","13":"product-type-simple"},"_links":{"self":[{"href":"https:\/\/e.kosmolat.eu\/lv\/wp-json\/wp\/v2\/product\/30665","targetHints":{"allow":["GET"]}}],"collection":[{"href":"https:\/\/e.kosmolat.eu\/lv\/wp-json\/wp\/v2\/product"}],"about":[{"href":"https:\/\/e.kosmolat.eu\/lv\/wp-json\/wp\/v2\/types\/product"}],"wp:featuredmedia":[{"embeddable":true,"href":"https:\/\/e.kosmolat.eu\/lv\/wp-json\/wp\/v2\/media\/88242"}],"wp:attachment":[{"href":"https:\/\/e.kosmolat.eu\/lv\/wp-json\/wp\/v2\/media?parent=30665"}],"wp:term":[{"taxonomy":"product_cat","embeddable":true,"href":"https:\/\/e.kosmolat.eu\/lv\/wp-json\/wp\/v2\/product_cat?post=30665"},{"taxonomy":"product_tag","embeddable":true,"href":"https:\/\/e.kosmolat.eu\/lv\/wp-json\/wp\/v2\/product_tag?post=30665"}],"curies":[{"name":"wp","href":"https:\/\/api.w.org\/{rel}","templated":true}]}}