{"id":30661,"date":"2023-12-19T21:11:45","date_gmt":"2023-12-19T21:11:45","guid":{"rendered":"https:\/\/e.kosmolat.eu\/product\/effekt-odekolons-viriesiem-80-ml\/"},"modified":"2025-09-20T00:39:58","modified_gmt":"2025-09-20T00:39:58","slug":"i_effekt-odekolons-viriesiem-80-ml","status":"publish","type":"product","link":"https:\/\/e.kosmolat.eu\/lv\/product\/i_effekt-odekolons-viriesiem-80-ml\/","title":{"rendered":"I_Effekt Odekolons V\u012brie\u0161iem, 80 ml"},"content":{"rendered":"<p>Etilspirta tilpuma da\u013ca, tilp. %, 62.5&plusmn;1.0.<\/p>\n<p><strong>Piesardz\u012bbas pas\u0101kumi: <\/strong>Nelietot atkl\u0101tas uguns tuvum\u0101. Izvair\u012bties no saskares ar ac\u012bm. &nbsp;<\/p>\n<p>Uzglab\u0101t temperat\u016br\u0101 no +5 &deg;\u0421 l\u012bdz +25 &deg;\u0421.<br \/>\n&nbsp;<\/p>\n","protected":false},"excerpt":{"rendered":"<p>Etilspirta tilpuma da\u013ca, tilp. %, 62.5&plusmn;1.0. Piesardz\u012bbas pas\u0101kumi: Nelietot atkl\u0101tas uguns tuvum\u0101. Izvair\u012bties no saskares ar ac\u012bm. &nbsp; Uzglab\u0101t temperat\u016br\u0101 no +5 &deg;\u0421 l\u012bdz +25 &deg;\u0421. &nbsp;<\/p>\n","protected":false},"featured_media":88214,"template":"","meta":[],"product_cat":[1315],"product_tag":[],"class_list":{"0":"post-30661","1":"product","2":"type-product","3":"status-publish","4":"has-post-thumbnail","6":"product_brand-effekt_ua","7":"product_cat-odekoloni-un-losjoni","9":"first","10":"outofstock","11":"taxable","12":"shipping-taxable","13":"product-type-simple"},"_links":{"self":[{"href":"https:\/\/e.kosmolat.eu\/lv\/wp-json\/wp\/v2\/product\/30661","targetHints":{"allow":["GET"]}}],"collection":[{"href":"https:\/\/e.kosmolat.eu\/lv\/wp-json\/wp\/v2\/product"}],"about":[{"href":"https:\/\/e.kosmolat.eu\/lv\/wp-json\/wp\/v2\/types\/product"}],"wp:featuredmedia":[{"embeddable":true,"href":"https:\/\/e.kosmolat.eu\/lv\/wp-json\/wp\/v2\/media\/88214"}],"wp:attachment":[{"href":"https:\/\/e.kosmolat.eu\/lv\/wp-json\/wp\/v2\/media?parent=30661"}],"wp:term":[{"taxonomy":"product_cat","embeddable":true,"href":"https:\/\/e.kosmolat.eu\/lv\/wp-json\/wp\/v2\/product_cat?post=30661"},{"taxonomy":"product_tag","embeddable":true,"href":"https:\/\/e.kosmolat.eu\/lv\/wp-json\/wp\/v2\/product_tag?post=30661"}],"curies":[{"name":"wp","href":"https:\/\/api.w.org\/{rel}","templated":true}]}}