{"id":30657,"date":"2023-12-19T21:11:20","date_gmt":"2023-12-19T21:11:20","guid":{"rendered":"https:\/\/e.kosmolat.eu\/product\/deba-nb-micelarais-udens-refreshing-500-ml\/"},"modified":"2026-04-22T08:24:57","modified_gmt":"2026-04-22T08:24:57","slug":"deba-nb-micelarais-udens-refreshing-500-ml","status":"publish","type":"product","link":"https:\/\/e.kosmolat.eu\/lv\/product\/deba-nb-micelarais-udens-refreshing-500-ml\/","title":{"rendered":"DeBa NB Micel\u0101rais \u016bdens Refreshing, 500 ml"},"content":{"rendered":"<p>Piem\u0113rots visiem \u0101das tipiem. Efekt\u012bvi no\u0146em makij\u0101\u017eu un att\u012bra \u0101du no net\u012brumiem, putek\u013ciem un liek\u0101 sebuma, nomierinot sejas, acu un kakla \u0101du un &nbsp;pie&scaron;\u0137irot smalku arom\u0101tu. Nekairina un nesausina \u0101du.<\/p>\n<p><strong>Akt\u012bv\u0101s sast\u0101vda\u013cas:<\/strong> organiskais gran\u0101t\u0101bola ekstrakts, kas bag\u0101ts ar C vitam\u012bnu, sniedz \u0101dai ener\u0123iju, pasarg\u0101 to no apk\u0101rt\u0113j\u0101s vides nelabv\u0113l\u012bg\u0101s ietekmes. Organiskais ro\u017e\u016bdens, kas nodro&scaron;ina nomierino&scaron;u un antioksidantu iedarb\u012bbu.&nbsp;<\/p>\n<p><strong>Lieto&scaron;ana:<\/strong> att\u012briet sejas, acu un kakla \u0101du ar vates disku, samitrin\u0101tu ar nelielu daudzumu micel\u0101r\u0101 \u016bdens. Izvairieties no maig\u0101s \u0101das ber&scaron;anas zon\u0101 ap ac\u012bm.&nbsp;<br \/>\n&nbsp;<\/p>\n","protected":false},"excerpt":{"rendered":"<p>Piem\u0113rots visiem \u0101das tipiem. Efekt\u012bvi no\u0146em makij\u0101\u017eu un att\u012bra \u0101du no net\u012brumiem, putek\u013ciem un liek\u0101 sebuma, nomierinot sejas, acu un kakla \u0101du un &nbsp;pie&scaron;\u0137irot smalku arom\u0101tu. Nekairina un nesausina \u0101du. Akt\u012bv\u0101s sast\u0101vda\u013cas: organiskais gran\u0101t\u0101bola ekstrakts, kas bag\u0101ts ar C vitam\u012bnu, sniedz \u0101dai ener\u0123iju, pasarg\u0101 to no apk\u0101rt\u0113j\u0101s vides nelabv\u0113l\u012bg\u0101s ietekmes. Organiskais ro\u017e\u016bdens, kas nodro&scaron;ina nomierino&scaron;u [&#8230;]\n","protected":false},"featured_media":88210,"template":"","meta":[],"product_cat":[2182],"product_tag":[],"class_list":{"0":"post-30657","1":"product","2":"type-product","3":"status-publish","4":"has-post-thumbnail","6":"product_brand-rubella-bg","7":"product_cat-bez-kategorijas-ru","9":"first","10":"instock","11":"taxable","12":"shipping-taxable","13":"product-type-simple"},"_links":{"self":[{"href":"https:\/\/e.kosmolat.eu\/lv\/wp-json\/wp\/v2\/product\/30657","targetHints":{"allow":["GET"]}}],"collection":[{"href":"https:\/\/e.kosmolat.eu\/lv\/wp-json\/wp\/v2\/product"}],"about":[{"href":"https:\/\/e.kosmolat.eu\/lv\/wp-json\/wp\/v2\/types\/product"}],"wp:featuredmedia":[{"embeddable":true,"href":"https:\/\/e.kosmolat.eu\/lv\/wp-json\/wp\/v2\/media\/88210"}],"wp:attachment":[{"href":"https:\/\/e.kosmolat.eu\/lv\/wp-json\/wp\/v2\/media?parent=30657"}],"wp:term":[{"taxonomy":"product_cat","embeddable":true,"href":"https:\/\/e.kosmolat.eu\/lv\/wp-json\/wp\/v2\/product_cat?post=30657"},{"taxonomy":"product_tag","embeddable":true,"href":"https:\/\/e.kosmolat.eu\/lv\/wp-json\/wp\/v2\/product_tag?post=30657"}],"curies":[{"name":"wp","href":"https:\/\/api.w.org\/{rel}","templated":true}]}}