{"id":30649,"date":"2023-12-19T21:10:31","date_gmt":"2023-12-19T21:10:31","guid":{"rendered":"https:\/\/e.kosmolat.eu\/product\/7d-mbw-atvesin-atjaun-pilinga-diski-sejai-phaice-50-gab-150-ml\/"},"modified":"2026-03-17T09:03:33","modified_gmt":"2026-03-17T09:03:33","slug":"7d-mbw-atvesin-atjaun-pilinga-diski-sejai-phaice-50-gab-150-ml","status":"publish","type":"product","link":"https:\/\/e.kosmolat.eu\/lv\/product\/7d-mbw-atvesin-atjaun-pilinga-diski-sejai-phaice-50-gab-150-ml\/","title":{"rendered":"7D MBW Atv\u0113sin.atjaun.p\u012blinga diski sejai PHA+ICE, 50 gab, 150 ml"},"content":{"rendered":"<p>Satur PHA+LHA sk\u0101bju kompleksu un niacinam\u012bdu maigam p\u012blingam, intens\u012bvai mitrin\u0101&scaron;anai un \u0101das tekst\u016bras izl\u012bdzin\u0101&scaron;anai.<\/p>\n<p>PHA-sk\u0101bju komplekss veicina atjauno&scaron;an\u0101s procesus, maigi noloba vec\u0101s &scaron;\u016bnas un izl\u012bdzina \u0101das mikroreljefu. Hialuronsk\u0101be intens\u012bvi mitrina, stimul\u0113 kolag\u0113na izstr\u0101di \u0101d\u0101, nodro&scaron;ina \u0101das maigumu, elast\u012bbu un mirdzumu. Mentols pat\u012bkami atv\u0113sina, stiprina, sniedz liftinga efektu un sa&scaron;aurina poras. Rozmar\u012bna ekstrakts un eikalipta e\u013c\u013ca mat\u0113, toniz\u0113 un efekt\u012bvi c\u012bn\u0101s ar \u0101das nepiln\u012bb\u0101m.<\/p>\n<p><strong>Lieto&scaron;ana: <\/strong>ar ap\u013cveida kust\u012bb\u0101m uzman\u012bgi not\u012briet sejas \u0101du ar p\u012blinga diska reljefaino pusi, \u012bpa&scaron;u uzman\u012bbu piev\u0113r&scaron;ot probl\u0113mzon\u0101m un T-zonai. Nav nepiecie&scaron;ams noskalot.<\/p>\n<p><strong>Piesardz\u012bbas pas\u0101kumi: <\/strong>tikai \u0101r\u012bgai lieto&scaron;anai. Nelietot vienu disku vair\u0101kk\u0101rt. Izvair\u012bties no saskares ar ac\u012bm. Ja iek\u013c\u016bst ac\u012bs, nekav\u0113joties izskalot ar lielu daudzumu \u016bdens un, nepiecie&scaron;am\u012bbas gad\u012bjum\u0101, v\u0113rsties p\u0113c medic\u012bniskas pal\u012bdz\u012bbas. Neuzkl\u0101t uz boj\u0101tas \u0101das. Nelietot, ja ir paaugstin\u0101ta jut\u012bba pret k\u0101du no l\u012bdzek\u013ca sast\u0101vda\u013c\u0101m. P\u0101rtraukt lieto&scaron;anu, ja rodas kairin\u0101jums. Sarg\u0101t no b\u0113rniem. Uzglab\u0101t temperat\u016br\u0101 no +5&deg;C l\u012bdz +25&deg;C. P\u0113c p\u012blinga disku lieto&scaron;anas izvairieties no tie&scaron;iem saules stariem, izejot saul\u0113 izmantojiet saules aizsargl\u012bdzekli (SPF &ge;30).<br \/>\n&nbsp;<\/p>\n","protected":false},"excerpt":{"rendered":"<p>Satur PHA+LHA sk\u0101bju kompleksu un niacinam\u012bdu maigam p\u012blingam, intens\u012bvai mitrin\u0101&scaron;anai un \u0101das tekst\u016bras izl\u012bdzin\u0101&scaron;anai. PHA-sk\u0101bju komplekss veicina atjauno&scaron;an\u0101s procesus, maigi noloba vec\u0101s &scaron;\u016bnas un izl\u012bdzina \u0101das mikroreljefu. Hialuronsk\u0101be intens\u012bvi mitrina, stimul\u0113 kolag\u0113na izstr\u0101di \u0101d\u0101, nodro&scaron;ina \u0101das maigumu, elast\u012bbu un mirdzumu. Mentols pat\u012bkami atv\u0113sina, stiprina, sniedz liftinga efektu un sa&scaron;aurina poras. Rozmar\u012bna ekstrakts un eikalipta e\u013c\u013ca [&#8230;]\n","protected":false},"featured_media":88198,"template":"","meta":[],"product_cat":[1999],"product_tag":[],"class_list":{"0":"post-30649","1":"product","2":"type-product","3":"status-publish","4":"has-post-thumbnail","6":"product_brand-7days_it","7":"product_cat-bez-kategorijas","9":"first","10":"outofstock","11":"taxable","12":"shipping-taxable","13":"product-type-simple"},"_links":{"self":[{"href":"https:\/\/e.kosmolat.eu\/lv\/wp-json\/wp\/v2\/product\/30649","targetHints":{"allow":["GET"]}}],"collection":[{"href":"https:\/\/e.kosmolat.eu\/lv\/wp-json\/wp\/v2\/product"}],"about":[{"href":"https:\/\/e.kosmolat.eu\/lv\/wp-json\/wp\/v2\/types\/product"}],"wp:featuredmedia":[{"embeddable":true,"href":"https:\/\/e.kosmolat.eu\/lv\/wp-json\/wp\/v2\/media\/88198"}],"wp:attachment":[{"href":"https:\/\/e.kosmolat.eu\/lv\/wp-json\/wp\/v2\/media?parent=30649"}],"wp:term":[{"taxonomy":"product_cat","embeddable":true,"href":"https:\/\/e.kosmolat.eu\/lv\/wp-json\/wp\/v2\/product_cat?post=30649"},{"taxonomy":"product_tag","embeddable":true,"href":"https:\/\/e.kosmolat.eu\/lv\/wp-json\/wp\/v2\/product_tag?post=30649"}],"curies":[{"name":"wp","href":"https:\/\/api.w.org\/{rel}","templated":true}]}}