{"id":30641,"date":"2023-12-19T21:09:56","date_gmt":"2023-12-19T21:09:56","guid":{"rendered":"https:\/\/e.kosmolat.eu\/product\/vannas-suklis-ovals-daz-krasas-6017\/"},"modified":"2026-03-31T12:14:12","modified_gmt":"2026-03-31T12:14:12","slug":"vannas-suklis-ovals-daz-krasas-6017","status":"publish","type":"product","link":"https:\/\/e.kosmolat.eu\/lv\/product\/vannas-suklis-ovals-daz-krasas-6017\/","title":{"rendered":"Vannas s\u016bklis, ov\u0101ls, da\u017e.kr\u0101sas, 6017"},"content":{"rendered":"","protected":false},"excerpt":{"rendered":"","protected":false},"featured_media":88182,"template":"","meta":[],"product_cat":[1827],"product_tag":[],"class_list":{"0":"post-30641","1":"product","2":"type-product","3":"status-publish","4":"has-post-thumbnail","6":"product_brand-donegal-sp-zo-o-_pl","7":"product_cat-kermena-kopsanas-aksesuari","9":"first","10":"outofstock","11":"taxable","12":"shipping-taxable","13":"product-type-simple"},"_links":{"self":[{"href":"https:\/\/e.kosmolat.eu\/lv\/wp-json\/wp\/v2\/product\/30641","targetHints":{"allow":["GET"]}}],"collection":[{"href":"https:\/\/e.kosmolat.eu\/lv\/wp-json\/wp\/v2\/product"}],"about":[{"href":"https:\/\/e.kosmolat.eu\/lv\/wp-json\/wp\/v2\/types\/product"}],"wp:featuredmedia":[{"embeddable":true,"href":"https:\/\/e.kosmolat.eu\/lv\/wp-json\/wp\/v2\/media\/88182"}],"wp:attachment":[{"href":"https:\/\/e.kosmolat.eu\/lv\/wp-json\/wp\/v2\/media?parent=30641"}],"wp:term":[{"taxonomy":"product_cat","embeddable":true,"href":"https:\/\/e.kosmolat.eu\/lv\/wp-json\/wp\/v2\/product_cat?post=30641"},{"taxonomy":"product_tag","embeddable":true,"href":"https:\/\/e.kosmolat.eu\/lv\/wp-json\/wp\/v2\/product_tag?post=30641"}],"curies":[{"name":"wp","href":"https:\/\/api.w.org\/{rel}","templated":true}]}}