{"id":30637,"date":"2023-12-19T21:09:42","date_gmt":"2023-12-19T21:09:42","guid":{"rendered":"https:\/\/e.kosmolat.eu\/product\/donegal-traucins-matu-krasosanai\/"},"modified":"2025-09-20T00:37:45","modified_gmt":"2025-09-20T00:37:45","slug":"traucins-matu-krasosanai","status":"publish","type":"product","link":"https:\/\/e.kosmolat.eu\/lv\/product\/traucins-matu-krasosanai\/","title":{"rendered":"Trauci\u0146\u0161 matu kr\u0101so\u0161anai"},"content":{"rendered":"","protected":false},"excerpt":{"rendered":"","protected":false},"featured_media":88178,"template":"","meta":[],"product_cat":[1816],"product_tag":[],"class_list":{"0":"post-30637","1":"product","2":"type-product","3":"status-publish","4":"has-post-thumbnail","6":"product_brand-donegal-sp-zo-o-_pl","7":"product_cat-matu-aksesuari","9":"first","10":"outofstock","11":"taxable","12":"shipping-taxable","13":"product-type-simple"},"_links":{"self":[{"href":"https:\/\/e.kosmolat.eu\/lv\/wp-json\/wp\/v2\/product\/30637","targetHints":{"allow":["GET"]}}],"collection":[{"href":"https:\/\/e.kosmolat.eu\/lv\/wp-json\/wp\/v2\/product"}],"about":[{"href":"https:\/\/e.kosmolat.eu\/lv\/wp-json\/wp\/v2\/types\/product"}],"wp:featuredmedia":[{"embeddable":true,"href":"https:\/\/e.kosmolat.eu\/lv\/wp-json\/wp\/v2\/media\/88178"}],"wp:attachment":[{"href":"https:\/\/e.kosmolat.eu\/lv\/wp-json\/wp\/v2\/media?parent=30637"}],"wp:term":[{"taxonomy":"product_cat","embeddable":true,"href":"https:\/\/e.kosmolat.eu\/lv\/wp-json\/wp\/v2\/product_cat?post=30637"},{"taxonomy":"product_tag","embeddable":true,"href":"https:\/\/e.kosmolat.eu\/lv\/wp-json\/wp\/v2\/product_tag?post=30637"}],"curies":[{"name":"wp","href":"https:\/\/api.w.org\/{rel}","templated":true}]}}