{"id":30633,"date":"2023-12-19T21:09:18","date_gmt":"2023-12-19T21:09:18","guid":{"rendered":"https:\/\/e.kosmolat.eu\/product\/deba-vitamin-c-sejas-krems-50-ml\/"},"modified":"2026-04-22T08:24:41","modified_gmt":"2026-04-22T08:24:41","slug":"deba-vitamin-c-sejas-krems-50-ml","status":"publish","type":"product","link":"https:\/\/e.kosmolat.eu\/lv\/product\/deba-vitamin-c-sejas-krems-50-ml\/","title":{"rendered":"DeBa Vitamin C Sejas kr\u0113ms, 50 ml"},"content":{"rendered":"<p>Piem\u0113rots visiem \u0101das tipiem, ikdienas lieto&scaron;anai. Satur C vitam\u012bnu, 4D hialuronsk\u0101bi un moringas e\u013c\u013cu. Kr\u0113ma formula izgaismo \u0101du un paaugstina t\u0101s iztur\u012bbu pret apk\u0101rt\u0113j\u0101s vides negat\u012bvo ietekmi. Pateicoties vieglam balin\u0101&scaron;anas efektam, samazin\u0101s pigmenta plankumu izteiksm\u012bgums.<\/p>\n<p><strong>Akt\u012bv\u0101s sast\u0101vda\u013cas:<\/strong><br \/>\nC vitam\u012bns &ndash; sp\u0113c\u012bgs antioksidants, izl\u012bdzina toni un padara \u0101du gai&scaron;\u0101ku;<br \/>\n4D hialuronsk\u0101be &ndash; pal\u012bdz uztur\u0113t optim\u0101lu mitruma l\u012bmeni \u0101d\u0101;<br \/>\nMoringas e\u013c\u013ca &ndash; baro un uzlabo \u0101das elast\u012bbu.<\/p>\n<p><strong>Lieto&scaron;ana: <\/strong>uzkl\u0101jiet kr\u0113mu uz att\u012br\u012btas sejas un kakla \u0101das katru r\u012btu un vakaru. Maigi iemas\u0113jiet, l\u012bdz kr\u0113ms piln\u012bba uzs\u016bcas.<br \/>\n&nbsp;<\/p>\n","protected":false},"excerpt":{"rendered":"<p>Piem\u0113rots visiem \u0101das tipiem, ikdienas lieto&scaron;anai. Satur C vitam\u012bnu, 4D hialuronsk\u0101bi un moringas e\u013c\u013cu. Kr\u0113ma formula izgaismo \u0101du un paaugstina t\u0101s iztur\u012bbu pret apk\u0101rt\u0113j\u0101s vides negat\u012bvo ietekmi. Pateicoties vieglam balin\u0101&scaron;anas efektam, samazin\u0101s pigmenta plankumu izteiksm\u012bgums. Akt\u012bv\u0101s sast\u0101vda\u013cas: C vitam\u012bns &ndash; sp\u0113c\u012bgs antioksidants, izl\u012bdzina toni un padara \u0101du gai&scaron;\u0101ku; 4D hialuronsk\u0101be &ndash; pal\u012bdz uztur\u0113t optim\u0101lu mitruma [&#8230;]\n","protected":false},"featured_media":88154,"template":"","meta":[],"product_cat":[1999],"product_tag":[],"class_list":{"0":"post-30633","1":"product","2":"type-product","3":"status-publish","4":"has-post-thumbnail","6":"product_brand-rubella-bg","7":"product_cat-bez-kategorijas","9":"first","10":"instock","11":"taxable","12":"shipping-taxable","13":"product-type-simple"},"_links":{"self":[{"href":"https:\/\/e.kosmolat.eu\/lv\/wp-json\/wp\/v2\/product\/30633","targetHints":{"allow":["GET"]}}],"collection":[{"href":"https:\/\/e.kosmolat.eu\/lv\/wp-json\/wp\/v2\/product"}],"about":[{"href":"https:\/\/e.kosmolat.eu\/lv\/wp-json\/wp\/v2\/types\/product"}],"wp:featuredmedia":[{"embeddable":true,"href":"https:\/\/e.kosmolat.eu\/lv\/wp-json\/wp\/v2\/media\/88154"}],"wp:attachment":[{"href":"https:\/\/e.kosmolat.eu\/lv\/wp-json\/wp\/v2\/media?parent=30633"}],"wp:term":[{"taxonomy":"product_cat","embeddable":true,"href":"https:\/\/e.kosmolat.eu\/lv\/wp-json\/wp\/v2\/product_cat?post=30633"},{"taxonomy":"product_tag","embeddable":true,"href":"https:\/\/e.kosmolat.eu\/lv\/wp-json\/wp\/v2\/product_tag?post=30633"}],"curies":[{"name":"wp","href":"https:\/\/api.w.org\/{rel}","templated":true}]}}