{"id":30625,"date":"2023-12-19T21:08:36","date_gmt":"2023-12-19T21:08:36","guid":{"rendered":"https:\/\/e.kosmolat.eu\/product\/me-too-2in1-dusas-zel-un-samp-berniem-raspberry-kitten-500-ml\/"},"modified":"2026-03-31T12:13:15","modified_gmt":"2026-03-31T12:13:15","slug":"me-too-2in1-dusas-zel-un-samp-berniem-raspberry-kitten-500-ml","status":"publish","type":"product","link":"https:\/\/e.kosmolat.eu\/lv\/product\/me-too-2in1-dusas-zel-un-samp-berniem-raspberry-kitten-500-ml\/","title":{"rendered":"ME TOO 2in1 Du\u0161as \u017eel.un \u0161amp.b\u0113rniem Raspberry Kitten, 500 ml"},"content":{"rendered":"<p>B\u0113rna \u0101das ikdienas kop&scaron;anai. Satur sast\u0101vda\u013cas, kas maigi att\u012bra un atsvaidzina \u0101du.<\/p>\n","protected":false},"excerpt":{"rendered":"<p>B\u0113rna \u0101das ikdienas kop&scaron;anai. Satur sast\u0101vda\u013cas, kas maigi att\u012bra un atsvaidzina \u0101du.<\/p>\n","protected":false},"featured_media":88134,"template":"","meta":[],"product_cat":[1799],"product_tag":[],"class_list":{"0":"post-30625","1":"product","2":"type-product","3":"status-publish","4":"has-post-thumbnail","6":"product_brand-vento_cz","7":"product_cat-duso-geliai-muilas-vonios-putos","9":"first","10":"instock","11":"taxable","12":"shipping-taxable","13":"product-type-simple"},"_links":{"self":[{"href":"https:\/\/e.kosmolat.eu\/lv\/wp-json\/wp\/v2\/product\/30625","targetHints":{"allow":["GET"]}}],"collection":[{"href":"https:\/\/e.kosmolat.eu\/lv\/wp-json\/wp\/v2\/product"}],"about":[{"href":"https:\/\/e.kosmolat.eu\/lv\/wp-json\/wp\/v2\/types\/product"}],"wp:featuredmedia":[{"embeddable":true,"href":"https:\/\/e.kosmolat.eu\/lv\/wp-json\/wp\/v2\/media\/88134"}],"wp:attachment":[{"href":"https:\/\/e.kosmolat.eu\/lv\/wp-json\/wp\/v2\/media?parent=30625"}],"wp:term":[{"taxonomy":"product_cat","embeddable":true,"href":"https:\/\/e.kosmolat.eu\/lv\/wp-json\/wp\/v2\/product_cat?post=30625"},{"taxonomy":"product_tag","embeddable":true,"href":"https:\/\/e.kosmolat.eu\/lv\/wp-json\/wp\/v2\/product_tag?post=30625"}],"curies":[{"name":"wp","href":"https:\/\/api.w.org\/{rel}","templated":true}]}}