{"id":30609,"date":"2023-12-19T21:07:11","date_gmt":"2023-12-19T21:07:11","guid":{"rendered":"https:\/\/e.kosmolat.eu\/product\/dr-house-lime-logu-un-stikla-virsmu-tir-sprejs-500-ml\/"},"modified":"2026-04-09T06:06:23","modified_gmt":"2026-04-09T06:06:23","slug":"dr-house-lime-logu-un-stikla-virsmu-tir-sprejs-500-ml","status":"publish","type":"product","link":"https:\/\/e.kosmolat.eu\/lv\/product\/dr-house-lime-logu-un-stikla-virsmu-tir-sprejs-500-ml\/","title":{"rendered":"Dr.House Lime Logu un stikla virsmu t\u012br.sprejs, 500 ml"},"content":{"rendered":"<p>Logu, stiklu un spogu\u013cu t\u012br\u012b&scaron;anai.&nbsp;<\/p>\n<p><strong>Lieto&scaron;ana:<\/strong> pagrieziet smidzin\u0101t\u0101ja uzgali poz\u012bcij\u0101 OPEN, izsmidziniet uz virsmas, \u013caujiet iedarboties \u012bsu br\u012bdi un not\u012briet ar sausu lupati\u0146u.<br \/>\n&nbsp;<\/p>\n<p><strong>Sast\u0101v\u0101:<\/strong> maz\u0101k par 5 % nejonu virsmakt\u012bvo vielu. Smar\u017eas un arom\u0101tisk\u0101s kompoz\u012bcijas. Konservants: Methylchloroisothiazolinone\/ Methylisothiazolinone. Krasvielas.<\/p>\n<p>&nbsp;<\/p>\n<p><img decoding=\"async\" alt=\"\" src=\"data:image\/png;base64,iVBORw0KGgoAAAANSUhEUgAAAE0AAABNCAYAAAGUDtkmAAAAAXNSR0IArs4c6QAAAARnQU1BAACxjwv8YQUAAAAJcEhZcwAAFxEAABcRAcom8z8AABFsSURBVGhD5ZsJcBVVusdxF8TtWfqcEnVGkEUEGUnCzU0g5GYPJCThZiMBogOOuFDqFPUKKX2O1isLUUbQQXjqOCKFjoolOjXqEymRgMjiBBEIMCAoiEBI33D3Bc87\/6\/P6dv33r5rVplf1aneTp\/++t9nP1\/3S5n23HQW2LeXiUNjEEkSNXL7xDSKwHcpAH\/LjtDI+pT69+9PEV999VU6Pnvku2DkwO5ddBLwQ9peeumltAVISI3J8W3bQif5Lm2bmppoq+gjSfwissQwksS39cv4kSQJRUoY\/86vGTQVh8bga0hCJNET2LdHRAkSkXLg8CG6MGTIEFygINFSbp8Y\/Hwy0scff8yqqqroHLSliABy6Hn00Udp6\/tifTCSJDyyr3lDZCSJzEW+Lc3RI0miypIIuLlTCUiQiH\/3N2Q2CBxojf91jcBNgdbQD7p\/\/36xxz\/Brp2JJRye0OrVq3ETe\/DBB2m7c+dOcUUFZdkwYbxa4LuDIprKvffeyz766CNKCAHo9\/UEeLmP0JgS1WVuwE+zBx54QBwxdvXVV0ck6N++JXZhxUVEAuvWrTMMwLfx88RKvYS+cFjdAnxfbuxcFsLNvs0bKSRlUY9y9k9P\/0vsdg7XrAaXwvOZq6nGJU6lhvfuGke76Xb6CO2mkcxzV7VDXEoOz\/RKR\/u4kZSQBAknnaCrtszZnnGbSIKxWbNmiT2e4LjbmHtGtVNEjY13Wrm9PWOEuFWFnxZ7KkjQ11RnV++IgquhMsQicPToUUrszJkzbMWKFeIsT5DHczfVGlvoabI6wi0C559\/PiU2bNiwSAt5\/AgN3ZWFjvb04SJKEH6JQmlpKW2vvPLKyAT5fbifn+evVl3sNEoI4EaEw4cPa\/vDh0fGbU8bzlyV+c5+3uLs\/eE6AXnzrl1qd0UeI4SDLOMtztrDr3HrSrJ\/wBfS89JLL7ELL7ww5Obc3NyIxJCQszi7lRKSdOSZWmRul5SUlLCWlhZxZJBFMkexDkvaZ2oKYSh54\/bqEzSqKLdu3UrXkJBtYtp6casx9sLMfeEWhtNuHsUclox14pbYnCnKPBgtQbLIkrFBRE0MV4F5J27U024ezS2KolE8AkXmZkUkqPBXcyb6atHw5JvWK7lprCOe2IniKcicK3Z7Bu\/vpzvQjUi5Nu4OPLPqHGhmkZu8\/\/cPXneOpDa7V430zpxqV40ayXt1wVIMAgf2CSPTeCVfG7uS70qc08pdZBSvDAN7vhXmGBPYv5daIXzuTrfmsfDUlVOeQoMS3jeW8GhiL5TAnl3CyC7+3J76KcIorpSBUYFAQOwFm41o0FiQp0MFh3dr6AGp4G6c6tSMMhgWSnhUVlNTwxRF0YwrLy9nP\/\/8c1RD\/f\/crhkZtZ9ghJfLTnkqPfrnA5dddhnz+XyaQfowePBgbR88\/vjjtA2HRjG8VwAj8Vwe3xjX1CKnatRwJsfGsRgxYkSIQQgY8S5atEg7lo07QiwwE4KuB57vqioIKmmb3dh8mmdU9I+96z4S0aOD9hmjpGPHjmk9sUsuuSTEgMsvv5yOL774Yu28vtsXDe8\/1pIdsMc2Y+pGfq+Kp3jCQVKOl6pA624R3ZgrrriCHiqDx+MRV1TOnj1LW32cd999l84Z4d\/+FW\/6byfleBdpL49vjL3AtE01ciST00dG8KgUHnvsMXEmkoqKCoozZ84ccSYUTHjAKAzekuoB2PJN3+ImNEtGQ0s9hw4dYm+88Qbzer10jGmZZcuWaQqGoxo1iozqyEmxfwO4kq2akWJgDZDPEg1ms5nuwaBbMyp3bOf6SnrsReb9QSXVOb1E8W3aEDRq4riu6XcZYcs379WMFBOP0aDJAM2oLuoMJoKnMGsrFRz+cN+WTcIcFRyjBw+jUu4zdwWeIvMGMpIb4379Zc2oqIOd3sCZZ\/qs15WKRseKP5s7Vq4wi8O+gbLoKYt34ljmzbmT2VevtIjTvYtdGIVPieCDcX9b3bvG2Z9aoBlls5awjqoiplgyVOV6yzhFb1R5nqg0GLOVTKBzvfJZlYV\/zNWMmhI0SmIrHh80btVfc8Vt3Yt96SJVKf7J9EqFYyvKDn7W7lbOvvJ\/LT5pVJlFmBAdpdCsGede87fuMc7NMzNKHBk1OVc8OgjGCw6HQxwFUQqEcRN+y43r4gLh\/vv7ap6KYhRYvnw5a25uFkehKIVZmnL2lX\/pGuPcH\/89rlGgrq4uZKU1HEWf515Z3rkCEaJUmfHnk9TX11M3W046GmEr5VUJjONp2pcvSc0499o1wYweRam2tjYaMYHGxkYy7JprrqHje+65h7bhIC0yLjeN2ZctTe6z2lf\/Ja5R4IUXXiBjgJwjl8dWq5X99NNPtB8Oqhmk7YNxixclZpz9lT\/nenNiG7V582baPv\/882QIpsqxlQFcdNFF7PXXX6d9I2wV+apyFt7GPv3fsY2zL3mOG\/VbYdREkUQkR44coVG7NCw8ZGRk0Bajqh9\/\/FHcFYmtslA1jrcSyvyHjfOcsuhpXeUZ\/fMBDNn4LcxkMoUYdNNNN4Ucy8mZ7du3izsjsU0tpmf6eFD+8ECocvjOsSrPcOTsT3gARuefeOIJuhaNDs04rtx\/PaQaxxvkPB+vlRMxCgbh8wD5UBkw3wEefvjhiGvRBsV6NON4gTg1f25eP2ZJo55Ae9owESU2eNAHH3ygLaxjoIvtm2++SddPnz5NxzfeeCNtkReBHMHHAjOdsIXl8Tx6rH7ycFaYSdYqeeNElOjMnTuXHigD1tRRAmEoQBVxyy23sI0bN9L166+\/nrbxUPJNZAMrMLFT3CZ+T79+J2srhiZq3A8\/\/BBi2A033EDnT548SVu3203bO++8MyReLEKMaigfxuMHOWEtG8IKhHE8Yix4dAr3338\/zUS+88474orKgQMH6PrYsWNp29DQIK5EIo06mz+OnayvupXHj0SpnfJrTbkYxr333nuacbGIFwdfB8\/6mSulNJb9hseNzo9VpTezQvUtYhm3adMmeui1114rzoSCawjRmiVKnwd8vvZppTfj2XFps066ATfEMw6cOHGCffjhh2zt2rXiDGNPPvkkfc5ooORJo\/As8djEOFhm+U9pnC3MOPQqjNZZowU9WBaURuEZ4nHJYbMW\/oeRcp988knEpF2sIFFE5wD5GGmLx6RGe3X1lYl+1lgoosmDUW3FxVeI5DvH91YrVy6xqsQIZYIwqsjM9pabLxfJdg3HGyuvS8U4ZbzaDrPiLPZtzm0DRXJdy8mGyl9pBYIbGQ9FdA6gVMvo0ZeJZLoHqoRhXG5s4+jz8Tg9YpTEVlsxWCsQfLQdDpU+9BKKMtn3JlN\/cVvP0IGGn5TjlaVOuaBRPahUOG21FSNU5dJpLkMRszww6nhBLxklQd9JU04Y1W2lL1nkZ2U8v7X0tlLhtDUUD\/ou5+ZLxeG5h3vTBot7eqXDn3k7c99V7ej1iea+DMTyNE11eLPvoAVhlCVa9+ftP9b++8wSQl\/AvaU513dXnV0TC21K9hjyPpLdACkePI7sq17pmbnwvoh7yyYLfMb0YpFQfF96+fu\/3k6NMq384zrvn0M8OBn9W+U8iOWa3eAKFUt1hwiE+bVJpHi0xE3iqSswcCPDlL9I+tyD6qw5052GOatlh5AnNv4dW9VZelr1DornnlnjPKcaDPdnn1h89860e8fzeorXTZpYfOv\/epuQIzlIPN4blB4fWoOBOu+XXGyVx+blepusDiyNaGKNu43mWP0xvO4k+B3A7\/eLI2PgltpRPYncACnnQTxe73lqyhzKvDm\/nAYDS9WeGVUOzExrYvGXglixXBT1YFoeU\/YdHR3iTGwCB\/dz8UrVuV08j+c+TD67rZMcyoI\/9N2cB7HwI0lnxJLA6ZQnye677z5xJjECh\/7FOqxcvHSdeNweZ1WxK+6KUU9if\/opi6t+itOXpxYPVawRtCiUrFgSuTKKMGHChISWN\/TAv7XDWsLFG6bLeenMNbXQCVcEMrw3gMOPu67cESFWEjmrtbWVVjPC1xf1oiHMnj1bXFGBz6x++TkaZ78\/zGxVReSwS\/aJOs9dVeywL1vcc+LZF\/5Prrd+st1rKFZsP9xw8EcpnAB4suyZZ56hc8hV8AHHORnOO+88tmrVKroO7r77bjZo0KCEhAMkXkUBranJnAfxvFVFdvtfu3GEoSx+yuKpLXNgRbmzdZZk8eLFmjCjRql\/\/XzzzTchbt8yZGVl0XUIdd1119G5NWvW0LlEIfHKLEHxJnLxeOtOOa8ruypYvHbVljrRGuELaTmLPzxZsd5++216WenFEb76jv\/P9X4L+jBlyhRaHS0oKNDO6XNfMgSOcPH4xw4Xz2Ut6lwnWbmnIc9dV+bEan+IWJWFEX80J8PQoUPphRcsWEArtRdccIEmQrJh5cqVlCbWMgcMGGDoIRWLAM95WB\/HzxH0fmgwMDyrKXUqzy\/M489IjFONVounZrJaDPVi8Qo11WIoQX2Fip8\/Jm5YunQp2717d8T\/CDJgxfmRRx4JOffss8+KJyUHiq0qnsx5osFAJzlWV0WpKc\/11pbaEVkTi\/d3VLGSq+AlEGnHjtBxJVpC\/ri4Aa5GAKOCRISGj4H8UTZVkPPg06LPeSi23mlldvsf5wcbDKXJanFNLXVoYiHwQXXHtIqUxdLz4osvkgMYFrglY8aMMXxxGaqrq8llRYJV1XjF+KGHHqK4qPf096YC\/ivqaKwiHWhsK8Rz8S6WHc5BtorCsb7SCa1n801UIWqi8WGJ\/t+OVMELSLcqBBS39PT0EBHuuOOOkApeustI4CkwcOBAuoa667nnntNa2Kuuuoq9\/PLL5JthsVjIg6qz4L3JrRCToEI0rBy7Ck1fKmXjg24SJ6ZXZ\/tLsvcG8scFi+e4kcxWbon790483n\/\/fU0QozBv3jyKt379epaTk8Nee+01OpYcPHiQzZw5k7wdgL6rEh7QIqcK3hMLzMFJT02sbcdrp\/yap2\/M6capZm+4eCYuHh8W+ZL8YUdPVVVVyMshp8F7Rx7Pnz9fxIzNtm3bohZV+EfBmStZ8F4kFiZD+fsid0Es+pW\/evJNPO3EaGuoNLmKsvZgXS4o3u3MNmliSsUWLzN69OiQl7z11lvpl9Xjx4\/Tv2VvvfWWiG0MnMcWLlxIW\/g56\/t0EPLTTz8VMRMDf\/ZFiFVkhgvNt99PsiTng6MHTmHOkuzWcPHwMDw0WZYsWRKSwxAgQjKgj6e\/H60rfIMShcTi7yInQ9WcZWZnCkytXbq8bWssG+IszuYNhr7Ypi4eQIsKF2pU7pg\/w6+8GEbBOzB8ZgPj1MLCQhIJjUB2dnbSYhuLlckcBVmtx8aOHaC+aTdgm1E72FGYuS\/AB+x4qF68ztR53YmPVydwFAwRi5ccvMfxxoKecwew\/c46BH91+g3Ei9bawhuX39otAcOzcPBjsSqWrs6CWPgbdeaUq\/h9vcPJ6bVDlYLMfYmIB6fbo0ePdkuQ3RGA33Lx\/HCxzvCcdeYu67XC9N7nVIN1GP+q1FXRiwdnzlTrvGTB78FwR5P9LCmWPd+8t22GNfXWsLs5VV81nHcG\/xkuXmcajHj4tm4mDzT1H3z+PCGWqyizJWantK\/RNr1ihKcocwuMj1dsU8W3pZl+jpPrnzJn+YvMX53grb0w5ZfHiZycgfjVGp1GTTy8JB\/X+TZvEK+fHL4N61R\/RvPooFg8fTynW7sOPQ3cD+2WjM9ZMc8ZEeJ9IeSIje9zLhbcZLPU2QcpFn7K7zPujd0BvFxtloxmeFFL8cg3Y\/wY5t8SnD7S49vwmeronMVzFuJLsSamrT+nxQpn+9hfDbBbTF\/qxaOcx8VBxQ68X6yn43a9WHy4g2LY53xUe5LNgwb1t+dnfhWS83iRxRS7\/OFAzVl8uMPF6nEn8b4MKnBngflrTTwRtAp+8jlUwXc1x1Hn5Zl3sckTqM7qdaf6CPr1+3+KIlvEsFSw0gAAAABJRU5ErkJggg==\" \/><strong>GHS02 Uzman\u012bbu<\/strong><\/p>\n<p><strong>H226<\/strong> Uzliesmojo&scaron;s &scaron;\u0137idrums un tvaiki.<\/p>\n<p><strong>EUH208<\/strong> Satur: reakcijas masa: 5-hlor-2-metil- 2H-izotiazol-3-ons; 2-metil-2H- izotiazol-3-ons (3:1). Var izrais\u012bt aler\u0123isku reakciju.&nbsp;&nbsp;&nbsp;&nbsp;&nbsp;<\/p>\n<p>Dro&scaron;\u012bbas pras\u012bbu apz\u012bm\u0113jumi:<\/p>\n<p>P101 Medic\u012bniska padoma nepiecie&scaron;am\u012bbas gad\u012bjum\u0101 attiec\u012bg\u0101 inform\u0101cija ir nor\u0101d\u012bta uz iepakojuma vai eti\u0137etes.<\/p>\n<p>P102 Sarg\u0101t no b\u0113rniem.<\/p>\n<p>P210 Sarg\u0101t no karstuma, karst\u0101m virsm\u0101m, dzirkstel\u0113m, atkl\u0101tas uguns un citiem aizdeg&scaron;an\u0101s avotiem. Nesm\u0113\u0137\u0113t.<\/p>\n<p>P233 Tvertni stingri nosl\u0113gt.<\/p>\n<p>P303+P361+P353 SASKAR\u0112 AR \u0100DU (vai matiem): Nekav\u0113joties novilkt visu pies\u0101r\u0146oto ap\u0123\u0113rbu. Noskalot \u0101du ar \u016bdeni [vai iet du&scaron;\u0101].<\/p>\n<p>P403+P235 Glab\u0101t labi v\u0113din\u0101m\u0101s telp\u0101s. Tur\u0113t v\u0113sum\u0101.<\/p>\n<p>P501 Atbr\u012bvoties no satura\/tvertnes\/iepakojuma saska\u0146\u0101 ar valsts noteikumiem.<\/p>\n","protected":false},"excerpt":{"rendered":"<p>Logu, stiklu un spogu\u013cu t\u012br\u012b&scaron;anai.&nbsp; Lieto&scaron;ana: pagrieziet smidzin\u0101t\u0101ja uzgali poz\u012bcij\u0101 OPEN, izsmidziniet uz virsmas, \u013caujiet iedarboties \u012bsu br\u012bdi un not\u012briet ar sausu lupati\u0146u. &nbsp; Sast\u0101v\u0101: maz\u0101k par 5 % nejonu virsmakt\u012bvo vielu. Smar\u017eas un arom\u0101tisk\u0101s kompoz\u012bcijas. Konservants: Methylchloroisothiazolinone\/ Methylisothiazolinone. Krasvielas. &nbsp; GHS02 Uzman\u012bbu H226 Uzliesmojo&scaron;s &scaron;\u0137idrums un tvaiki. EUH208 Satur: reakcijas masa: 5-hlor-2-metil- 2H-izotiazol-3-ons; 2-metil-2H- [&#8230;]\n","protected":false},"featured_media":88114,"template":"","meta":[],"product_cat":[2182],"product_tag":[],"class_list":{"0":"post-30609","1":"product","2":"type-product","3":"status-publish","4":"has-post-thumbnail","6":"product_brand-vento_cz","7":"product_cat-bez-kategorijas-ru","9":"first","10":"instock","11":"taxable","12":"shipping-taxable","13":"product-type-simple"},"_links":{"self":[{"href":"https:\/\/e.kosmolat.eu\/lv\/wp-json\/wp\/v2\/product\/30609","targetHints":{"allow":["GET"]}}],"collection":[{"href":"https:\/\/e.kosmolat.eu\/lv\/wp-json\/wp\/v2\/product"}],"about":[{"href":"https:\/\/e.kosmolat.eu\/lv\/wp-json\/wp\/v2\/types\/product"}],"wp:featuredmedia":[{"embeddable":true,"href":"https:\/\/e.kosmolat.eu\/lv\/wp-json\/wp\/v2\/media\/88114"}],"wp:attachment":[{"href":"https:\/\/e.kosmolat.eu\/lv\/wp-json\/wp\/v2\/media?parent=30609"}],"wp:term":[{"taxonomy":"product_cat","embeddable":true,"href":"https:\/\/e.kosmolat.eu\/lv\/wp-json\/wp\/v2\/product_cat?post=30609"},{"taxonomy":"product_tag","embeddable":true,"href":"https:\/\/e.kosmolat.eu\/lv\/wp-json\/wp\/v2\/product_tag?post=30609"}],"curies":[{"name":"wp","href":"https:\/\/api.w.org\/{rel}","templated":true}]}}