{"id":30601,"date":"2023-12-19T21:06:23","date_gmt":"2023-12-19T21:06:23","guid":{"rendered":"https:\/\/e.kosmolat.eu\/product\/dr-house-universal-velas-pulveris-600-g\/"},"modified":"2025-09-20T00:33:32","modified_gmt":"2025-09-20T00:33:32","slug":"i_dr-house-universal-velas-pulveris-600-g","status":"publish","type":"product","link":"https:\/\/e.kosmolat.eu\/lv\/product\/i_dr-house-universal-velas-pulveris-600-g\/","title":{"rendered":"I_Dr.House Universal Ve\u013cas pulveris, 600 g"},"content":{"rendered":"<p>Piem\u0113rots &nbsp;visu audumu (iz\u0146emot vilnu un z\u012bdu)&nbsp;mazg\u0101&scaron;anai, m\u0113rc\u0113&scaron;anai un priek&scaron;mazg\u0101&scaron;anai. Efekt\u012bvs vis\u0101s temperat\u016br\u0101s, ta\u010du vislab\u0101kais kokvilnas un lina audumu mazg\u0101&scaron;anas rezult\u0101ts tiek sasniegts pie augst\u0101k\u0101m temperat\u016br\u0101m. P\u0113c mazg\u0101&scaron;anas ar rok\u0101m lietojiet roku kr\u0113mu. Uzglab\u0101t saus\u0101, v\u0113s\u0101 viet\u0101.<\/p>\n<p><strong>Lieto&scaron;ana: <\/strong>mazg\u0101jot ve\u013cas ma&scaron;\u012bn\u0101 (uz 4-5 kg ve\u013cas):<\/p>\n<ul>\n<li>viegli net\u012brai ve\u013cai m\u012bkst\u0101\/vid\u0113ji ciet\u0101 \u016bden\u012b pievienot 80 g, ciet\u0101 &ndash; 100 g l\u012bdzek\u013ca;<\/li>\n<li>vid\u0113ji net\u012brai ve\u013cai m\u012bkst\u0101\/vid\u0113ji ciet\u0101 \u016bden\u012b pievienot 100 g, ciet\u0101 &ndash; 120 g l\u012bdzek\u013ca;<\/li>\n<li>stipri net\u012brai ve\u013cai m\u012bkst\u0101\/vid\u0113ji ciet\u0101 \u016bden\u012b pievienot 120 g, ciet\u0101 &ndash; 140 g l\u012bdzek\u013ca.<\/li>\n<\/ul>\n<p><strong>Sast\u0101v\u0101: <\/strong>maz\u0101k par 5 % anjonu virsmakt\u012bvo vielu, maz\u0101k par 5 % nejonu virsmakt\u012bvo vielu, maz\u0101k par 5 % ziepju. Smar\u017eas un arom\u0101tisk\u0101s kompoz\u012bcijas.<\/p>\n<p>&nbsp;<\/p>\n<p><strong><img decoding=\"async\" alt=\"\" src=\"https:\/\/www.reach-compliance.ch\/images\/exclam1cols3.jpg\" style=\"height:40px; width:40px\" \/>GHS07 &nbsp;Uzman\u012bbu<\/strong><br \/>\nH319 Izraisa nopietnu acu kairin\u0101jumu.<br \/>\nDro&scaron;\u012bbas pras\u012bbu apz\u012bm\u0113jumi:<br \/>\nP101 Medic\u012bniska padoma nepiecie&scaron;am\u012bbas gad\u012bjum\u0101 attiec\u012bg\u0101 inform\u0101cija ir nor\u0101d\u012bta uz iepakojuma vai eti\u0137etes.<br \/>\nP102 Sarg\u0101t no b\u0113rniem.<br \/>\nP264 P\u0113c izmanto&scaron;anas rokas k\u0101rt\u012bgi nomazg\u0101t.<br \/>\nP280 Izmantot aizsargcimdus.<br \/>\nP305+P351+P338 Saskar\u0113 ar ac\u012bm: Uzman\u012bgi izskalot ar \u016bdeni vair\u0101kas min\u016btes. Iz\u0146emt kontaktl\u0113cas, ja t\u0101s ir ievietotas un ja to var vienk\u0101r&scaron;i izdar\u012bt. Turpin\u0101t skalot.<br \/>\nP337+P313 Ja acu iekaisums nep\u0101riet: l\u016bdziet medi\u0137u pal\u012bdz\u012bbu&nbsp;<br \/>\n&nbsp;<\/p>\n","protected":false},"excerpt":{"rendered":"<p>Piem\u0113rots &nbsp;visu audumu (iz\u0146emot vilnu un z\u012bdu)&nbsp;mazg\u0101&scaron;anai, m\u0113rc\u0113&scaron;anai un priek&scaron;mazg\u0101&scaron;anai. Efekt\u012bvs vis\u0101s temperat\u016br\u0101s, ta\u010du vislab\u0101kais kokvilnas un lina audumu mazg\u0101&scaron;anas rezult\u0101ts tiek sasniegts pie augst\u0101k\u0101m temperat\u016br\u0101m. P\u0113c mazg\u0101&scaron;anas ar rok\u0101m lietojiet roku kr\u0113mu. Uzglab\u0101t saus\u0101, v\u0113s\u0101 viet\u0101. Lieto&scaron;ana: mazg\u0101jot ve\u013cas ma&scaron;\u012bn\u0101 (uz 4-5 kg ve\u013cas): viegli net\u012brai ve\u013cai m\u012bkst\u0101\/vid\u0113ji ciet\u0101 \u016bden\u012b pievienot 80 g, ciet\u0101 [&#8230;]\n","protected":false},"featured_media":88106,"template":"","meta":[],"product_cat":[1481],"product_tag":[],"class_list":{"0":"post-30601","1":"product","2":"type-product","3":"status-publish","4":"has-post-thumbnail","6":"product_brand-vento_cz","7":"product_cat-velas-mazgasanas-lidzekli","9":"first","10":"outofstock","11":"taxable","12":"shipping-taxable","13":"product-type-simple"},"_links":{"self":[{"href":"https:\/\/e.kosmolat.eu\/lv\/wp-json\/wp\/v2\/product\/30601","targetHints":{"allow":["GET"]}}],"collection":[{"href":"https:\/\/e.kosmolat.eu\/lv\/wp-json\/wp\/v2\/product"}],"about":[{"href":"https:\/\/e.kosmolat.eu\/lv\/wp-json\/wp\/v2\/types\/product"}],"wp:featuredmedia":[{"embeddable":true,"href":"https:\/\/e.kosmolat.eu\/lv\/wp-json\/wp\/v2\/media\/88106"}],"wp:attachment":[{"href":"https:\/\/e.kosmolat.eu\/lv\/wp-json\/wp\/v2\/media?parent=30601"}],"wp:term":[{"taxonomy":"product_cat","embeddable":true,"href":"https:\/\/e.kosmolat.eu\/lv\/wp-json\/wp\/v2\/product_cat?post=30601"},{"taxonomy":"product_tag","embeddable":true,"href":"https:\/\/e.kosmolat.eu\/lv\/wp-json\/wp\/v2\/product_tag?post=30601"}],"curies":[{"name":"wp","href":"https:\/\/api.w.org\/{rel}","templated":true}]}}