{"id":30593,"date":"2023-12-19T21:05:41","date_gmt":"2023-12-19T21:05:41","guid":{"rendered":"https:\/\/e.kosmolat.eu\/product\/dr-house-color-velas-pulveris-15-kg\/"},"modified":"2026-04-22T11:25:45","modified_gmt":"2026-04-22T11:25:45","slug":"dr-house-color-velas-pulveris-15-kg","status":"publish","type":"product","link":"https:\/\/e.kosmolat.eu\/lv\/product\/dr-house-color-velas-pulveris-15-kg\/","title":{"rendered":"Dr.House Color Ve\u013cas pulveris, 1,5 kg"},"content":{"rendered":"<p>Piem\u0113rots kr\u0101sainu audumu mazg\u0101&scaron;anai (iz\u0146emot vilnu un z\u012bdu) visu tipu ve\u013cas ma&scaron;\u012bn\u0101s un ar rok\u0101m. Efekt\u012bvi likvid\u0113 traipus. Saudz\u012bgs pret audumiem. Saglab\u0101 kr\u0101su spilgtumu.<\/p>\n<p><strong>Lieto&scaron;ana: <\/strong>iev\u0113rojiet&nbsp;tekstila izstr\u0101d\u0101jumu ra\u017eot\u0101ju ieteikumus.&nbsp;<\/p>\n<ul>\n<li>Mazg\u0101jot ve\u013cas ma&scaron;\u012bn\u0101 (uz 4-5 kg ve\u013cas): vid\u0113ji net\u012brai ve\u013cai m\u012bkst\u0101\/vid\u0113ji ciet\u0101 \u016bden\u012b pievienojiet 160 g, ciet\u0101 &ndash; 190 g l\u012bdzek\u013ca; stipri net\u012brai ve\u013cai m\u012bkst\u0101\/vid\u0113ji ciet\u0101 \u016bden\u012b pievienojiet 180 g + 60 g (priek&scaron;mazg\u0101&scaron;anai), ciet\u0101 &ndash; 190 g + 60 g (priek&scaron;mazg\u0101&scaron;anai) l\u012bdzek\u013ca.&nbsp;<\/li>\n<li>Mazg\u0101jot ar rok\u0101m 10 l \u016bdens pievienot 90 g l\u012bdzek\u013ca. Piln\u012bb\u0101 iz&scaron;\u0137\u012bdiniet pulveri \u016bden\u012b. P\u0113c mazg\u0101&scaron;anas ar rok\u0101m k\u0101rt\u012bgi izskalojiet ve\u013cu un lietojiet roku kr\u0113mu.<\/li>\n<\/ul>\n<p>1 \u0113damkarote = 30 g pulvera.<\/p>\n<p>Uzglab\u0101t saus\u0101 viet\u0101 temperat\u016br\u0101 no +5 &deg;C l\u012bdz +30 &deg;C.<\/p>\n<p><strong>Sast\u0101v\u0101: <\/strong>maz\u0101k par 5 % anjonu virsmakt\u012bvo vielu, maz\u0101k par 5 % nejonu virsmakt\u012bvo vielu, maz\u0101k par 5 % ziepju. Smar\u017eas un arom\u0101tisk\u0101s kompoz\u012bcijas.<\/p>\n<p>&nbsp;<\/p>\n<p><strong><img decoding=\"async\" alt=\"\" src=\"https:\/\/www.reach-compliance.ch\/images\/exclam1cols3.jpg\" style=\"height:40px; width:40px\" \/>GHS07 &nbsp;Uzman\u012bbu<\/strong><br \/>\nH319 Izraisa nopietnu acu kairin\u0101jumu.<br \/>\nDro&scaron;\u012bbas pras\u012bbu apz\u012bm\u0113jumi:<br \/>\nP101 Medic\u012bniska padoma nepiecie&scaron;am\u012bbas gad\u012bjum\u0101 attiec\u012bg\u0101 inform\u0101cija ir nor\u0101d\u012bta uz iepakojuma vai eti\u0137etes.<br \/>\nP102 Sarg\u0101t no b\u0113rniem.<br \/>\nP264 P\u0113c izmanto&scaron;anas rokas k\u0101rt\u012bgi nomazg\u0101t.<br \/>\nP280 Izmantot aizsargcimdus.<br \/>\nP305+P351+P338 Saskar\u0113 ar ac\u012bm: Uzman\u012bgi izskalot ar \u016bdeni vair\u0101kas min\u016btes. Iz\u0146emt kontaktl\u0113cas, ja t\u0101s ir ievietotas un ja to var vienk\u0101r&scaron;i izdar\u012bt. Turpin\u0101t skalot.<br \/>\nP337+P313 Ja acu iekaisums nep\u0101riet: l\u016bdziet medi\u0137u pal\u012bdz\u012bbu&nbsp;<\/p>\n","protected":false},"excerpt":{"rendered":"<p>Piem\u0113rots kr\u0101sainu audumu mazg\u0101&scaron;anai (iz\u0146emot vilnu un z\u012bdu) visu tipu ve\u013cas ma&scaron;\u012bn\u0101s un ar rok\u0101m. Efekt\u012bvi likvid\u0113 traipus. Saudz\u012bgs pret audumiem. Saglab\u0101 kr\u0101su spilgtumu. Lieto&scaron;ana: iev\u0113rojiet&nbsp;tekstila izstr\u0101d\u0101jumu ra\u017eot\u0101ju ieteikumus.&nbsp; Mazg\u0101jot ve\u013cas ma&scaron;\u012bn\u0101 (uz 4-5 kg ve\u013cas): vid\u0113ji net\u012brai ve\u013cai m\u012bkst\u0101\/vid\u0113ji ciet\u0101 \u016bden\u012b pievienojiet 160 g, ciet\u0101 &ndash; 190 g l\u012bdzek\u013ca; stipri net\u012brai ve\u013cai m\u012bkst\u0101\/vid\u0113ji ciet\u0101 [&#8230;]\n","protected":false},"featured_media":88098,"template":"","meta":[],"product_cat":[2181],"product_tag":[],"class_list":{"0":"post-30593","1":"product","2":"type-product","3":"status-publish","4":"has-post-thumbnail","6":"product_brand-vento_cz","7":"product_cat-bez-kategorijas-lt","9":"first","10":"instock","11":"taxable","12":"shipping-taxable","13":"product-type-simple"},"_links":{"self":[{"href":"https:\/\/e.kosmolat.eu\/lv\/wp-json\/wp\/v2\/product\/30593","targetHints":{"allow":["GET"]}}],"collection":[{"href":"https:\/\/e.kosmolat.eu\/lv\/wp-json\/wp\/v2\/product"}],"about":[{"href":"https:\/\/e.kosmolat.eu\/lv\/wp-json\/wp\/v2\/types\/product"}],"wp:featuredmedia":[{"embeddable":true,"href":"https:\/\/e.kosmolat.eu\/lv\/wp-json\/wp\/v2\/media\/88098"}],"wp:attachment":[{"href":"https:\/\/e.kosmolat.eu\/lv\/wp-json\/wp\/v2\/media?parent=30593"}],"wp:term":[{"taxonomy":"product_cat","embeddable":true,"href":"https:\/\/e.kosmolat.eu\/lv\/wp-json\/wp\/v2\/product_cat?post=30593"},{"taxonomy":"product_tag","embeddable":true,"href":"https:\/\/e.kosmolat.eu\/lv\/wp-json\/wp\/v2\/product_tag?post=30593"}],"curies":[{"name":"wp","href":"https:\/\/api.w.org\/{rel}","templated":true}]}}