{"id":30569,"date":"2023-12-19T21:04:14","date_gmt":"2023-12-19T21:04:14","guid":{"rendered":"https:\/\/e.kosmolat.eu\/product\/dr-house-sprejs-virsmu-tirisanai-ar-etikskabi-500-ml\/"},"modified":"2026-01-12T06:29:15","modified_gmt":"2026-01-12T06:29:15","slug":"i_dr-house-sprejs-virsmu-tirisanai-ar-etikskabi-500-ml","status":"publish","type":"product","link":"https:\/\/e.kosmolat.eu\/lv\/product\/i_dr-house-sprejs-virsmu-tirisanai-ar-etikskabi-500-ml\/","title":{"rendered":"I_Dr.House Sprejs virsmu t\u012br\u012b\u0161anai ar eti\u0137sk\u0101bi, 500 ml"},"content":{"rendered":"<p>L\u012bdzeklis ar akt\u012bvo eti\u0137sk\u0101bi visu mazg\u0101jamo virsmu t\u012br\u012b&scaron;anai.<\/p>\n<p><strong>Lieto&scaron;ana:<\/strong> izsmidziniet uz virsmas, atst\u0101jiet iedarboties, noskalojiet ar \u016bdeni un noslaukiet ar sausu lupati\u0146u.&nbsp;<\/p>\n<p><strong>Sast\u0101v\u0101: <\/strong>5 % un vair\u0101k, bet maz\u0101k nek\u0101 15 % anjonu virsmakt\u012bvo vielu, maz\u0101k par 5 % eti\u0137sk\u0101bes, maz\u0101k par 5 % citronsk\u0101bes. Konservanti: Methylchloroisothiazolinone\/ Methylisothiazolinone.<\/p>\n<p>&nbsp;<\/p>\n<p><strong><img decoding=\"async\" alt=\"\" src=\"https:\/\/www.reach-compliance.ch\/images\/exclam1cols3.jpg\" style=\"height:40px; width:40px\" \/>GHS07 Uzman\u012bbu<\/strong><br \/>\nH315 Kairina \u0101du<br \/>\nH319 Izraisa nopietnu acu kairin\u0101jumu.<br \/>\nEUH208 Satur: Metilhlorizotiazolinons un metilizotiazolinons. Var izrais\u012bt aler\u0123isku reakciju.<br \/>\nDro&scaron;\u012bbas pras\u012bbu apz\u012bm\u0113jumi:<br \/>\nP101 Medic\u012bniska padoma nepiecie&scaron;am\u012bbas gad\u012bjum\u0101 attiec\u012bg\u0101 inform\u0101cija ir nor\u0101d\u012bta uz iepakojuma vai eti\u0137etes.<br \/>\nP102 Sarg\u0101t no b\u0113rniem.<br \/>\nP264 P\u0113c izmanto&scaron;anas rokas k\u0101rt\u012bgi nomazg\u0101t.<br \/>\nP280 Izmantot aizsargcimdus\/ acu aizsargus.<br \/>\nP302+P352 Saskar\u0113 ar \u0101du: nomazg\u0101t ar lielu \u016bdens daudzumu. &nbsp;&nbsp;<br \/>\nP332+P313 Ja rodas \u0101das iekaisums: l\u016bdziet medi\u0137u pal\u012bdz\u012bbu.<br \/>\nP305+P351+P338 Saskar\u0113 ar ac\u012bm: Uzman\u012bgi izskalot ar \u016bdeni vair\u0101kas min\u016btes. Iz\u0146emt kontaktl\u0113cas, ja t\u0101s ir ievietotas un ja to var vienk\u0101r&scaron;i izdar\u012bt. Turpin\u0101t skalot.<br \/>\nP337+P313 Ja acu iekaisums nep\u0101riet: l\u016bdziet medi\u0137u pal\u012bdz\u012bbu.<br \/>\n&nbsp;<\/p>\n","protected":false},"excerpt":{"rendered":"<p>L\u012bdzeklis ar akt\u012bvo eti\u0137sk\u0101bi visu mazg\u0101jamo virsmu t\u012br\u012b&scaron;anai. Lieto&scaron;ana: izsmidziniet uz virsmas, atst\u0101jiet iedarboties, noskalojiet ar \u016bdeni un noslaukiet ar sausu lupati\u0146u.&nbsp; Sast\u0101v\u0101: 5 % un vair\u0101k, bet maz\u0101k nek\u0101 15 % anjonu virsmakt\u012bvo vielu, maz\u0101k par 5 % eti\u0137sk\u0101bes, maz\u0101k par 5 % citronsk\u0101bes. Konservanti: Methylchloroisothiazolinone\/ Methylisothiazolinone. &nbsp; GHS07 Uzman\u012bbu H315 Kairina \u0101du H319 [&#8230;]\n","protected":false},"featured_media":88070,"template":"","meta":[],"product_cat":[1468],"product_tag":[],"class_list":{"0":"post-30569","1":"product","2":"type-product","3":"status-publish","4":"has-post-thumbnail","6":"product_brand-vento_cz","7":"product_cat-virtuvei-namu-priezurai-namu-priezurai","9":"first","10":"outofstock","11":"taxable","12":"shipping-taxable","13":"product-type-simple"},"_links":{"self":[{"href":"https:\/\/e.kosmolat.eu\/lv\/wp-json\/wp\/v2\/product\/30569","targetHints":{"allow":["GET"]}}],"collection":[{"href":"https:\/\/e.kosmolat.eu\/lv\/wp-json\/wp\/v2\/product"}],"about":[{"href":"https:\/\/e.kosmolat.eu\/lv\/wp-json\/wp\/v2\/types\/product"}],"wp:featuredmedia":[{"embeddable":true,"href":"https:\/\/e.kosmolat.eu\/lv\/wp-json\/wp\/v2\/media\/88070"}],"wp:attachment":[{"href":"https:\/\/e.kosmolat.eu\/lv\/wp-json\/wp\/v2\/media?parent=30569"}],"wp:term":[{"taxonomy":"product_cat","embeddable":true,"href":"https:\/\/e.kosmolat.eu\/lv\/wp-json\/wp\/v2\/product_cat?post=30569"},{"taxonomy":"product_tag","embeddable":true,"href":"https:\/\/e.kosmolat.eu\/lv\/wp-json\/wp\/v2\/product_tag?post=30569"}],"curies":[{"name":"wp","href":"https:\/\/api.w.org\/{rel}","templated":true}]}}