{"id":30381,"date":"2023-12-19T20:40:22","date_gmt":"2023-12-19T20:40:22","guid":{"rendered":"https:\/\/e.kosmolat.eu\/product\/dr-house-flowers-universals-virsmu-tir-lidz-1-1-l\/"},"modified":"2026-03-16T08:22:34","modified_gmt":"2026-03-16T08:22:34","slug":"dr-house-flowers-universals-virsmu-tir-lidz-1-1-l","status":"publish","type":"product","link":"https:\/\/e.kosmolat.eu\/lv\/product\/dr-house-flowers-universals-virsmu-tir-lidz-1-1-l\/","title":{"rendered":"Dr.House Flowers Univers\u0101ls virsmu t\u012br.l\u012bdz., 1.1 l"},"content":{"rendered":"<p>Sienas fl\u012b\u017eu, keramikas un gr\u012bdu t\u012br\u012b&scaron;anai.&nbsp;<\/p>\n<p><strong>Ieteicam\u0101 deva: <\/strong>1-2 \u0113damkarotes l\u012bdzek\u013ca at&scaron;\u0137aid\u012bt&nbsp;5 l \u016bdens.&nbsp;<\/p>\n<p><strong>Sast\u0101v\u0101: <\/strong>maz\u0101k par 5 % anjonu virsmakt\u012bvo vielu, &nbsp;maz\u0101k par 5 % nejonu virsmakt\u012bvo vielu. Smar\u017eas un arom\u0101tisk\u0101s kompoz\u012bcijas. Konservanti: Methylchloroisothiazolinone\/ Methylisothiazolinone.<\/p>\n<p>&nbsp;<\/p>\n<p><strong><img decoding=\"async\" alt=\"\" src=\"https:\/\/www.reach-compliance.ch\/images\/acid1cols3.jpg\" style=\"height:40px; width:40px\" \/>GHS05 B\u012bstami<\/strong><br \/>\nH318 Izraisa nopietnus acu boj\u0101jumus.<br \/>\nEUH208 Satur: Metilhlorizotiazolinons un metilizotiazolinons. Var izrais\u012bt aler\u0123isku reakciju.<br \/>\nDro&scaron;\u012bbas pras\u012bbu apz\u012bm\u0113jumi:<br \/>\nP101 Medic\u012bniska padoma nepiecie&scaron;am\u012bbas gad\u012bjum\u0101 attiec\u012bg\u0101 inform\u0101cija ir nor\u0101d\u012bta uz iepakojuma vai eti\u0137etes.<br \/>\nP102 Sarg\u0101t no b\u0113rniem.<br \/>\nP280 Izmantot acu aizsargus.<br \/>\nP305+P351+P338 Saskar\u0113 ar ac\u012bm: Uzman\u012bgi izskalot ar \u016bdeni vair\u0101kas min\u016btes. Iz\u0146emt kontaktl\u0113cas, ja t\u0101s ir ievietotas un ja to var vienk\u0101r&scaron;i izdar\u012bt. Turpin\u0101t skalot.<br \/>\nP310 Nekav\u0113joties sazinieties ar saind\u0113&scaron;an\u0101s inform\u0101cijas centru vai \u0101rstu ( ja iesp\u0113jams, uzr\u0101d\u012bt mar\u0137\u0113jumu ).<\/p>\n","protected":false},"excerpt":{"rendered":"<p>Sienas fl\u012b\u017eu, keramikas un gr\u012bdu t\u012br\u012b&scaron;anai.&nbsp; Ieteicam\u0101 deva: 1-2 \u0113damkarotes l\u012bdzek\u013ca at&scaron;\u0137aid\u012bt&nbsp;5 l \u016bdens.&nbsp; Sast\u0101v\u0101: maz\u0101k par 5 % anjonu virsmakt\u012bvo vielu, &nbsp;maz\u0101k par 5 % nejonu virsmakt\u012bvo vielu. Smar\u017eas un arom\u0101tisk\u0101s kompoz\u012bcijas. Konservanti: Methylchloroisothiazolinone\/ Methylisothiazolinone. &nbsp; GHS05 B\u012bstami H318 Izraisa nopietnus acu boj\u0101jumus. EUH208 Satur: Metilhlorizotiazolinons un metilizotiazolinons. Var izrais\u012bt aler\u0123isku reakciju. Dro&scaron;\u012bbas pras\u012bbu [&#8230;]\n","protected":false},"featured_media":88058,"template":"","meta":[],"product_cat":[1999],"product_tag":[],"class_list":{"0":"post-30381","1":"product","2":"type-product","3":"status-publish","4":"has-post-thumbnail","6":"product_brand-vento_cz","7":"product_cat-bez-kategorijas","9":"first","10":"instock","11":"taxable","12":"shipping-taxable","13":"product-type-simple"},"_links":{"self":[{"href":"https:\/\/e.kosmolat.eu\/lv\/wp-json\/wp\/v2\/product\/30381","targetHints":{"allow":["GET"]}}],"collection":[{"href":"https:\/\/e.kosmolat.eu\/lv\/wp-json\/wp\/v2\/product"}],"about":[{"href":"https:\/\/e.kosmolat.eu\/lv\/wp-json\/wp\/v2\/types\/product"}],"wp:featuredmedia":[{"embeddable":true,"href":"https:\/\/e.kosmolat.eu\/lv\/wp-json\/wp\/v2\/media\/88058"}],"wp:attachment":[{"href":"https:\/\/e.kosmolat.eu\/lv\/wp-json\/wp\/v2\/media?parent=30381"}],"wp:term":[{"taxonomy":"product_cat","embeddable":true,"href":"https:\/\/e.kosmolat.eu\/lv\/wp-json\/wp\/v2\/product_cat?post=30381"},{"taxonomy":"product_tag","embeddable":true,"href":"https:\/\/e.kosmolat.eu\/lv\/wp-json\/wp\/v2\/product_tag?post=30381"}],"curies":[{"name":"wp","href":"https:\/\/api.w.org\/{rel}","templated":true}]}}