{"id":30345,"date":"2023-12-19T20:36:13","date_gmt":"2023-12-19T20:36:13","guid":{"rendered":"https:\/\/e.kosmolat.eu\/product\/dr-house-flower-tualetes-bloks-40-g\/"},"modified":"2026-02-19T08:24:22","modified_gmt":"2026-02-19T08:24:22","slug":"dr-house-flower-tualetes-bloks-40-g","status":"publish","type":"product","link":"https:\/\/e.kosmolat.eu\/lv\/product\/dr-house-flower-tualetes-bloks-40-g\/","title":{"rendered":"Dr.House Flower Tualetes bloks, 40 g"},"content":{"rendered":"<p>Att\u012bra tualetes poda virsmu un nov\u0113r&scaron; ka\u013c\u0137akmens aplikuma veido&scaron;anos, katr\u0101 noskalo&scaron;anas reiz\u0113 radot bag\u0101t\u012bgas putas un sniedzot svaiguma arom\u0101tu.<\/p>\n<p><strong>Lieto&scaron;ana:<\/strong> piekariet bloku tualetes poda iek&scaron;pus\u0113 zem \u016bdens str\u016bklas.<\/p>\n<p><strong>Sast\u0101v\u0101: <\/strong>30 % un vair\u0101k anjonu virsmakt\u012bvo vielu, &nbsp;maz\u0101k par 5 % nejonu virsmakt\u012bvo vielu. Smar\u017eas un arom\u0101tisk\u0101s kompoz\u012bcijas\/ Citronellol, Geraniol.&nbsp;<\/p>\n<p>&nbsp;<\/p>\n<p><strong><img decoding=\"async\" alt=\"\" src=\"https:\/\/www.reach-compliance.ch\/images\/acid1cols3.jpg\" style=\"height:40px; width:40px\" \/>GHS05 &nbsp;B\u012bstami<\/strong><br \/>\nH318 Izraisa nopietnus acu boj\u0101jumus.<br \/>\nH315 Kairina \u0101du<br \/>\nH412 Kait\u012bgs \u016bdens organismiem ar ilgsto&scaron;\u0101m sek\u0101m.<br \/>\nDro&scaron;\u012bbas pras\u012bbu apz\u012bm\u0113jumi:<br \/>\nP101 Medic\u012bniska padoma nepiecie&scaron;am\u012bbas gad\u012bjum\u0101 attiec\u012bg\u0101 inform\u0101cija ir nor\u0101d\u012bta uz iepakojuma vai eti\u0137etes.<br \/>\nP102 Sarg\u0101t no b\u0113rniem.<br \/>\nP273 Izvair\u012bties no izplat\u012b&scaron;anas apk\u0101rt\u0113j\u0101 vid\u0113.<br \/>\nP280 Izmantot aizsargcimdus, acu aizsargus.<br \/>\nP302+P352 Saskar\u0113 ar \u0101du: nomazg\u0101t ar lielu \u016bdens daudzumu. &nbsp;&nbsp;<br \/>\nP305+P351+P338 Saskar\u0113 ar ac\u012bm: Uzman\u012bgi izskalot ar \u016bdeni vair\u0101kas min\u016btes. Iz\u0146emt kontaktl\u0113cas, ja t\u0101s ir ievietotas un ja to var vienk\u0101r&scaron;i izdar\u012bt. Turpin\u0101t skalot.<br \/>\nP310 Nekav\u0113joties sazinieties ar saind\u0113&scaron;an\u0101s inform\u0101cijas centru vai \u0101rstu ( ja iesp\u0113jams, uzr\u0101d\u012bt mar\u0137\u0113jumu ).<br \/>\nP501 Atbr\u012bvoties no satura\/tvertnes\/iepakojuma saska\u0146\u0101 ar valsts noteikumiem.<br \/>\n&nbsp;<\/p>\n","protected":false},"excerpt":{"rendered":"<p>Att\u012bra tualetes poda virsmu un nov\u0113r&scaron; ka\u013c\u0137akmens aplikuma veido&scaron;anos, katr\u0101 noskalo&scaron;anas reiz\u0113 radot bag\u0101t\u012bgas putas un sniedzot svaiguma arom\u0101tu. Lieto&scaron;ana: piekariet bloku tualetes poda iek&scaron;pus\u0113 zem \u016bdens str\u016bklas. Sast\u0101v\u0101: 30 % un vair\u0101k anjonu virsmakt\u012bvo vielu, &nbsp;maz\u0101k par 5 % nejonu virsmakt\u012bvo vielu. Smar\u017eas un arom\u0101tisk\u0101s kompoz\u012bcijas\/ Citronellol, Geraniol.&nbsp; &nbsp; GHS05 &nbsp;B\u012bstami H318 Izraisa nopietnus [&#8230;]\n","protected":false},"featured_media":97250,"template":"","meta":[],"product_cat":[2181],"product_tag":[],"class_list":{"0":"post-30345","1":"product","2":"type-product","3":"status-publish","4":"has-post-thumbnail","6":"product_brand-vento_cz","7":"product_cat-bez-kategorijas-lt","9":"first","10":"instock","11":"taxable","12":"shipping-taxable","13":"product-type-simple"},"_links":{"self":[{"href":"https:\/\/e.kosmolat.eu\/lv\/wp-json\/wp\/v2\/product\/30345","targetHints":{"allow":["GET"]}}],"collection":[{"href":"https:\/\/e.kosmolat.eu\/lv\/wp-json\/wp\/v2\/product"}],"about":[{"href":"https:\/\/e.kosmolat.eu\/lv\/wp-json\/wp\/v2\/types\/product"}],"wp:featuredmedia":[{"embeddable":true,"href":"https:\/\/e.kosmolat.eu\/lv\/wp-json\/wp\/v2\/media\/97250"}],"wp:attachment":[{"href":"https:\/\/e.kosmolat.eu\/lv\/wp-json\/wp\/v2\/media?parent=30345"}],"wp:term":[{"taxonomy":"product_cat","embeddable":true,"href":"https:\/\/e.kosmolat.eu\/lv\/wp-json\/wp\/v2\/product_cat?post=30345"},{"taxonomy":"product_tag","embeddable":true,"href":"https:\/\/e.kosmolat.eu\/lv\/wp-json\/wp\/v2\/product_tag?post=30345"}],"curies":[{"name":"wp","href":"https:\/\/api.w.org\/{rel}","templated":true}]}}