{"id":30337,"date":"2023-12-19T20:35:14","date_gmt":"2023-12-19T20:35:14","guid":{"rendered":"https:\/\/e.kosmolat.eu\/product\/dr-house-classic-koka-un-laminetu-virsmu-mazg-lidz-1-l\/"},"modified":"2026-04-13T06:33:40","modified_gmt":"2026-04-13T06:33:40","slug":"dr-house-classic-koka-un-laminetu-virsmu-mazg-lidz-1-l","status":"publish","type":"product","link":"https:\/\/e.kosmolat.eu\/lv\/product\/dr-house-classic-koka-un-laminetu-virsmu-mazg-lidz-1-l\/","title":{"rendered":"Dr.House Classic Koka un lamin\u0113tu virsmu mazg.l\u012bdz., 1 l"},"content":{"rendered":"<p>Saudz\u012bgs un efekt\u012bvs ziepjveida l\u012bdzeklis visu mazg\u0101jamo koka un lamin\u0101ta virsmu t\u012br\u012b&scaron;anai. Att\u012bra un pie&scaron;\u0137ir pat\u012bkamu arom\u0101tu.<\/p>\n<p><strong>Lieto&scaron;ana:<\/strong> iz&scaron;\u0137\u012bdiniet 2 l\u012bdzek\u013ca v\u0101ci\u0146us 5 litros \u016bdens un noslaukiet virsmu ar mitru dr\u0101nu.<\/p>\n<p><strong>Sast\u0101v\u0101: <\/strong>maz\u0101k par 5 % anjonu virsmakt\u012bvo vielu, &nbsp;maz\u0101k par 5 % nejonu virsmakt\u012bvo vielu, maz\u0101k par 5 % ziepju, maz\u0101k par 5 % EDTA un t\u0101s s\u0101\u013cu. Smar\u017eas un arom\u0101tisk\u0101s kompoz\u012bcijas.<\/p>\n<p>&nbsp;<\/p>\n<p><strong><img decoding=\"async\" alt=\"\" src=\"https:\/\/www.reach-compliance.ch\/images\/exclam1cols3.jpg\" style=\"height:40px; width:40px\" \/>GHS07 Uzman\u012bbu<\/strong><br \/>\nH319 Izraisa nopietnu acu kairin\u0101jumu.<br \/>\nDro&scaron;\u012bbas pras\u012bbu apz\u012bm\u0113jumi:<br \/>\nP101 Medic\u012bniska padoma nepiecie&scaron;am\u012bbas gad\u012bjum\u0101 attiec\u012bg\u0101 inform\u0101cija ir nor\u0101d\u012bta uz iepakojuma vai eti\u0137etes.<br \/>\nP102 Sarg\u0101t no b\u0113rniem.<br \/>\nP264 P\u0113c izmanto&scaron;anas rokas k\u0101rt\u012bgi nomazg\u0101t.<br \/>\nP280 Izmantot acu aizsargus.<br \/>\nP305+P351+P338 Saskar\u0113 ar ac\u012bm: Uzman\u012bgi izskalot ar \u016bdeni vair\u0101kas min\u016btes. Iz\u0146emt kontaktl\u0113cas, ja t\u0101s ir ievietotas un ja to var vienk\u0101r&scaron;i izdar\u012bt. Turpin\u0101t skalot.<br \/>\nP337+P313 Ja acu iekaisums nep\u0101riet: l\u016bdziet medi\u0137u pal\u012bdz\u012bbu<br \/>\n&nbsp;<\/p>\n","protected":false},"excerpt":{"rendered":"<p>Saudz\u012bgs un efekt\u012bvs ziepjveida l\u012bdzeklis visu mazg\u0101jamo koka un lamin\u0101ta virsmu t\u012br\u012b&scaron;anai. Att\u012bra un pie&scaron;\u0137ir pat\u012bkamu arom\u0101tu. Lieto&scaron;ana: iz&scaron;\u0137\u012bdiniet 2 l\u012bdzek\u013ca v\u0101ci\u0146us 5 litros \u016bdens un noslaukiet virsmu ar mitru dr\u0101nu. Sast\u0101v\u0101: maz\u0101k par 5 % anjonu virsmakt\u012bvo vielu, &nbsp;maz\u0101k par 5 % nejonu virsmakt\u012bvo vielu, maz\u0101k par 5 % ziepju, maz\u0101k par 5 % [&#8230;]\n","protected":false},"featured_media":98000,"template":"","meta":[],"product_cat":[2181],"product_tag":[],"class_list":{"0":"post-30337","1":"product","2":"type-product","3":"status-publish","4":"has-post-thumbnail","6":"product_brand-vento_cz","7":"product_cat-bez-kategorijas-lt","9":"first","10":"instock","11":"taxable","12":"shipping-taxable","13":"product-type-simple"},"_links":{"self":[{"href":"https:\/\/e.kosmolat.eu\/lv\/wp-json\/wp\/v2\/product\/30337","targetHints":{"allow":["GET"]}}],"collection":[{"href":"https:\/\/e.kosmolat.eu\/lv\/wp-json\/wp\/v2\/product"}],"about":[{"href":"https:\/\/e.kosmolat.eu\/lv\/wp-json\/wp\/v2\/types\/product"}],"wp:featuredmedia":[{"embeddable":true,"href":"https:\/\/e.kosmolat.eu\/lv\/wp-json\/wp\/v2\/media\/98000"}],"wp:attachment":[{"href":"https:\/\/e.kosmolat.eu\/lv\/wp-json\/wp\/v2\/media?parent=30337"}],"wp:term":[{"taxonomy":"product_cat","embeddable":true,"href":"https:\/\/e.kosmolat.eu\/lv\/wp-json\/wp\/v2\/product_cat?post=30337"},{"taxonomy":"product_tag","embeddable":true,"href":"https:\/\/e.kosmolat.eu\/lv\/wp-json\/wp\/v2\/product_tag?post=30337"}],"curies":[{"name":"wp","href":"https:\/\/api.w.org\/{rel}","templated":true}]}}