{"id":30333,"date":"2023-12-19T20:34:48","date_gmt":"2023-12-19T20:34:48","guid":{"rendered":"https:\/\/e.kosmolat.eu\/product\/dr-house-rusas-un-kalkakmens-tir-lidz-500-ml\/"},"modified":"2026-04-17T13:19:35","modified_gmt":"2026-04-17T13:19:35","slug":"dr-house-rusas-un-kalkakmens-tir-lidz-500-ml","status":"publish","type":"product","link":"https:\/\/e.kosmolat.eu\/lv\/product\/dr-house-rusas-un-kalkakmens-tir-lidz-500-ml\/","title":{"rendered":"Dr.House R\u016bsas un ka\u013c\u0137akmens t\u012br.l\u012bdz., 500 ml"},"content":{"rendered":"<p>No\u0146em r\u016bsas traipus no vannu, izliet\u0146u, tualetes podu, fl\u012b\u017eu un citu sanit\u0101ro iek\u0101rtu virsm\u0101m.&nbsp;<\/p>\n<p><strong>Lieto&scaron;ana: <\/strong>izsmidziniet uz att\u012br\u0101mo virsmu, \u013caujiet iedarboties da\u017eas min\u016btes un noskalojiet.<\/p>\n<p><strong>Sast\u0101v\u0101:<\/strong> maz\u0101k par 5 % anjonu virsmakt\u012bvo vielu, maz\u0101k par 5 % nejonu virsmakt\u012bvo vielu. Fosforsk\u0101be. Smar\u017eas un arom\u0101tisk\u0101s kompoz\u012bcijas.<\/p>\n<p>&nbsp;<\/p>\n<p><img decoding=\"async\" alt=\"\" src=\"data:image\/png;base64,iVBORw0KGgoAAAANSUhEUgAAAD0AAAA6CAYAAAF0YGHHAAAAAXNSR0IArs4c6QAAAARnQU1BAACxjwv8YQUAAAAJcEhZcwAAFxEAABcRAcom8z8AAA+GSURBVFhH3ZkJcFRVuoCpeTD1yueUlr55U\/PeSJWgMBqfIIskJKGzdyfpdGcjWycNgSSQjbBDJLIVKAIiqzCCKDiyFMIMInmCmgBPh8giIxEQUMMeEHq\/3ff27eWf8\/99OgtZSELCMH5VXd19z37P+dfTq1MYRw0BxPn+OwH8USOGYQOp0I9zzrSFvIi1HPosf+yjqqqKvl1j0mupgmPF67B48WL6IO+++y59g3IkUAXErInwPeSIUYFuXtSIcfgffYWJEaf4o5Y4x6Ut4j+7AHZvHP5c48T8XJ81qS8NzjEOHdhYSSwak48P6+rqqBApLCwES4rKV8keGexp+g5yc3Nh0aJF4DpzurEXSR1RQ6UcccPqlvOwj46bgoVmf9etYS7M6sd\/dgyjYigYA18AE8Dj\/NG9YbPojY3uxjj4GZCWLE7m1VoiF+WGGPmZ2rhxI0RHR0NeXh6UlJTA8OHD6dUhpvDh4C4d\/xFvxhafnfS+KSqQCpEvv\/wStFot\/+fjtddeg6effpo69CPMngzizNItvBt2SFQhN20l43lx2zj37wVvdFDbb1pKjN5s4rLTFNu0IrBrI6y82r0xZySpDIP7gykyEMQ09R7+uHM483RV\/GfnkJOjrloLsgHiRrW91tZwRI9y2pctpDW7z50BaO9lNQViQ0H6eDc19OMxGsAVMbz9DiA2BFynjvMmdyHLYGdHmVdtDkSNAM\/Pt8BsNsP69eshPj6e2mRkZEB4eDjo9Xr6b7m7AyebErjd4PF44ObNm+BwOKiiH41GA0uXLoUjR47Qf5O\/Ays7v0355JNP+K9GBgwYAMXFxfTxY\/Z3YAwdDN+ePdugPvGDasOPUqmEH374AebMmUP\/UUEKFVMGUWPEGDaMCu6FITAALFu2PMmbNYIi2B7GkMHtb5c14mVetTmocXiV9hEjWQduF2\/mUwq8qGN4owPBY7gDNjYT\/qhz4MHhP7sXhyaill5wQjiu7Nf8cc9iVyssaO2FuTPpfbqOHaVzA6pg8FZX\/oFX617cCWFgHPkiODato0Hvxn31MjMb\/cEbOQIcKxaH8mZdx1RW9jgog8E4IgCchz7nw7SPV3QAmiWJCY286NUi3lXHMZZPfxEVoPGlZ2lFZ5nonj59msR23LhxMGPGDPjggw9I+6Dp2r9\/P8yfPx\/Ky8vh7bffho8++ogmgkZVYPIhTS\/5E++6baR8ncbNjjgaD6\/FTB0gFosFPvzwQ\/6vbbAeEhERAbt27YJZs2bRf7MyBExhQ8FVoDvEh2pEyEmc62Bq0Rj0v1S5KahLDx48SJ2p1Wr+tHWMRiOcOXMGCgoKGtRnUyzjMklTyLqkK3xotABsX5necbz3J6q0YcMGlM+GT1hYGAQGBjZ71pSkpCTS17Nnz6b\/2dnM8LWC+1IduXnAPA7WR3PsUaF2A4rRnKm8eufxer38VyPycS6OzDu+WV7+Oz5c68hxYRdN7LRax47mzbuGtG0LGIMHkfn3HjjwH7z7juHQRFVamBYzMXHrDML82YCKyBLxssS76jquFNVrAlPw6Lu3hzVfx041k2+t4jJv2n1Y0uL1MtNgxiEDwOuU+JBMlNhrNbM3JKXGHuVVe47bORnDICaQKZEAENigQlr8Kl70YLg2u\/hJV9MI8UFgq5gZADFBYFUMAWlGydv8cc9iLcxVeJlzYBzxPJg1kWBh6lKelL+bF\/cMptzUVBfTSGQubVbfAVOFgJmdaldBzhFerXuRJ+gnOFG8hjyDaosG9WNOVjEdPQzc4zN8AX93IWcnV6CRMZGRaakqEZRnMhDZCVd5s\/tDytKsEdCyMW\/lXtjKJtDgjqQEC2\/eNcTsxF2W8GEs+GvdWW4NYd5sMIS+BEKK0sW76RxSivIwHhpzipJ32XEc61eSCfZqo1qaxvawJ0afQZfXkqmhjg4fPgzbt28nW4yB2CuvvEKukk6ng\/Pnz8OyZcvII0EX6sCBA3Dj59sgffCuz1r53OY+vOu2kVOUV3CfrBNyaFAkMzMTNm3aRLmGhIQECuLQB8NwauzYsRQdBgQEgEqlImcBo0ZErtxL\/hnEK+D2uXO\/4UO0RIoNuUN+9qszqKGfqKgocDqd\/F\/rfPXVVyyUlWn1GG1+8cUXIEkSuI7XgPFlZuGYvNt37vwfPlQjYnyQaBzFDsWS+bwrJiJWn5JIT0+n79u3b9N3a9TU1EBaWhrU1tZCZWUlbYUfV+3fmXvMPBPm4Tp3bH2BD8kcALXC25pzv3nzZnJx+\/btC5GRkfdcdUVFBXms+Krv3LnDn\/rwXK4Dw5BnAZiE2Dau\/F0vDFeM7PjL1Qd5leY8+uij9N2eB4rBPJ6DnJwcGDhwIDmSRUVF8NNPP\/EaPrxsC4wjmRJSh0Eve6pyGXkaLLLww15Cw+exxx6jQXv37t3wTKFQ8JpMbgUBsrKyYOHChXTC33rrLTh58iQvbY61IIfiXSE7eTXrh5m5lLgpGBBT9swlN0sMtPbZtm0b78oH7v1TTz1FLvDly5dh7969kJ+fD1evXuU1mM+dGuvLvCVG1tCgfmxp8ToZzR3uwz32sj0wj3I35thQ8suk5Ni\/8eGa49KpIz0szDG+9Ax47vzMm90fJuarYVZATo\/fyYdpHXNOis+nGjoA3D9e4M27BioPG3u9jrSEjvllt\/L1\/UHJokoWFbi++5Z30wnY68bzIjADYxmTuoR32zFulJb+FlQjwcD8avn\/fZn9DsG0FU5YZodVHJcxkXfXOa7Pm\/cIBnsG5gBIu7fzntvGazKQW+Ri+2qZqNfwbrrGPIBfUaTJLI3ILE5beK5cIonAxKVtcn4Ub37\/OCJDPIbQwWBf8TofqhH3ubMNUaK3vPR53qT7cMQGCWS9WJDmx\/X1V0BXQczPvjNvZs9kihBn\/Mh6tNe2GaUgVx0kkcEsHin+nkZWK84bmXyiewPxo+D6iROP8KKex6UNP+qIHXH\/8fCDQpw3u587I+4osNPvUYeDc1bZMnZUfsWLf1mYi8cNcyVHn0cBwMw6xn2oHqws7kN\/UJxU8OdzXm\/bPuG\/EsL0IpVTE1FPAS5bLOYXbdMKwWsXwPXlYTKeKJhmXHws80cL9QeF44d\/z5v\/a2HJzdQ7tKGCjJEfU3toL+0LysHLzNjduE7UgDkphlQhJkghZiS48nUnpP17BvDuHm7krKQpjuhRHnQkDUzLoVeDAV3TW5a2cP\/0A4vdtOSL4z0X5kZduWkX5E0bhvHuHx7QhLvGpr2OxxNTYQYmq5gWE\/+8mS+nc3jqb1AMiacD7ZOHnRZnlrZefGu5kg\/5z+P6xx8\/ImckbEabhRePBqacUEal\/X\/l078\/vCYjCBXT6XYfRURm7qSUFmMVli7U8yk8OKw7d\/7WOVpZif4P5p4NzBfCCwuZyWaP4HKBfckCEhWMOkUm96I6zC3NnTWDT6nnuDV9en9ptLoGzQ7GSOj4YdLGfbaWz64lmD04d+4cXTPhldM777wDR48epTK8aJk8eTIsWbIEtm7dCrt376ayurq6VmMzRNy4DkxM2xuDX6QbdtBGgjBj0pvVAL35NLsH++SCYXJi5EVaLBsI4z3rBD24LzXG5LW1pyE0NBRWrlwJ69atoyi3urqaFmyz2SiaxcVcuHABJk6cCG+++SaUlJTA2rVrKSFx6dIlin4vXrxIda9duwaHDh2Cffv2wfLlyyE1NRVu3LjBR2Ox7se7wTSS6Q4Wh1hx8eowkKcUbL0F8CifdtcQS3Kj0MZ6uI3FxdrK8pvd4zUFs2J9+vSBQYMGUZoGMyYrVqygieNi8DqtrR202+1w69Yt+Oabb+glvPHGG3QhGR0dDU888QSUlZXxmj4EVh97kj\/\/P9IjBqY4McENcaHgLtTvh++\/\/0++jI7hGJOqc2gUdplF3Ji4xGMskI0VfSO2wvHjxymBsmXLFv6k6+ApwMxecXEx\/cf0lFarpd3Py8ujm9jS0lIq8+M68TWYtVFM4\/\/RZ+uZvnHn6b4WKyv7+1bVBnZ9yhR7VEhzG7thFVOjLXdHFEXKe377rS+4x2M7adIkyoF99tlnVPbpp59SWWdxMcW1Zs0aSnGuXr2afgcHB1NmMSYmhp61Bdn6DA1dZ+HpJFs\/NuW8fduW5rbePjZ9ud\/GYtiEuTJx6ybeTdv8+OOP0K9fP7p6xiOJMqrX6ymFhrLaVY4dO0Y7irm8HTt2kHLD444ZsStXrvBa7eO5cQ2shWPZKX2OlC4wEXVOyl\/rW3C6+n10+6zMBmK61RQdBNK+v\/CmjXz33XeU30NFtWrVKvr4lRbmAPGaHKmqqqKdaFoPP6iM9uzZQ3Xuxu12UztM0eJOojbHRDVm1FHbY7oXlSCCGVXU+phpx6Rne3jv3Abb1CK6AEE\/AjN+Ul7WGlo4Yk1WzXWoQrwOTILibr\/8HDjWruDNAdavX9+Q+OzqB49oa+CN+alTp2D06NEQFBRE2fsxY8bQcfZr7Pr6+oZUMyZbccdR+bWGh1kVSxZ3Z3GXowPBmhh92TZt4n+xebREzIjPd8SNEJ0Y\/bCdR40tLH4Vt4N32bPgwlA0UInNnTsXFixYQFZg6tSppMHfe+89usJAM4gvqymuk8fAnKwk9xWvozGyk1KVNdaKmc\/x5bWPpNNo8FrDjeaK2UF8a7aZpeBhR+ZhQz78OZjwmjTwefIQITYUbMkxe+1vzPtvvpzO4dClhMpxiiuUB0ZbzTS6ZXwmeG7V8yH\/eTg\/+SuYUBSDXvAtVhUCYpZmJ\/OKusc7M+pTXrTHK86QV4Zanu28OT0B3Be+51N4cIibmCvKPDF0RVEHOZkitusSl7Oif+PT7V6uF+T0FdURhzEJj3KDCs+cEA7y3474ZtRDeJms25ctopNmYBGXxBbriVeApE8t41PreerKyh4XtVG7\/JEWXnuhX+6sOsCn2T14mcLCq1LUKRheSiy2FmIUdmFCTj6fyoOnunpebylFuQYvG+nOj8kX3Qfs2Mqn3TU8N+vBOlHfkEjA5LYUr7ghlo5X8aEfDqTUuAoxtqmtfx4c65itv8u0tIf7ch1YspPJVJIbyRYrJ0XWmfKyBvNhHk7ENPUEe1So02frh4Bh8DNgX7qw3btP199P+mwsxuhMXLysrStZ9bW1fFr3X9L0JNZMbYo9bpSFbP0oFocPfRaEV6aAV7DxpTIbe6TKlwYewW0sCw3tycp9tsXlPX9P05NYMxMVzvjgq16\/rccF5qaDOS6Mct4+GxsMok67vbqu7t95s18GNn1GgEMdVutLNw0nGyvEjPQ6c5LxaqcPr\/bL5FpxzpNShrpKGJM6kz96gPTq9Q964bH6ty\/m5AAAAABJRU5ErkJggg==\" \/><strong>GHS05 B\u012bstami<\/strong><\/p>\n<p><strong>H318<\/strong> Izraisa nopietnus acu boj\u0101jumus.<\/p>\n<p><strong>H315<\/strong> Kairina \u0101du.<\/p>\n<p>Dro&scaron;\u012bbas pras\u012bbu apz\u012bm\u0113jumi:<\/p>\n<p>P101 Medic\u012bniska padoma nepiecie&scaron;am\u012bbas gad\u012bjum\u0101 attiec\u012bg\u0101 inform\u0101cija ir nor\u0101d\u012bta uz iepakojuma vai eti\u0137etes.<\/p>\n<p>P102 Sarg\u0101t no b\u0113rniem.<\/p>\n<p>P264 P\u0113c izmanto&scaron;anas rokas k\u0101rt\u012bgi nomazg\u0101t.<\/p>\n<p>P280 Izmantot aizsargcimdus\/acu aizsargus\/sejas aizsargus.<\/p>\n<p>P302+P352 SASKAR\u0112 AR \u0100DU: nomazg\u0101t ar lielu \u016bdens daudzumu.&nbsp;&nbsp;<\/p>\n<p>P332+P313 Ja rodas \u0101das iekaisums: l\u016bdziet medi\u0137u pal\u012bdz\u012bbu.<\/p>\n<p>P305+P351+P338 SASKAR\u0112 AR AC\u012aM: Uzman\u012bgi izskalot ar \u016bdeni vair\u0101kas min\u016btes. Iz\u0146emt kontaktl\u0113cas, ja t\u0101s ir ievietotas un ja to var vienk\u0101r&scaron;i izdar\u012bt. Turpin\u0101t skalot.<\/p>\n<p>P310 Nekav\u0113joties sazinieties ar SAIND\u0112&Scaron;AN\u0100S INFORM\u0100CIJAS CENTRU\/\u0101rstu ja jums ir slikta pa&scaron;saj\u016bta.<\/p>\n","protected":false},"excerpt":{"rendered":"<p>No\u0146em r\u016bsas traipus no vannu, izliet\u0146u, tualetes podu, fl\u012b\u017eu un citu sanit\u0101ro iek\u0101rtu virsm\u0101m.&nbsp; Lieto&scaron;ana: izsmidziniet uz att\u012br\u0101mo virsmu, \u013caujiet iedarboties da\u017eas min\u016btes un noskalojiet. Sast\u0101v\u0101: maz\u0101k par 5 % anjonu virsmakt\u012bvo vielu, maz\u0101k par 5 % nejonu virsmakt\u012bvo vielu. Fosforsk\u0101be. Smar\u017eas un arom\u0101tisk\u0101s kompoz\u012bcijas. &nbsp; GHS05 B\u012bstami H318 Izraisa nopietnus acu boj\u0101jumus. H315 Kairina [&#8230;]\n","protected":false},"featured_media":97996,"template":"","meta":[],"product_cat":[1453],"product_tag":[],"class_list":{"0":"post-30333","1":"product","2":"type-product","3":"status-publish","4":"has-post-thumbnail","6":"product_brand-vento_cz","7":"product_cat-vonios-kambariui-ir-tualetui","9":"first","10":"instock","11":"taxable","12":"shipping-taxable","13":"product-type-simple"},"_links":{"self":[{"href":"https:\/\/e.kosmolat.eu\/lv\/wp-json\/wp\/v2\/product\/30333","targetHints":{"allow":["GET"]}}],"collection":[{"href":"https:\/\/e.kosmolat.eu\/lv\/wp-json\/wp\/v2\/product"}],"about":[{"href":"https:\/\/e.kosmolat.eu\/lv\/wp-json\/wp\/v2\/types\/product"}],"wp:featuredmedia":[{"embeddable":true,"href":"https:\/\/e.kosmolat.eu\/lv\/wp-json\/wp\/v2\/media\/97996"}],"wp:attachment":[{"href":"https:\/\/e.kosmolat.eu\/lv\/wp-json\/wp\/v2\/media?parent=30333"}],"wp:term":[{"taxonomy":"product_cat","embeddable":true,"href":"https:\/\/e.kosmolat.eu\/lv\/wp-json\/wp\/v2\/product_cat?post=30333"},{"taxonomy":"product_tag","embeddable":true,"href":"https:\/\/e.kosmolat.eu\/lv\/wp-json\/wp\/v2\/product_tag?post=30333"}],"curies":[{"name":"wp","href":"https:\/\/api.w.org\/{rel}","templated":true}]}}