{"id":30329,"date":"2023-12-19T20:34:21","date_gmt":"2023-12-19T20:34:21","guid":{"rendered":"https:\/\/e.kosmolat.eu\/product\/dr-house-color-traipu-tirisanas-pulveris-750-g\/"},"modified":"2026-04-21T09:31:19","modified_gmt":"2026-04-21T09:31:19","slug":"dr-house-color-traipu-tirisanas-pulveris-750-g","status":"publish","type":"product","link":"https:\/\/e.kosmolat.eu\/lv\/product\/dr-house-color-traipu-tirisanas-pulveris-750-g\/","title":{"rendered":"Dr.House Color Traipu t\u012br\u012b\u0161anas pulveris, 750 g"},"content":{"rendered":"<p>L\u012bdzeklis notur\u012bgu traipu no\u0146em&scaron;anai (kafija, t\u0113ja, v\u012bns, aug\u013ci, z\u0101le, utt.). Var lietot ar\u012b kr\u0101sainiem audumiem, polster\u0113tiem materi\u0101liem un pakl\u0101jiem. Uzlabo mazg\u0101jam\u0101 l\u012bdzek\u013ca efektivit\u0101ti un aizsarg\u0101 materi\u0101lu &scaron;\u0137iedras un kr\u0101sas.&nbsp;<\/p>\n<p><strong>Lieto&scaron;ana:&nbsp;<\/strong><\/p>\n<ul>\n<li>Mazg\u0101jot ar rok\u0101m: 1\/3 m\u0113rkarotes (apm. 10 g) iz&scaron;\u0137\u012bdin\u0101t 0,5L silta \u016bdens (apm. 40 &deg;C). Kr\u0101sainus audumus m\u0113rc\u0113t ne ilg\u0101k par 1 stundu, baltos audumus &ndash; maksim\u0101li 6 stundas. P\u0113c tam izmazg\u0101t un izskalot.<\/li>\n<li>Mazg\u0101jot ve\u013cas ma&scaron;\u012bn\u0101: 1 m\u0113rkaroti l\u012bdzek\u013ca ieb\u0113rt pirmsmazg\u0101&scaron;anas un galvenaj\u0101 mazg\u0101&scaron;anas l\u012bdzek\u013ca nodal\u012bjum\u0101.<\/li>\n<li>Traipu att\u012br\u012b&scaron;ana uz baltiem audumiem: 2 m\u0113rkarotes (apm. 60 g) iz&scaron;\u0137\u012bdin\u0101t 5 karot\u0113s \u016bdens, atst\u0101t uz traipa uz 15 min, izskalot ar \u016bdeni un mazg\u0101t.<\/li>\n<li>Polster\u0113tu materi\u0101lu un pakl\u0101ju t\u012br\u012b&scaron;ana: 1\/3 m\u0113rkarotes (apm.10 g) iz&scaron;\u0137\u012bdin\u0101t 0,5 L silta \u016bdens. Uzliet uz traipa, paberzt un noslauc\u012bt. Lab\u0101kam efektam ieteicams silts vai karsts \u016bdens. Ja nepiecie&scaron;ams, proced\u016btu&nbsp;atk\u0101rtot.<\/li>\n<\/ul>\n<p>Pirms lieto&scaron;anas p\u0101rbaudiet kr\u0101sas notur\u012bbu. Nelietot uz vilnas, z\u012bda audumiem un \u0101das. Nelietot uz pog\u0101m un met\u0101liskiem r\u0101v\u0113jsl\u0113dz\u0113jiem.<\/p>\n<p><strong>Sast\u0101v\u0101:<\/strong> 30 % un vair\u0101k balin\u0101t\u0101ju, kuru pamat\u0101 ir sk\u0101beklis.<\/p>\n<p>&nbsp;<\/p>\n<p><strong><img decoding=\"async\" alt=\"\" src=\"https:\/\/www.reach-compliance.ch\/images\/acid1cols3.jpg\" style=\"height:40px; width:40px\" \/>GHS05&nbsp;<img decoding=\"async\" alt=\"\" src=\"https:\/\/www.reach-compliance.ch\/images\/rondflam1cols3.jpg\" style=\"height:40px; width:40px\" \/>GHS03&nbsp;<img decoding=\"async\" alt=\"\" src=\"https:\/\/www.reach-compliance.ch\/images\/exclam1cols3.jpg\" style=\"height:40px; width:40px\" \/>GHS07 B\u012bstami<\/strong><br \/>\nH318 Izraisa nopietnus acu boj\u0101jumus.<br \/>\nH272 Var pastiprin\u0101t deg&scaron;anu; oksid\u0113t\u0101js.<br \/>\nH302 Kait\u012bgs, ja norij.<br \/>\nDro&scaron;\u012bbas pras\u012bbu apz\u012bm\u0113jumi:<br \/>\nP210 Sarg\u0101t no karstuma, karst\u0101m virsm\u0101m, dzirkstel\u0113m, atkl\u0101tas uguns un citiem aizdeg&scaron;an\u0101s avotiem. Nesm\u0113\u0137\u0113t.<br \/>\nP220 Nepie\u013caut saskari ar ap\u0123\u0113rbu un citiem uzliesmojo&scaron;iem materi\u0101liem.<br \/>\nP270 Ne\u0113st, nedzert un nesm\u0113\u0137\u0113t produkta izmanto&scaron;anas laik\u0101.<br \/>\nP102 Sarg\u0101t no b\u0113rniem.<br \/>\nP264 P\u0113c izmanto&scaron;anas rokas k\u0101rt\u012bgi nomazg\u0101t.<br \/>\nP280 Izmantot aizsargcimdus\/aizsargdr\u0113bes\/acu aizsargus\/sejas aizsargus.<br \/>\nP301+P312 Nor\u012b&scaron;anas gad\u012bjum\u0101: Sazinieties ar saind\u0113&scaron;an\u0101s inform\u0101cijas centru\/ \u0101rstu, ja jums ir slikta pa&scaron;saj\u016bta.<br \/>\nP305+P351+P338 Saskar\u0113 ar ac\u012bm: Uzman\u012bgi izskalot ar \u016bdeni vair\u0101kas min\u016btes. Iz\u0146emt kontaktl\u0113cas, ja t\u0101s ir ievietotas un ja to var vienk\u0101r&scaron;i izdar\u012bt. Turpin\u0101t skalot.<br \/>\nP310 Nekav\u0113joties sazinieties ar saind\u0113&scaron;an\u0101s inform\u0101cijas centru\/\u0101rstu ja jums ir slikta pa&scaron;saj\u016bta.<br \/>\n&nbsp;<\/p>\n","protected":false},"excerpt":{"rendered":"<p>L\u012bdzeklis notur\u012bgu traipu no\u0146em&scaron;anai (kafija, t\u0113ja, v\u012bns, aug\u013ci, z\u0101le, utt.). Var lietot ar\u012b kr\u0101sainiem audumiem, polster\u0113tiem materi\u0101liem un pakl\u0101jiem. Uzlabo mazg\u0101jam\u0101 l\u012bdzek\u013ca efektivit\u0101ti un aizsarg\u0101 materi\u0101lu &scaron;\u0137iedras un kr\u0101sas.&nbsp; Lieto&scaron;ana:&nbsp; Mazg\u0101jot ar rok\u0101m: 1\/3 m\u0113rkarotes (apm. 10 g) iz&scaron;\u0137\u012bdin\u0101t 0,5L silta \u016bdens (apm. 40 &deg;C). Kr\u0101sainus audumus m\u0113rc\u0113t ne ilg\u0101k par 1 stundu, baltos audumus [&#8230;]\n","protected":false},"featured_media":97992,"template":"","meta":[],"product_cat":[1999],"product_tag":[],"class_list":{"0":"post-30329","1":"product","2":"type-product","3":"status-publish","4":"has-post-thumbnail","6":"product_brand-vento_cz","7":"product_cat-bez-kategorijas","9":"first","10":"instock","11":"taxable","12":"shipping-taxable","13":"product-type-simple"},"_links":{"self":[{"href":"https:\/\/e.kosmolat.eu\/lv\/wp-json\/wp\/v2\/product\/30329","targetHints":{"allow":["GET"]}}],"collection":[{"href":"https:\/\/e.kosmolat.eu\/lv\/wp-json\/wp\/v2\/product"}],"about":[{"href":"https:\/\/e.kosmolat.eu\/lv\/wp-json\/wp\/v2\/types\/product"}],"wp:featuredmedia":[{"embeddable":true,"href":"https:\/\/e.kosmolat.eu\/lv\/wp-json\/wp\/v2\/media\/97992"}],"wp:attachment":[{"href":"https:\/\/e.kosmolat.eu\/lv\/wp-json\/wp\/v2\/media?parent=30329"}],"wp:term":[{"taxonomy":"product_cat","embeddable":true,"href":"https:\/\/e.kosmolat.eu\/lv\/wp-json\/wp\/v2\/product_cat?post=30329"},{"taxonomy":"product_tag","embeddable":true,"href":"https:\/\/e.kosmolat.eu\/lv\/wp-json\/wp\/v2\/product_tag?post=30329"}],"curies":[{"name":"wp","href":"https:\/\/api.w.org\/{rel}","templated":true}]}}