{"id":30325,"date":"2023-12-19T20:33:47","date_gmt":"2023-12-19T20:33:47","guid":{"rendered":"https:\/\/e.kosmolat.eu\/product\/dr-house-traipu-tirisanas-pulveris-750-g\/"},"modified":"2026-04-23T13:58:01","modified_gmt":"2026-04-23T13:58:01","slug":"dr-house-traipu-tirisanas-pulveris-750-g","status":"publish","type":"product","link":"https:\/\/e.kosmolat.eu\/lv\/product\/dr-house-traipu-tirisanas-pulveris-750-g\/","title":{"rendered":"Dr.House Traipu t\u012br\u012b\u0161anas pulveris, 750 g"},"content":{"rendered":"<p>L\u012bdzeklis notur\u012bgu traipu no\u0146em&scaron;anai (kafija, t\u0113ja, v\u012bns, aug\u013ci, z\u0101le, utt.). Var lietot ar\u012b kr\u0101sainiem audumiem, polster\u0113tiem materi\u0101liem un pakl\u0101jiem. Uzlabo mazg\u0101jam\u0101 l\u012bdzek\u013ca efektivit\u0101ti un aizsarg\u0101 materi\u0101lu &scaron;\u0137iedras un kr\u0101sas.<\/p>\n<p><strong>Lieto&scaron;ana:&nbsp;<\/strong><\/p>\n<ul>\n<li>Mazg\u0101jot ar rok\u0101m: 1\/3 m\u0113rkarotes (apm. 10 g) iz&scaron;\u0137\u012bdin\u0101t 0,5L silta \u016bdens (apm. 40 &deg;C). Kr\u0101sainus audumus m\u0113rc\u0113t ne ilg\u0101k par 1 stundu, baltos audumus &ndash; maksim\u0101li 6 stundas. P\u0113c tam izmazg\u0101t un izskalot.<\/li>\n<li>Mazg\u0101jot ve\u013cas ma&scaron;\u012bn\u0101: 1 m\u0113rkaroti l\u012bdzek\u013ca ieb\u0113rt pirmsmazg\u0101&scaron;anas un galvenaj\u0101 mazg\u0101&scaron;anas l\u012bdzek\u013ca nodal\u012bjum\u0101.<\/li>\n<li>Traipu att\u012br\u012b&scaron;ana uz baltiem audumiem: 2 m\u0113rkarotes (apm. 60 g) iz&scaron;\u0137\u012bdin\u0101t 5 karot\u0113s \u016bdens, atst\u0101t uz traipa uz 15 min, izskalot ar \u016bdeni un mazg\u0101t.<\/li>\n<li>Polster\u0113tu materi\u0101lu un pakl\u0101ju t\u012br\u012b&scaron;ana: 1\/3 m\u0113rkarotes &nbsp;(apm.10 g) iz&scaron;\u0137\u012bdin\u0101t 0,5 L silta \u016bdens. Uzliet uz traipa, paberzt un noslauc\u012bt. Lab\u0101kam efektam ieteicams silts vai karsts \u016bdens. Ja nepiecie&scaron;ams, atk\u0101rtot.<\/li>\n<\/ul>\n<p>Pirms lieto&scaron;anas p\u0101rbaudiet kr\u0101sas notur\u012bbu. Nelietot uz vilnas, z\u012bda audumiem un \u0101das. Nelietot uz pog\u0101m un met\u0101liskiem r\u0101v\u0113jsl\u0113dz\u0113jiem.<\/p>\n<p><strong>Sast\u0101v\u0101: <\/strong>30 % un vair\u0101k balin\u0101t\u0101ju, kuru pamat\u0101 ir sk\u0101beklis.<\/p>\n<p>&nbsp;<\/p>\n<p><strong><img decoding=\"async\" alt=\"\" src=\"https:\/\/www.reach-compliance.ch\/images\/acid1cols3.jpg\" style=\"height:40px; width:40px\" \/>GHS05 Pavojinga<\/strong><br \/>\nH318 Smarkiai pa\u017eeid\u017eia akis<br \/>\nH302 Kenksminga prarijus.<br \/>\nP101 Jei reikalinga gydytojo konsultacija, su savimi tur\u0117kite produkto talpykl\u0105 ar jo etiket\u0119.<br \/>\nP102 Laikyti vaikams neprieinamoje vietoje<br \/>\nP264 Po naudojimo kruop&scaron;\u010diai nuplaukite rankas<br \/>\nP270 Naudojant &scaron;\u012f produkt\u0105, nevalgyti, negerti ir ner\u016bkyti.<br \/>\nP280 M\u016bv\u0117ti apsaugines pir&scaron;tines\/naudoti aki\u0173 apsaugos priemones&nbsp;<br \/>\nP301+P312 Prarijus: pasijutus blogai, skambinti \u012f apsinuodijim\u0173 kontrol\u0117s ir informacijos biur\u0105 \/ kreiptis \u012f gydytoj\u0105.<br \/>\nP305+P351+P338 Patekus \u012f akis: Kelias minutes atsargiai plauti vandeniu. I&scaron;imti kontaktinius l\u0119&scaron;ius, jeigu jie yra ir jeigu lengvai galima tai padaryti. Toliau plauti akis.<br \/>\nP310 Nedelsiant skambinti \u012f apsinuodijim\u0173 kontrol\u0117s ir informacijos biur\u0105 arba kreiptis \u012f gydytoj\u0105<br \/>\nP501 Turin\u012f\/talpykl\u0105 i&scaron;pilti (i&scaron;mesti) &#8211; sunaudot\u0105 &nbsp;pakuot\u0117 utilizuoti &nbsp;kaip buitines atliekas.<br \/>\n&nbsp;<\/p>\n","protected":false},"excerpt":{"rendered":"<p>L\u012bdzeklis notur\u012bgu traipu no\u0146em&scaron;anai (kafija, t\u0113ja, v\u012bns, aug\u013ci, z\u0101le, utt.). Var lietot ar\u012b kr\u0101sainiem audumiem, polster\u0113tiem materi\u0101liem un pakl\u0101jiem. Uzlabo mazg\u0101jam\u0101 l\u012bdzek\u013ca efektivit\u0101ti un aizsarg\u0101 materi\u0101lu &scaron;\u0137iedras un kr\u0101sas. Lieto&scaron;ana:&nbsp; Mazg\u0101jot ar rok\u0101m: 1\/3 m\u0113rkarotes (apm. 10 g) iz&scaron;\u0137\u012bdin\u0101t 0,5L silta \u016bdens (apm. 40 &deg;C). Kr\u0101sainus audumus m\u0113rc\u0113t ne ilg\u0101k par 1 stundu, baltos audumus [&#8230;]\n","protected":false},"featured_media":97988,"template":"","meta":[],"product_cat":[1534],"product_tag":[],"class_list":{"0":"post-30325","1":"product","2":"type-product","3":"status-publish","4":"has-post-thumbnail","6":"product_brand-vento_cz","7":"product_cat-priemones-demems","9":"first","10":"outofstock","11":"taxable","12":"shipping-taxable","13":"product-type-simple"},"_links":{"self":[{"href":"https:\/\/e.kosmolat.eu\/lv\/wp-json\/wp\/v2\/product\/30325","targetHints":{"allow":["GET"]}}],"collection":[{"href":"https:\/\/e.kosmolat.eu\/lv\/wp-json\/wp\/v2\/product"}],"about":[{"href":"https:\/\/e.kosmolat.eu\/lv\/wp-json\/wp\/v2\/types\/product"}],"wp:featuredmedia":[{"embeddable":true,"href":"https:\/\/e.kosmolat.eu\/lv\/wp-json\/wp\/v2\/media\/97988"}],"wp:attachment":[{"href":"https:\/\/e.kosmolat.eu\/lv\/wp-json\/wp\/v2\/media?parent=30325"}],"wp:term":[{"taxonomy":"product_cat","embeddable":true,"href":"https:\/\/e.kosmolat.eu\/lv\/wp-json\/wp\/v2\/product_cat?post=30325"},{"taxonomy":"product_tag","embeddable":true,"href":"https:\/\/e.kosmolat.eu\/lv\/wp-json\/wp\/v2\/product_tag?post=30325"}],"curies":[{"name":"wp","href":"https:\/\/api.w.org\/{rel}","templated":true}]}}