{"id":30305,"date":"2023-12-19T20:31:42","date_gmt":"2023-12-19T20:31:42","guid":{"rendered":"https:\/\/e.kosmolat.eu\/product\/dr-house-stikla-keramikas-plits-tir-krems-250-ml\/"},"modified":"2026-05-07T19:48:30","modified_gmt":"2026-05-07T19:48:30","slug":"dr-house-stikla-keramikas-plits-tir-krems-250-ml","status":"publish","type":"product","link":"https:\/\/e.kosmolat.eu\/lv\/product\/dr-house-stikla-keramikas-plits-tir-krems-250-ml\/","title":{"rendered":"Dr.House Stikla keramikas pl\u012bts t\u012br.kr\u0113ms, 250 ml"},"content":{"rendered":"<p>R\u016bp\u012bgi un saudz\u012bgi att\u012bra notur\u012bgus net\u012brumus, ka\u013c\u0137akmeni, \u016bdens ple\u0137us un taukus no keramikas un indukcijas pl\u012b&scaron;u virsm\u0101m, neskr\u0101p\u0113jot t\u0101s.&nbsp;<\/p>\n<p><strong>Lieto&scaron;ana:<\/strong> Pirms lieto&scaron;anas k\u0101rt\u012bgi sakratiet pudel\u012bti. No\u0146emiet piedegu&scaron;\u0101s p\u0101rtikas paliekas no atdzes\u0113tas t\u012br\u0101m\u0101s&nbsp;virsmas. Uzkl\u0101jiet l\u012bdzekli, \u013caujiet iedarboties k\u0101du laiku un not\u012briet ar mitru lupati\u0146u. P\u0113c tam nopul\u0113jiet virsmu. Iev\u0113rojiet iek\u0101rtas ra\u017eot\u0101ja nor\u0101d\u012bjumus.<\/p>\n<p><strong>Sast\u0101v\u0101: <\/strong>maz\u0101k par 5 % nejonu virsmakt\u012bvo vielu. Smar\u017eas un arom\u0101tisk\u0101s kompoz\u012bcijas. Konservants: 2-Bromo-2-Nitropropane-1,3-Diol.<\/p>\n<p>&nbsp;<\/p>\n<p><strong><img decoding=\"async\" alt=\"\" src=\"https:\/\/www.reach-compliance.ch\/images\/acid1cols3.jpg\" style=\"height:40px; width:40px\" \/>GHS07 Uzman\u012bbu<\/strong><br \/>\nH319 Izraisa nopietnu acu kairin\u0101jumu.<br \/>\nDro&scaron;\u012bbas pras\u012bbu apz\u012bm\u0113jumi:<br \/>\nP101 Medic\u012bniska padoma nepiecie&scaron;am\u012bbas gad\u012bjum\u0101 attiec\u012bg\u0101 inform\u0101cija ir nor\u0101d\u012bta uz iepakojuma vai eti\u0137etes.<br \/>\nP102 Sarg\u0101t no b\u0113rniem.<br \/>\nP264 P\u0113c izmanto&scaron;anas rokas k\u0101rt\u012bgi nomazg\u0101t.<br \/>\nP280 Izmantot acu aizsargus.<br \/>\nP305+P351+P338 Saskar\u0113 ar ac\u012bm: Uzman\u012bgi izskalot ar \u016bdeni vair\u0101kas min\u016btes. Iz\u0146emt kontaktl\u0113cas, ja t\u0101s ir ievietotas un ja to var vienk\u0101r&scaron;i izdar\u012bt. Turpin\u0101t skalot.<br \/>\nP337+P313 Ja acu iekaisums nep\u0101riet: l\u016bdziet medi\u0137u pal\u012bdz\u012bbu<br \/>\n&nbsp;<\/p>\n","protected":false},"excerpt":{"rendered":"<p>R\u016bp\u012bgi un saudz\u012bgi att\u012bra notur\u012bgus net\u012brumus, ka\u013c\u0137akmeni, \u016bdens ple\u0137us un taukus no keramikas un indukcijas pl\u012b&scaron;u virsm\u0101m, neskr\u0101p\u0113jot t\u0101s.&nbsp; Lieto&scaron;ana: Pirms lieto&scaron;anas k\u0101rt\u012bgi sakratiet pudel\u012bti. No\u0146emiet piedegu&scaron;\u0101s p\u0101rtikas paliekas no atdzes\u0113tas t\u012br\u0101m\u0101s&nbsp;virsmas. Uzkl\u0101jiet l\u012bdzekli, \u013caujiet iedarboties k\u0101du laiku un not\u012briet ar mitru lupati\u0146u. P\u0113c tam nopul\u0113jiet virsmu. Iev\u0113rojiet iek\u0101rtas ra\u017eot\u0101ja nor\u0101d\u012bjumus. Sast\u0101v\u0101: maz\u0101k par 5 [&#8230;]\n","protected":false},"featured_media":97980,"template":"","meta":[],"product_cat":[1469],"product_tag":[],"class_list":{"0":"post-30305","1":"product","2":"type-product","3":"status-publish","4":"has-post-thumbnail","6":"product_brand-vento_cz","7":"product_cat-1469","9":"first","10":"instock","11":"taxable","12":"shipping-taxable","13":"product-type-simple"},"_links":{"self":[{"href":"https:\/\/e.kosmolat.eu\/lv\/wp-json\/wp\/v2\/product\/30305","targetHints":{"allow":["GET"]}}],"collection":[{"href":"https:\/\/e.kosmolat.eu\/lv\/wp-json\/wp\/v2\/product"}],"about":[{"href":"https:\/\/e.kosmolat.eu\/lv\/wp-json\/wp\/v2\/types\/product"}],"wp:featuredmedia":[{"embeddable":true,"href":"https:\/\/e.kosmolat.eu\/lv\/wp-json\/wp\/v2\/media\/97980"}],"wp:attachment":[{"href":"https:\/\/e.kosmolat.eu\/lv\/wp-json\/wp\/v2\/media?parent=30305"}],"wp:term":[{"taxonomy":"product_cat","embeddable":true,"href":"https:\/\/e.kosmolat.eu\/lv\/wp-json\/wp\/v2\/product_cat?post=30305"},{"taxonomy":"product_tag","embeddable":true,"href":"https:\/\/e.kosmolat.eu\/lv\/wp-json\/wp\/v2\/product_tag?post=30305"}],"curies":[{"name":"wp","href":"https:\/\/api.w.org\/{rel}","templated":true}]}}