{"id":30297,"date":"2023-12-19T20:31:00","date_gmt":"2023-12-19T20:31:00","guid":{"rendered":"https:\/\/e.kosmolat.eu\/product\/dr-house-lemon-zelejveida-gaisa-atsvaidzinatajs-150-g\/"},"modified":"2026-04-13T06:34:58","modified_gmt":"2026-04-13T06:34:58","slug":"dr-house-lemon-zelejveida-gaisa-atsvaidzinatajs-150-g","status":"publish","type":"product","link":"https:\/\/e.kosmolat.eu\/lv\/product\/dr-house-lemon-zelejveida-gaisa-atsvaidzinatajs-150-g\/","title":{"rendered":"Dr.House Lemon \u017delejveida gaisa atsvaidzin\u0101t\u0101js, 150 g"},"content":{"rendered":"<p><strong>Piesardz\u012bbas pas\u0101kumi: <\/strong>var izrais\u012bt aler\u0123isku reakciju. Sarg\u0101t no b\u0113rniem.<\/p>\n<p><strong>Sast\u0101v\u0101:<\/strong> Smar\u017eas un arom\u0101tisk\u0101s kompoz\u012bcijas\/ Citral, Linalool.&nbsp;<\/p>\n<p>Dro&scaron;\u012bbas pras\u012bbu apz\u012bm\u0113jumi:<br \/>\nP101 Medic\u012bniska padoma nepiecie&scaron;am\u012bbas gad\u012bjum\u0101 attiec\u012bg\u0101 inform\u0101cija ir nor\u0101d\u012bta uz iepakojuma vai eti\u0137etes.<br \/>\nP102 Sarg\u0101t no b\u0113rniem.<br \/>\nP103 Pirms izmanto&scaron;anas izlas\u012bt eti\u0137eti.<br \/>\n&nbsp;<\/p>\n","protected":false},"excerpt":{"rendered":"<p>Piesardz\u012bbas pas\u0101kumi: var izrais\u012bt aler\u0123isku reakciju. Sarg\u0101t no b\u0113rniem. Sast\u0101v\u0101: Smar\u017eas un arom\u0101tisk\u0101s kompoz\u012bcijas\/ Citral, Linalool.&nbsp; Dro&scaron;\u012bbas pras\u012bbu apz\u012bm\u0113jumi: P101 Medic\u012bniska padoma nepiecie&scaron;am\u012bbas gad\u012bjum\u0101 attiec\u012bg\u0101 inform\u0101cija ir nor\u0101d\u012bta uz iepakojuma vai eti\u0137etes. P102 Sarg\u0101t no b\u0113rniem. P103 Pirms izmanto&scaron;anas izlas\u012bt eti\u0137eti. &nbsp;<\/p>\n","protected":false},"featured_media":97972,"template":"","meta":[],"product_cat":[2181],"product_tag":[],"class_list":{"0":"post-30297","1":"product","2":"type-product","3":"status-publish","4":"has-post-thumbnail","6":"product_brand-vento_cz","7":"product_cat-bez-kategorijas-lt","9":"first","10":"instock","11":"taxable","12":"shipping-taxable","13":"product-type-simple"},"_links":{"self":[{"href":"https:\/\/e.kosmolat.eu\/lv\/wp-json\/wp\/v2\/product\/30297","targetHints":{"allow":["GET"]}}],"collection":[{"href":"https:\/\/e.kosmolat.eu\/lv\/wp-json\/wp\/v2\/product"}],"about":[{"href":"https:\/\/e.kosmolat.eu\/lv\/wp-json\/wp\/v2\/types\/product"}],"wp:featuredmedia":[{"embeddable":true,"href":"https:\/\/e.kosmolat.eu\/lv\/wp-json\/wp\/v2\/media\/97972"}],"wp:attachment":[{"href":"https:\/\/e.kosmolat.eu\/lv\/wp-json\/wp\/v2\/media?parent=30297"}],"wp:term":[{"taxonomy":"product_cat","embeddable":true,"href":"https:\/\/e.kosmolat.eu\/lv\/wp-json\/wp\/v2\/product_cat?post=30297"},{"taxonomy":"product_tag","embeddable":true,"href":"https:\/\/e.kosmolat.eu\/lv\/wp-json\/wp\/v2\/product_tag?post=30297"}],"curies":[{"name":"wp","href":"https:\/\/api.w.org\/{rel}","templated":true}]}}