{"id":30281,"date":"2023-12-19T20:29:40","date_gmt":"2023-12-19T20:29:40","guid":{"rendered":"https:\/\/e.kosmolat.eu\/product\/dr-house-eco-natur-univers-virsmu-tir-lidzeklis-1-l\/"},"modified":"2026-05-07T19:58:59","modified_gmt":"2026-05-07T19:58:59","slug":"i_dr-house-eco-natur-univers-virsmu-tir-lidzeklis-1-l","status":"publish","type":"product","link":"https:\/\/e.kosmolat.eu\/lv\/product\/i_dr-house-eco-natur-univers-virsmu-tir-lidzeklis-1-l\/","title":{"rendered":"I_Dr.House Eco Natur Univers. virsmu t\u012br.l\u012bdzeklis, 1 l"},"content":{"rendered":"<p>Videi draudz\u012bgs visu veidu virsmu t\u012br\u012b&scaron;anas un gr\u012bdu mazg\u0101&scaron;anas l\u012bdzeklis. Efekt\u012bvi likvid\u0113 net\u012brumus un taukus, neatst\u0101jot ple\u0137us.&nbsp;<\/p>\n<p><strong>Ieteicam\u0101 deva uz 5 l \u016bdens:<\/strong> viegliem net\u012brumiem: 30 ml (2 \u0113damkarotes), vid\u0113ji stipriem net\u012brumiem &ndash; 60 ml (4 \u0113damkarotes) l\u012bdzek\u013ca. \u013boti stipru net\u012brumu gad\u012bjum\u0101, uzkl\u0101jiet uz att\u012br\u0101m\u0101s virsmas neat&scaron;\u0137aid\u012btu, \u013caujiet iedarboties un k\u0101rt\u012bgi noskalojiet ar \u016bdeni.<\/p>\n<p><strong>Sast\u0101v\u0101: <\/strong>maz\u0101k par 5 % anjonu virsmakt\u012bvo vielu, maz\u0101k par 5 % nejonu virsmakt\u012bvo vielu. Smar\u017eas un arom\u0101tisk\u0101s kompoz\u012bcijas\/ Limonene, Butylphenyl Methylpropional, Citronellol. Konservants: Sodium Benzoate.<\/p>\n<p>&nbsp;<\/p>\n<p><strong><img decoding=\"async\" alt=\"\" src=\"https:\/\/www.reach-compliance.ch\/images\/exclam1cols3.jpg\" style=\"height:40px; width:40px\" \/>HS07 Uzman\u012bbu<\/strong><\/p>\n<p>H319 Izraisa nopietnu acu kairin\u0101jumu.<\/p>\n<p>Dro&scaron;\u012bbas pras\u012bbu apz\u012bm\u0113jumi:<br \/>\nP101 Medic\u012bniska padoma nepiecie&scaron;am\u012bbas gad\u012bjum\u0101 attiec\u012bg\u0101 inform\u0101cija ir nor\u0101d\u012bta uz iepakojuma vai eti\u0137etes.<br \/>\nP102 Sarg\u0101t no b\u0113rniem.<br \/>\nP264 P\u0113c izmanto&scaron;anas rokas k\u0101rt\u012bgi nomazg\u0101t.<br \/>\nP280 Izmantot acu aizsargus.<br \/>\nP305+P351+P338 Saskar\u0113 ar ac\u012bm: Uzman\u012bgi izskalot ar \u016bdeni vair\u0101kas min\u016btes. Iz\u0146emt kontaktl\u0113cas, ja t\u0101s ir ievietotas un ja to var vienk\u0101r&scaron;i izdar\u012bt. Turpin\u0101t skalot.<br \/>\nP337+P313 Ja acu iekaisums nep\u0101riet: l\u016bdziet medi\u0137u pal\u012bdz\u012bbu.<br \/>\n&nbsp;<\/p>\n","protected":false},"excerpt":{"rendered":"<p>Videi draudz\u012bgs visu veidu virsmu t\u012br\u012b&scaron;anas un gr\u012bdu mazg\u0101&scaron;anas l\u012bdzeklis. Efekt\u012bvi likvid\u0113 net\u012brumus un taukus, neatst\u0101jot ple\u0137us.&nbsp; Ieteicam\u0101 deva uz 5 l \u016bdens: viegliem net\u012brumiem: 30 ml (2 \u0113damkarotes), vid\u0113ji stipriem net\u012brumiem &ndash; 60 ml (4 \u0113damkarotes) l\u012bdzek\u013ca. \u013boti stipru net\u012brumu gad\u012bjum\u0101, uzkl\u0101jiet uz att\u012br\u0101m\u0101s virsmas neat&scaron;\u0137aid\u012btu, \u013caujiet iedarboties un k\u0101rt\u012bgi noskalojiet ar \u016bdeni. Sast\u0101v\u0101: [&#8230;]\n","protected":false},"featured_media":97607,"template":"","meta":[],"product_cat":[1466],"product_tag":[],"class_list":{"0":"post-30281","1":"product","2":"type-product","3":"status-publish","4":"has-post-thumbnail","6":"product_brand-vento_cz","7":"product_cat-virtuvei","9":"first","10":"outofstock","11":"taxable","12":"shipping-taxable","13":"product-type-simple"},"_links":{"self":[{"href":"https:\/\/e.kosmolat.eu\/lv\/wp-json\/wp\/v2\/product\/30281","targetHints":{"allow":["GET"]}}],"collection":[{"href":"https:\/\/e.kosmolat.eu\/lv\/wp-json\/wp\/v2\/product"}],"about":[{"href":"https:\/\/e.kosmolat.eu\/lv\/wp-json\/wp\/v2\/types\/product"}],"wp:featuredmedia":[{"embeddable":true,"href":"https:\/\/e.kosmolat.eu\/lv\/wp-json\/wp\/v2\/media\/97607"}],"wp:attachment":[{"href":"https:\/\/e.kosmolat.eu\/lv\/wp-json\/wp\/v2\/media?parent=30281"}],"wp:term":[{"taxonomy":"product_cat","embeddable":true,"href":"https:\/\/e.kosmolat.eu\/lv\/wp-json\/wp\/v2\/product_cat?post=30281"},{"taxonomy":"product_tag","embeddable":true,"href":"https:\/\/e.kosmolat.eu\/lv\/wp-json\/wp\/v2\/product_tag?post=30281"}],"curies":[{"name":"wp","href":"https:\/\/api.w.org\/{rel}","templated":true}]}}