{"id":30273,"date":"2023-12-19T20:28:47","date_gmt":"2023-12-19T20:28:47","guid":{"rendered":"https:\/\/e.kosmolat.eu\/product\/dr-house-eco-natur-izsmidzinams-virtuves-tir-lidz-500-ml\/"},"modified":"2026-01-12T06:28:49","modified_gmt":"2026-01-12T06:28:49","slug":"i_dr-house-eco-natur-izsmidzinams-virtuves-tir-lidz-500-ml","status":"publish","type":"product","link":"https:\/\/e.kosmolat.eu\/lv\/product\/i_dr-house-eco-natur-izsmidzinams-virtuves-tir-lidz-500-ml\/","title":{"rendered":"I_Dr.House Eco Natur Izsmidzin\u0101ms virtuves t\u012br. l\u012bdz, 500 ml"},"content":{"rendered":"<p>Videi draudz\u012bgs t\u012br\u012b&scaron;anas l\u012bdzeklis kr\u0101sn\u012bm, tvaika nos\u016bc\u0113jiem, mikrovi\u013c\u0146u kr\u0101sn\u012bm, fl\u012bz\u0113m un darba virsm\u0101m. Likvid\u0113 gatavo&scaron;anas laik\u0101 radu&scaron;os taukainos net\u012brumus. Pie&scaron;\u0137ir virsm\u0101m sp\u012bdumu un pat\u012bkamu arom\u0101tu.<\/p>\n<p><strong>Lieto&scaron;ana: <\/strong>pagrieziet smidzin\u0101t\u0101ja uzgali poz\u012bcij\u0101 ON, izsmidziniet uz virsmas, \u013caujiet iedarboties da\u017eas min\u016btes un not\u012briet ar mitru lupati\u0146u. Piem\u0113rots notek\u016bde\u0146u biolo\u0123iskaj\u0101m att\u012br\u012b&scaron;anas iek\u0101rt\u0101m.<\/p>\n<p><strong>Sast\u0101v\u0101: <\/strong>maz\u0101k par 5 % anjonu virsmakt\u012bvo vielu, &nbsp;maz\u0101k par 5 % nejonu virsmakt\u012bvo vielu. Smar\u017eas un arom\u0101tisk\u0101s kompoz\u012bcijas\/ Limonene.<\/p>\n<p>&nbsp;<\/p>\n<p><strong><img decoding=\"async\" alt=\"\" src=\"https:\/\/www.reach-compliance.ch\/images\/exclam1cols3.jpg\" style=\"height:40px; width:40px\" \/>GHS07 Uzman\u012bbu<\/strong><\/p>\n<p>H319 Izraisa nopietnu acu kairin\u0101jumu.<br \/>\nDro&scaron;\u012bbas pras\u012bbu apz\u012bm\u0113jumi:<br \/>\nP101 Medic\u012bniska padoma nepiecie&scaron;am\u012bbas gad\u012bjum\u0101 attiec\u012bg\u0101 inform\u0101cija ir nor\u0101d\u012bta uz iepakojuma vai eti\u0137etes.<br \/>\nP102 Sarg\u0101t no b\u0113rniem.<br \/>\nP264 P\u0113c izmanto&scaron;anas rokas k\u0101rt\u012bgi nomazg\u0101t.<br \/>\nP280 Izmantot acu aizsargus.<br \/>\nP305+P351+P338 Saskar\u0113 ar ac\u012bm: Uzman\u012bgi izskalot ar \u016bdeni vair\u0101kas min\u016btes. Iz\u0146emt kontaktl\u0113cas, ja t\u0101s ir ievietotas un ja to var vienk\u0101r&scaron;i izdar\u012bt. Turpin\u0101t skalot.<br \/>\nP337+P313 Ja acu iekaisums nep\u0101riet: l\u016bdziet medi\u0137u pal\u012bdz\u012bbu.<br \/>\nP501 Atbr\u012bvoties no satura\/tvertnes\/iepakojuma saska\u0146\u0101 ar valsts noteikumiem<br \/>\n&nbsp;<\/p>\n","protected":false},"excerpt":{"rendered":"<p>Videi draudz\u012bgs t\u012br\u012b&scaron;anas l\u012bdzeklis kr\u0101sn\u012bm, tvaika nos\u016bc\u0113jiem, mikrovi\u013c\u0146u kr\u0101sn\u012bm, fl\u012bz\u0113m un darba virsm\u0101m. Likvid\u0113 gatavo&scaron;anas laik\u0101 radu&scaron;os taukainos net\u012brumus. Pie&scaron;\u0137ir virsm\u0101m sp\u012bdumu un pat\u012bkamu arom\u0101tu. Lieto&scaron;ana: pagrieziet smidzin\u0101t\u0101ja uzgali poz\u012bcij\u0101 ON, izsmidziniet uz virsmas, \u013caujiet iedarboties da\u017eas min\u016btes un not\u012briet ar mitru lupati\u0146u. Piem\u0113rots notek\u016bde\u0146u biolo\u0123iskaj\u0101m att\u012br\u012b&scaron;anas iek\u0101rt\u0101m. Sast\u0101v\u0101: maz\u0101k par 5 % anjonu virsmakt\u012bvo [&#8230;]\n","protected":false},"featured_media":97956,"template":"","meta":[],"product_cat":[1466],"product_tag":[],"class_list":{"0":"post-30273","1":"product","2":"type-product","3":"status-publish","4":"has-post-thumbnail","6":"product_brand-vento_cz","7":"product_cat-virtuvei","9":"first","10":"outofstock","11":"taxable","12":"shipping-taxable","13":"product-type-simple"},"_links":{"self":[{"href":"https:\/\/e.kosmolat.eu\/lv\/wp-json\/wp\/v2\/product\/30273","targetHints":{"allow":["GET"]}}],"collection":[{"href":"https:\/\/e.kosmolat.eu\/lv\/wp-json\/wp\/v2\/product"}],"about":[{"href":"https:\/\/e.kosmolat.eu\/lv\/wp-json\/wp\/v2\/types\/product"}],"wp:featuredmedia":[{"embeddable":true,"href":"https:\/\/e.kosmolat.eu\/lv\/wp-json\/wp\/v2\/media\/97956"}],"wp:attachment":[{"href":"https:\/\/e.kosmolat.eu\/lv\/wp-json\/wp\/v2\/media?parent=30273"}],"wp:term":[{"taxonomy":"product_cat","embeddable":true,"href":"https:\/\/e.kosmolat.eu\/lv\/wp-json\/wp\/v2\/product_cat?post=30273"},{"taxonomy":"product_tag","embeddable":true,"href":"https:\/\/e.kosmolat.eu\/lv\/wp-json\/wp\/v2\/product_tag?post=30273"}],"curies":[{"name":"wp","href":"https:\/\/api.w.org\/{rel}","templated":true}]}}