{"id":30269,"date":"2023-12-19T20:28:20","date_gmt":"2023-12-19T20:28:20","guid":{"rendered":"https:\/\/e.kosmolat.eu\/product\/dr-house-eco-natur-trauku-mazg-lidzeklis-1-l\/"},"modified":"2026-05-08T23:18:51","modified_gmt":"2026-05-08T23:18:51","slug":"dr-house-eco-natur-trauku-mazg-lidzeklis-1-l","status":"publish","type":"product","link":"https:\/\/e.kosmolat.eu\/lv\/product\/dr-house-eco-natur-trauku-mazg-lidzeklis-1-l\/","title":{"rendered":"Dr.House Eco Natur Trauku mazg. l\u012bdzeklis, 1 l"},"content":{"rendered":"<p>Efekt\u012bvs, videi draudz\u012bgs trauku mazg\u0101&scaron;anas l\u012bdzeklis nodro&scaron;in\u0101s ide\u0101lu trauku t\u012br\u012bbu un sp\u012bdumu. Saudz\u012bgs pret roku \u0101du. Piem\u0113rots notek\u016bde\u0146u biolo\u0123iskaj\u0101m att\u012br\u012b&scaron;anas iek\u0101rt\u0101m.<\/p>\n<p><strong>Devas: <\/strong>ieteicam\u0101 deva uz 5 litriem \u016bdens: viegli net\u012briem traukiem &#8211; 5 ml (1 &frac14; t\u0113jkarote), net\u012briem traukiem &#8211; 8 ml (2 t\u0113jkarotes).<\/p>\n<p><strong>Sast\u0101v\u0101: <\/strong>maz\u0101k par 5 % anjonu virsmakt\u012bvo vielu, &nbsp;maz\u0101k par 5 % nejonu virsmakt\u012bvo vielu, maz\u0101k par 5 % amfot\u0113ro virsmakt\u012bvo vielu. Smar\u017eas un arom\u0101tisk\u0101s kompoz\u012bcijas\/ Limonene, Linalool. Konservants: Sodium Benzoate.<\/p>\n<p>&nbsp;<\/p>\n<p><strong><img decoding=\"async\" alt=\"\" src=\"https:\/\/www.reach-compliance.ch\/images\/exclam1cols3.jpg\" style=\"height:40px; width:40px\" \/>GHS07 Uzman\u012bbu<\/strong><\/p>\n<p>H319 Izraisa nopietnu acu kairin\u0101jumu.<\/p>\n<p>Dro&scaron;\u012bbas pras\u012bbu apz\u012bm\u0113jumi:<br \/>\nP101 Medic\u012bniska padoma nepiecie&scaron;am\u012bbas gad\u012bjum\u0101 attiec\u012bg\u0101 inform\u0101cija ir nor\u0101d\u012bta uz iepakojuma vai eti\u0137etes.<br \/>\nP102 Sarg\u0101t no b\u0113rniem.<br \/>\nP264 P\u0113c izmanto&scaron;anas rokas k\u0101rt\u012bgi nomazg\u0101t.<br \/>\nP280 Izmantot acu aizsargus.<br \/>\nP305+P351+P338 Saskar\u0113 ar ac\u012bm: Uzman\u012bgi izskalot ar \u016bdeni vair\u0101kas min\u016btes. Iz\u0146emt kontaktl\u0113cas, ja t\u0101s ir ievietotas un ja to var vienk\u0101r&scaron;i izdar\u012bt. Turpin\u0101t skalot.<br \/>\nP337+P313 Ja acu iekaisums nep\u0101riet: l\u016bdziet medi\u0137u pal\u012bdz\u012bbu.<br \/>\n&nbsp;<\/p>\n","protected":false},"excerpt":{"rendered":"<p>Efekt\u012bvs, videi draudz\u012bgs trauku mazg\u0101&scaron;anas l\u012bdzeklis nodro&scaron;in\u0101s ide\u0101lu trauku t\u012br\u012bbu un sp\u012bdumu. Saudz\u012bgs pret roku \u0101du. Piem\u0113rots notek\u016bde\u0146u biolo\u0123iskaj\u0101m att\u012br\u012b&scaron;anas iek\u0101rt\u0101m. Devas: ieteicam\u0101 deva uz 5 litriem \u016bdens: viegli net\u012briem traukiem &#8211; 5 ml (1 &frac14; t\u0113jkarote), net\u012briem traukiem &#8211; 8 ml (2 t\u0113jkarotes). Sast\u0101v\u0101: maz\u0101k par 5 % anjonu virsmakt\u012bvo vielu, &nbsp;maz\u0101k par 5 [&#8230;]\n","protected":false},"featured_media":97952,"template":"","meta":[],"product_cat":[1501],"product_tag":[],"class_list":{"0":"post-30269","1":"product","2":"type-product","3":"status-publish","4":"has-post-thumbnail","6":"product_brand-vento_cz","7":"product_cat-lidzekli-trauku-mazgasanai","9":"first","10":"instock","11":"taxable","12":"shipping-taxable","13":"product-type-simple"},"_links":{"self":[{"href":"https:\/\/e.kosmolat.eu\/lv\/wp-json\/wp\/v2\/product\/30269","targetHints":{"allow":["GET"]}}],"collection":[{"href":"https:\/\/e.kosmolat.eu\/lv\/wp-json\/wp\/v2\/product"}],"about":[{"href":"https:\/\/e.kosmolat.eu\/lv\/wp-json\/wp\/v2\/types\/product"}],"wp:featuredmedia":[{"embeddable":true,"href":"https:\/\/e.kosmolat.eu\/lv\/wp-json\/wp\/v2\/media\/97952"}],"wp:attachment":[{"href":"https:\/\/e.kosmolat.eu\/lv\/wp-json\/wp\/v2\/media?parent=30269"}],"wp:term":[{"taxonomy":"product_cat","embeddable":true,"href":"https:\/\/e.kosmolat.eu\/lv\/wp-json\/wp\/v2\/product_cat?post=30269"},{"taxonomy":"product_tag","embeddable":true,"href":"https:\/\/e.kosmolat.eu\/lv\/wp-json\/wp\/v2\/product_tag?post=30269"}],"curies":[{"name":"wp","href":"https:\/\/api.w.org\/{rel}","templated":true}]}}