{"id":30265,"date":"2023-12-19T20:27:55","date_gmt":"2023-12-19T20:27:55","guid":{"rendered":"https:\/\/e.kosmolat.eu\/product\/dr-house-eco-natur-vannas-istabas-tir-lidz-sprejs-500-ml\/"},"modified":"2026-04-15T06:24:02","modified_gmt":"2026-04-15T06:24:02","slug":"dr-house-eco-natur-vannas-istabas-tir-lidz-sprejs-500-ml","status":"publish","type":"product","link":"https:\/\/e.kosmolat.eu\/lv\/product\/dr-house-eco-natur-vannas-istabas-tir-lidz-sprejs-500-ml\/","title":{"rendered":"Dr.House Eco Natur Vannas istabas t\u012br.l\u012bdz.sprejs, 500 ml"},"content":{"rendered":"<p>Videi draudz\u012bgs t\u012br\u012b&scaron;anas l\u012bdzeklis efekt\u012bvai net\u012brumu, ziepju ple\u0137u, nos\u0113dumu un ka\u013c\u0137akmens nogul&scaron;\u0146u likvid\u0113&scaron;anai.<\/p>\n<p><strong>Lieto&scaron;ana: <\/strong>pagrieziet smidzin\u0101&scaron;anas uzgali poz\u012bcij\u0101 ON, izsmidziniet uz net\u012br\u0101s virsmas, \u013caujiet iedarboties k\u0101du laiku un not\u012briet ar mitru lupati\u0146u. Piem\u0113rots notek\u016bde\u0146u biolo\u0123iskaj\u0101m att\u012br\u012b&scaron;anas iek\u0101rt\u0101m.<\/p>\n<p><strong>Sast\u0101v\u0101: <\/strong>maz\u0101k par 5 % anjonu virsmakt\u012bvo vielu, &nbsp;maz\u0101k par 5 % nejonu virsmakt\u012bvo vielu. Citronsk\u0101be. Smar\u017eas un arom\u0101tisk\u0101s kompoz\u012bcijas\/ Hexyl Cinnamal, Linalool. Konservants: Sodium Benzoate.<\/p>\n<p>&nbsp;<\/p>\n<p><strong><img decoding=\"async\" alt=\"\" src=\"https:\/\/www.reach-compliance.ch\/images\/exclam1cols3.jpg\" style=\"height:40px; width:40px\" \/>GHS07 Uzman\u012bbu<\/strong><\/p>\n<p>H319 Izraisa nopietnu acu kairin\u0101jumu.<\/p>\n<p>Dro&scaron;\u012bbas pras\u012bbu apz\u012bm\u0113jumi:<br \/>\nP101 Medic\u012bniska padoma nepiecie&scaron;am\u012bbas gad\u012bjum\u0101 attiec\u012bg\u0101 inform\u0101cija ir nor\u0101d\u012bta uz iepakojuma vai eti\u0137etes.<br \/>\nP102 Sarg\u0101t no b\u0113rniem.<br \/>\nP264 P\u0113c izmanto&scaron;anas rokas k\u0101rt\u012bgi nomazg\u0101t.<br \/>\nP280 Izmantot acu aizsargus.<br \/>\nP305+P351+P338 Saskar\u0113 ar ac\u012bm: Uzman\u012bgi izskalot ar \u016bdeni vair\u0101kas min\u016btes. Iz\u0146emt kontaktl\u0113cas, ja t\u0101s ir ievietotas un ja to var vienk\u0101r&scaron;i izdar\u012bt. Turpin\u0101t skalot.<br \/>\nP337+P313 Ja acu iekaisums nep\u0101riet: l\u016bdziet medi\u0137u pal\u012bdz\u012bbu.<br \/>\n&nbsp;<\/p>\n","protected":false},"excerpt":{"rendered":"<p>Videi draudz\u012bgs t\u012br\u012b&scaron;anas l\u012bdzeklis efekt\u012bvai net\u012brumu, ziepju ple\u0137u, nos\u0113dumu un ka\u013c\u0137akmens nogul&scaron;\u0146u likvid\u0113&scaron;anai. Lieto&scaron;ana: pagrieziet smidzin\u0101&scaron;anas uzgali poz\u012bcij\u0101 ON, izsmidziniet uz net\u012br\u0101s virsmas, \u013caujiet iedarboties k\u0101du laiku un not\u012briet ar mitru lupati\u0146u. Piem\u0113rots notek\u016bde\u0146u biolo\u0123iskaj\u0101m att\u012br\u012b&scaron;anas iek\u0101rt\u0101m. Sast\u0101v\u0101: maz\u0101k par 5 % anjonu virsmakt\u012bvo vielu, &nbsp;maz\u0101k par 5 % nejonu virsmakt\u012bvo vielu. Citronsk\u0101be. Smar\u017eas un [&#8230;]\n","protected":false},"featured_media":97948,"template":"","meta":[],"product_cat":[1453],"product_tag":[],"class_list":{"0":"post-30265","1":"product","2":"type-product","3":"status-publish","4":"has-post-thumbnail","6":"product_brand-vento_cz","7":"product_cat-vonios-kambariui-ir-tualetui","9":"first","10":"instock","11":"taxable","12":"shipping-taxable","13":"product-type-simple"},"_links":{"self":[{"href":"https:\/\/e.kosmolat.eu\/lv\/wp-json\/wp\/v2\/product\/30265","targetHints":{"allow":["GET"]}}],"collection":[{"href":"https:\/\/e.kosmolat.eu\/lv\/wp-json\/wp\/v2\/product"}],"about":[{"href":"https:\/\/e.kosmolat.eu\/lv\/wp-json\/wp\/v2\/types\/product"}],"wp:featuredmedia":[{"embeddable":true,"href":"https:\/\/e.kosmolat.eu\/lv\/wp-json\/wp\/v2\/media\/97948"}],"wp:attachment":[{"href":"https:\/\/e.kosmolat.eu\/lv\/wp-json\/wp\/v2\/media?parent=30265"}],"wp:term":[{"taxonomy":"product_cat","embeddable":true,"href":"https:\/\/e.kosmolat.eu\/lv\/wp-json\/wp\/v2\/product_cat?post=30265"},{"taxonomy":"product_tag","embeddable":true,"href":"https:\/\/e.kosmolat.eu\/lv\/wp-json\/wp\/v2\/product_tag?post=30265"}],"curies":[{"name":"wp","href":"https:\/\/api.w.org\/{rel}","templated":true}]}}